{"id":17846,"date":"2026-03-12T00:28:02","date_gmt":"2026-03-11T23:28:02","guid":{"rendered":"https:\/\/antiquariat-steinbach.com\/rarebooks\/produkt\/wuethrich-peter-hard-love\/"},"modified":"2026-03-12T00:28:05","modified_gmt":"2026-03-11T23:28:05","slug":"wuethrich-peter-hard-love","status":"publish","type":"product","link":"https:\/\/antiquariat-steinbach.com\/rarebooks\/produkt\/wuethrich-peter-hard-love\/","title":{"rendered":"W\u00fcthrich, Peter. &#8211;  Hard Love."},"content":{"rendered":"<p>N\u00fcrnberg, Verlag f\u00fcr moderne Kunst,  1999.<\/p>\n<p>27,5 : 21 cm. 97 pages with many coloured plates and illustrations.  Original boards.<\/p>\n<p>35,00 EUR<\/p>\n","protected":false},"excerpt":{"rendered":"<p>Signed by the artist on front pre-title. &#8211; Text in English and German, with a list of exhibitions, bibliography.<\/p>\n","protected":false},"featured_media":23535,"template":"","meta":[],"product_brand":[],"product_cat":[100,43,40,914],"product_tag":[],"class_list":{"0":"post-17846","1":"product","2":"type-product","3":"status-publish","4":"has-post-thumbnail","6":"product_cat-helvetica","7":"product_cat-illustrierte-buecher","8":"product_cat-kuenstlermonographien","9":"product_cat-zvab","11":"first","12":"instock","13":"purchasable","14":"product-type-simple"},"_links":{"self":[{"href":"https:\/\/antiquariat-steinbach.com\/rarebooks\/wp-json\/wp\/v2\/product\/17846","targetHints":{"allow":["GET"]}}],"collection":[{"href":"https:\/\/antiquariat-steinbach.com\/rarebooks\/wp-json\/wp\/v2\/product"}],"about":[{"href":"https:\/\/antiquariat-steinbach.com\/rarebooks\/wp-json\/wp\/v2\/types\/product"}],"version-history":[{"count":2,"href":"https:\/\/antiquariat-steinbach.com\/rarebooks\/wp-json\/wp\/v2\/product\/17846\/revisions"}],"predecessor-version":[{"id":22451,"href":"https:\/\/antiquariat-steinbach.com\/rarebooks\/wp-json\/wp\/v2\/product\/17846\/revisions\/22451"}],"wp:featuredmedia":[{"embeddable":true,"href":"https:\/\/antiquariat-steinbach.com\/rarebooks\/wp-json\/wp\/v2\/media\/23535"}],"wp:attachment":[{"href":"https:\/\/antiquariat-steinbach.com\/rarebooks\/wp-json\/wp\/v2\/media?parent=17846"}],"wp:term":[{"taxonomy":"product_brand","embeddable":true,"href":"https:\/\/antiquariat-steinbach.com\/rarebooks\/wp-json\/wp\/v2\/product_brand?post=17846"},{"taxonomy":"product_cat","embeddable":true,"href":"https:\/\/antiquariat-steinbach.com\/rarebooks\/wp-json\/wp\/v2\/product_cat?post=17846"},{"taxonomy":"product_tag","embeddable":true,"href":"https:\/\/antiquariat-steinbach.com\/rarebooks\/wp-json\/wp\/v2\/product_tag?post=17846"}],"curies":[{"name":"wp","href":"https:\/\/api.w.org\/{rel}","templated":true}]}}