{"id":17830,"date":"2026-03-12T00:26:53","date_gmt":"2026-03-11T23:26:53","guid":{"rendered":"https:\/\/antiquariat-steinbach.com\/rarebooks\/produkt\/wine-goethe-hermann-weinbau-trotz-reblaus-viniculture-despite-wine-fretter-volksthuemliche-belehrung-ueber-die-reblaus-und-ueber-ihre-bekaempfung-durch-amerikanische-reben-und-deren-veredelung-z\/"},"modified":"2026-03-12T00:26:53","modified_gmt":"2026-03-11T23:26:53","slug":"wine-goethe-hermann-weinbau-trotz-reblaus-viniculture-despite-wine-fretter-volksthuemliche-belehrung-ueber-die-reblaus-und-ueber-ihre-bekaempfung-durch-amerikanische-reben-und-deren-vered","status":"publish","type":"product","link":"https:\/\/antiquariat-steinbach.com\/rarebooks\/produkt\/wine-goethe-hermann-weinbau-trotz-reblaus-viniculture-despite-wine-fretter-volksthuemliche-belehrung-ueber-die-reblaus-und-ueber-ihre-bekaempfung-durch-amerikanische-reben-und-deren-vered\/","title":{"rendered":"Wine &#8211;   Goethe, Hermann. &#8211;  Weinbau trotz Reblaus. (Viniculture despite wine fretter). Volksth\u00fcmliche Belehrung \u00fcber die Reblaus und \u00fcber ihre Bek\u00e4mpfung durch amerikanische Reben und deren Veredelung zum Schtze verseuchter und bedrohter Weing\u00e4rten."},"content":{"rendered":"<p>Graz, 1890.<\/p>\n<p>24,5 : 16 cm. 24 pages, 4 plates with 21 coloured illustrations. Typographic printed original wrappers.<\/p>\n<p>250,00 EUR<\/p>\n","protected":false},"excerpt":{"rendered":"<p>Fight against the wine-fretter with the help of American grapes in parts of Austria. &#8211; Wrappers loose. &#8211; Rare.<\/p>\n","protected":false},"featured_media":0,"template":"","meta":[],"product_brand":[],"product_cat":[58,127,554,914],"product_tag":[],"class_list":{"0":"post-17830","1":"product","2":"type-product","3":"status-publish","5":"product_cat-gastronomie","6":"product_cat-landwirtschaft","7":"product_cat-wein","8":"product_cat-zvab","10":"first","11":"instock","12":"purchasable","13":"product-type-simple"},"_links":{"self":[{"href":"https:\/\/antiquariat-steinbach.com\/rarebooks\/wp-json\/wp\/v2\/product\/17830","targetHints":{"allow":["GET"]}}],"collection":[{"href":"https:\/\/antiquariat-steinbach.com\/rarebooks\/wp-json\/wp\/v2\/product"}],"about":[{"href":"https:\/\/antiquariat-steinbach.com\/rarebooks\/wp-json\/wp\/v2\/types\/product"}],"version-history":[{"count":2,"href":"https:\/\/antiquariat-steinbach.com\/rarebooks\/wp-json\/wp\/v2\/product\/17830\/revisions"}],"predecessor-version":[{"id":22403,"href":"https:\/\/antiquariat-steinbach.com\/rarebooks\/wp-json\/wp\/v2\/product\/17830\/revisions\/22403"}],"wp:attachment":[{"href":"https:\/\/antiquariat-steinbach.com\/rarebooks\/wp-json\/wp\/v2\/media?parent=17830"}],"wp:term":[{"taxonomy":"product_brand","embeddable":true,"href":"https:\/\/antiquariat-steinbach.com\/rarebooks\/wp-json\/wp\/v2\/product_brand?post=17830"},{"taxonomy":"product_cat","embeddable":true,"href":"https:\/\/antiquariat-steinbach.com\/rarebooks\/wp-json\/wp\/v2\/product_cat?post=17830"},{"taxonomy":"product_tag","embeddable":true,"href":"https:\/\/antiquariat-steinbach.com\/rarebooks\/wp-json\/wp\/v2\/product_tag?post=17830"}],"curies":[{"name":"wp","href":"https:\/\/api.w.org\/{rel}","templated":true}]}}