{"id":17791,"date":"2026-03-12T00:26:27","date_gmt":"2026-03-11T23:26:27","guid":{"rendered":"https:\/\/antiquariat-steinbach.com\/rarebooks\/produkt\/weber-ernst-stadt-und-land-deutsches-leben-im-haeusermeer-der-grossstadt-und-auf-den-stillen-inseln-des-landes\/"},"modified":"2026-03-12T00:26:29","modified_gmt":"2026-03-11T23:26:29","slug":"weber-ernst-stadt-und-land-deutsches-leben-im-haeusermeer-der-grossstadt-und-auf-den-stillen-inseln-des-landes","status":"publish","type":"product","link":"https:\/\/antiquariat-steinbach.com\/rarebooks\/produkt\/weber-ernst-stadt-und-land-deutsches-leben-im-haeusermeer-der-grossstadt-und-auf-den-stillen-inseln-des-landes\/","title":{"rendered":"Weber, Ernst. &#8211;  Stadt und Land. Deutsches Leben im H\u00e4usermeer der Gro\u00dfstadt und auf den stillen Inseln des Landes."},"content":{"rendered":"<p>M\u00fcnchen, Callwey,  1903<\/p>\n<p>20,5 : 16 cm. 78 Seiten, 2 Blatt, mit Illustratioen von J. Cissarz. Farbig illustrierter Original Karton<\/p>\n<p>30,00 EUR<\/p>\n","protected":false},"excerpt":{"rendered":"<p>Der deutsche Spielmann, Band 18.<\/p>\n","protected":false},"featured_media":0,"template":"","meta":[],"product_brand":[],"product_cat":[74,97,32,914],"product_tag":[],"class_list":{"0":"post-17791","1":"product","2":"type-product","3":"status-publish","5":"product_cat-deutschland","6":"product_cat-geschichte","7":"product_cat-literatur","8":"product_cat-zvab","10":"first","11":"instock","12":"purchasable","13":"product-type-simple"},"_links":{"self":[{"href":"https:\/\/antiquariat-steinbach.com\/rarebooks\/wp-json\/wp\/v2\/product\/17791","targetHints":{"allow":["GET"]}}],"collection":[{"href":"https:\/\/antiquariat-steinbach.com\/rarebooks\/wp-json\/wp\/v2\/product"}],"about":[{"href":"https:\/\/antiquariat-steinbach.com\/rarebooks\/wp-json\/wp\/v2\/types\/product"}],"version-history":[{"count":2,"href":"https:\/\/antiquariat-steinbach.com\/rarebooks\/wp-json\/wp\/v2\/product\/17791\/revisions"}],"predecessor-version":[{"id":22258,"href":"https:\/\/antiquariat-steinbach.com\/rarebooks\/wp-json\/wp\/v2\/product\/17791\/revisions\/22258"}],"wp:attachment":[{"href":"https:\/\/antiquariat-steinbach.com\/rarebooks\/wp-json\/wp\/v2\/media?parent=17791"}],"wp:term":[{"taxonomy":"product_brand","embeddable":true,"href":"https:\/\/antiquariat-steinbach.com\/rarebooks\/wp-json\/wp\/v2\/product_brand?post=17791"},{"taxonomy":"product_cat","embeddable":true,"href":"https:\/\/antiquariat-steinbach.com\/rarebooks\/wp-json\/wp\/v2\/product_cat?post=17791"},{"taxonomy":"product_tag","embeddable":true,"href":"https:\/\/antiquariat-steinbach.com\/rarebooks\/wp-json\/wp\/v2\/product_tag?post=17791"}],"curies":[{"name":"wp","href":"https:\/\/api.w.org\/{rel}","templated":true}]}}