{"id":17765,"date":"2026-03-12T00:24:56","date_gmt":"2026-03-11T23:24:56","guid":{"rendered":"https:\/\/antiquariat-steinbach.com\/rarebooks\/produkt\/umfangreiche-sammlung-von-werbezettel-und-abbildungen-fuer-verschiedenste-dinge\/"},"modified":"2026-03-12T00:24:56","modified_gmt":"2026-03-11T23:24:56","slug":"umfangreiche-sammlung-von-werbezettel-und-abbildungen-fuer-verschiedenste-dinge","status":"publish","type":"product","link":"https:\/\/antiquariat-steinbach.com\/rarebooks\/produkt\/umfangreiche-sammlung-von-werbezettel-und-abbildungen-fuer-verschiedenste-dinge\/","title":{"rendered":"Umfangreiche Sammlung von Werbezettel und Abbildungen f\u00fcr verschiedenste Dinge."},"content":{"rendered":"<p>Meist \u00d6sterreich 1890-1910<\/p>\n<p>Unterschiedliche Formate Auf unterschiedliche Papiere gedruck, teils in Holzschnitt, Lithographie.<\/p>\n<p>80,00 EUR<\/p>\n","protected":false},"excerpt":{"rendered":"<p>Unter den Werbezetteln sind: Beleuchtungshaus Walter Wien &#8211; Berlin &#8211; Prima N\u00e4hzwirn f\u00fcr Hand u. Maschine &#8211; Orig. Americ. Jazz Band &#8211; Gaugl &#038; Trostler, Maschinen &#8211; Technische Lederriemen-Werke Vinzenz-Stransky &#8211; Alfa-Laval-Separator- Pelz-Werkst\u00e4tte Stein &#038; Littner &#8211; Veuve liquot Chapagne usw. eiters Abbildungen von Gewehren, Maschinen f\u00fcr die Landwirtschaft, techn ische Ger\u00e4te, Geschirr, Lederwaren und Koffer, verschiedene M\u00f6be, Musikinstrumentel u.v.a.<\/p>\n","protected":false},"featured_media":18208,"template":"","meta":[],"product_brand":[],"product_cat":[294,602,232,77,87,914],"product_tag":[],"class_list":{"0":"post-17765","1":"product","2":"type-product","3":"status-publish","4":"has-post-thumbnail","6":"product_cat-curiosa","7":"product_cat-leder","8":"product_cat-moebel","9":"product_cat-technik","10":"product_cat-werbung","11":"product_cat-zvab","13":"first","14":"instock","15":"purchasable","16":"product-type-simple"},"_links":{"self":[{"href":"https:\/\/antiquariat-steinbach.com\/rarebooks\/wp-json\/wp\/v2\/product\/17765","targetHints":{"allow":["GET"]}}],"collection":[{"href":"https:\/\/antiquariat-steinbach.com\/rarebooks\/wp-json\/wp\/v2\/product"}],"about":[{"href":"https:\/\/antiquariat-steinbach.com\/rarebooks\/wp-json\/wp\/v2\/types\/product"}],"version-history":[{"count":1,"href":"https:\/\/antiquariat-steinbach.com\/rarebooks\/wp-json\/wp\/v2\/product\/17765\/revisions"}],"predecessor-version":[{"id":17766,"href":"https:\/\/antiquariat-steinbach.com\/rarebooks\/wp-json\/wp\/v2\/product\/17765\/revisions\/17766"}],"wp:featuredmedia":[{"embeddable":true,"href":"https:\/\/antiquariat-steinbach.com\/rarebooks\/wp-json\/wp\/v2\/media\/18208"}],"wp:attachment":[{"href":"https:\/\/antiquariat-steinbach.com\/rarebooks\/wp-json\/wp\/v2\/media?parent=17765"}],"wp:term":[{"taxonomy":"product_brand","embeddable":true,"href":"https:\/\/antiquariat-steinbach.com\/rarebooks\/wp-json\/wp\/v2\/product_brand?post=17765"},{"taxonomy":"product_cat","embeddable":true,"href":"https:\/\/antiquariat-steinbach.com\/rarebooks\/wp-json\/wp\/v2\/product_cat?post=17765"},{"taxonomy":"product_tag","embeddable":true,"href":"https:\/\/antiquariat-steinbach.com\/rarebooks\/wp-json\/wp\/v2\/product_tag?post=17765"}],"curies":[{"name":"wp","href":"https:\/\/api.w.org\/{rel}","templated":true}]}}