{"id":1775,"date":"2026-03-12T00:04:18","date_gmt":"2026-03-11T23:04:18","guid":{"rendered":"http:\/\/antiquariat-steinbach.com\/rarebooks\/produkt\/das-leben-des-goetz-von-berlichingen-von-ihm-selbst-erzaehlt\/"},"modified":"2026-03-12T00:04:20","modified_gmt":"2026-03-11T23:04:20","slug":"corinth-goethe-johann-wolfgang-von-das-leben-des-goetz-von-berlichingen-von-ihm-selbst-erzaehlt","status":"publish","type":"product","link":"https:\/\/antiquariat-steinbach.com\/rarebooks\/produkt\/corinth-goethe-johann-wolfgang-von-das-leben-des-goetz-von-berlichingen-von-ihm-selbst-erzaehlt\/","title":{"rendered":"Corinth &#8211;   (Goethe, Johann Wolfgang von): &#8211;  Das Leben des G\u00f6tz von Berlichingen, von ihm selbst erz\u00e4hlt."},"content":{"rendered":"<p>Berlin, Gurlitt 1920.<\/p>\n<p>46 : 39 cm. 46 Seiten, 3 Blatt mit 14 signierten Original-Lithographien und 11 Initialen von Lovis Corinth. Original-Halbpergamentband mit signierter Original-Lithographie von Corinth auf dem Vorderdeckel.<\/p>\n<p>5800,00 EUR<\/p>\n","protected":false},"excerpt":{"rendered":"<p>Sehr seltenes Belegexemplar des Verlages bezeichnet mit B.E.III. Wohl au\u00dferhalb der Auflage der Ausgabe A von 15 bzw. 50 Exemplaren auf handgesch\u00f6pftem Zandersb\u00fctten, aber ohne die beiden zus\u00e4tzlichen Lithographien der ersten 15 Exemplare. S\u00e4mtliche Lithographien, auch die Einbandlithographie, sowie der Druckvermerk von Corinth signiert. Bei Otto von Holten in Berlin gedruckt. Freie, gro\u00dfz\u00fcgige Illustrationen. &#8211; &#8222;Corinths G\u00f6tz-Buch&#8230;d\u00fcrfte als eine der gelungendsten Neuerscheinungen eines mittelalterlichen Werkes, frisch belebt und neu empfunden, gelten&#8220; (Schwarz). &#8211; Drucke der Gurlitt-Presse, Die Neuen Bilderb\u00fccher, II. Folge. &#8211; Sauberes, breitrandiges Exemplar; Vorderdeckel minimal angestaubt, Bezug des R\u00fcckdeckels unmerklich fachm\u00e4nnisch erneuert. &#8211;  Schwarz L 399 (kennt keine Belegexemplare).<\/p>\n","protected":false},"featured_media":0,"template":"","meta":[],"product_brand":[],"product_cat":[29,43,333,914],"product_tag":[],"class_list":{"0":"post-1775","1":"product","2":"type-product","3":"status-publish","5":"product_cat-20-jahrhundert","6":"product_cat-illustrierte-buecher","7":"product_cat-s14","8":"product_cat-zvab","10":"first","11":"instock","12":"purchasable","13":"product-type-simple"},"_links":{"self":[{"href":"https:\/\/antiquariat-steinbach.com\/rarebooks\/wp-json\/wp\/v2\/product\/1775","targetHints":{"allow":["GET"]}}],"collection":[{"href":"https:\/\/antiquariat-steinbach.com\/rarebooks\/wp-json\/wp\/v2\/product"}],"about":[{"href":"https:\/\/antiquariat-steinbach.com\/rarebooks\/wp-json\/wp\/v2\/types\/product"}],"version-history":[{"count":3,"href":"https:\/\/antiquariat-steinbach.com\/rarebooks\/wp-json\/wp\/v2\/product\/1775\/revisions"}],"predecessor-version":[{"id":19015,"href":"https:\/\/antiquariat-steinbach.com\/rarebooks\/wp-json\/wp\/v2\/product\/1775\/revisions\/19015"}],"wp:attachment":[{"href":"https:\/\/antiquariat-steinbach.com\/rarebooks\/wp-json\/wp\/v2\/media?parent=1775"}],"wp:term":[{"taxonomy":"product_brand","embeddable":true,"href":"https:\/\/antiquariat-steinbach.com\/rarebooks\/wp-json\/wp\/v2\/product_brand?post=1775"},{"taxonomy":"product_cat","embeddable":true,"href":"https:\/\/antiquariat-steinbach.com\/rarebooks\/wp-json\/wp\/v2\/product_cat?post=1775"},{"taxonomy":"product_tag","embeddable":true,"href":"https:\/\/antiquariat-steinbach.com\/rarebooks\/wp-json\/wp\/v2\/product_tag?post=1775"}],"curies":[{"name":"wp","href":"https:\/\/api.w.org\/{rel}","templated":true}]}}