{"id":17742,"date":"2026-03-12T00:24:41","date_gmt":"2026-03-11T23:24:41","guid":{"rendered":"https:\/\/antiquariat-steinbach.com\/rarebooks\/produkt\/tieber-ben-auch-bernhard-theaterdirektor-1867-1925-2-1-handschriftlich-und-1-maschinengeschriebene-briefe-mit-eigenhaendiger-unterschrift\/"},"modified":"2026-03-12T00:24:43","modified_gmt":"2026-03-11T23:24:43","slug":"tieber-ben-auch-bernhard-theaterdirektor-1867-1925-2-1-handschriftlich-und-1-maschinengeschriebene-briefe-mit-eigenhaendiger-unterschrift","status":"publish","type":"product","link":"https:\/\/antiquariat-steinbach.com\/rarebooks\/produkt\/tieber-ben-auch-bernhard-theaterdirektor-1867-1925-2-1-handschriftlich-und-1-maschinengeschriebene-briefe-mit-eigenhaendiger-unterschrift\/","title":{"rendered":"Tieber, (Ben (auch Bernhard). Theaterdirektor (1867-1925). &#8211;  2 (1 handschriftlich und 1 maschinengeschriebene) Briefe mit eigenh\u00e4ndiger Unterschrift."},"content":{"rendered":"<p>Wien Dezember 1915 und Februar 1916<\/p>\n<p>29 : 22 cm. Zusammen 2 Seiten<\/p>\n<p>80,00 EUR<\/p>\n","protected":false},"excerpt":{"rendered":"<p>An den Schauspieler, Regisseur und Drehbuchautor Hubert Marischka, dem er &#8222;f\u00fcr den Monat Dezember eine Remuneration&#8220; (3. XII.) und &#8222;auch f\u00fcr den Monat Februar eine freiwillige Bonifikation&#8220; (29.II.) zukommen l\u00e4\u00dft. &#8211; Jeweils auf Briefpapier mit unterschiedlich gestalteten Briefkopf von &#8222;Ben Tieber&#8217;s Apollo-Variet\u00e9-Theater&#8220;. &#8211; Mit kleinen Randl\u00e4suren; der handschriftliche Brief etwas verwaschen.<\/p>\n","protected":false},"featured_media":18159,"template":"","meta":[],"product_brand":[],"product_cat":[186,144,145,90,914],"product_tag":[],"class_list":{"0":"post-17742","1":"product","2":"type-product","3":"status-publish","4":"has-post-thumbnail","6":"product_cat-autographen","7":"product_cat-musik","8":"product_cat-theater","9":"product_cat-viennensia","10":"product_cat-zvab","12":"first","13":"instock","14":"purchasable","15":"product-type-simple"},"_links":{"self":[{"href":"https:\/\/antiquariat-steinbach.com\/rarebooks\/wp-json\/wp\/v2\/product\/17742","targetHints":{"allow":["GET"]}}],"collection":[{"href":"https:\/\/antiquariat-steinbach.com\/rarebooks\/wp-json\/wp\/v2\/product"}],"about":[{"href":"https:\/\/antiquariat-steinbach.com\/rarebooks\/wp-json\/wp\/v2\/types\/product"}],"version-history":[{"count":2,"href":"https:\/\/antiquariat-steinbach.com\/rarebooks\/wp-json\/wp\/v2\/product\/17742\/revisions"}],"predecessor-version":[{"id":22015,"href":"https:\/\/antiquariat-steinbach.com\/rarebooks\/wp-json\/wp\/v2\/product\/17742\/revisions\/22015"}],"wp:featuredmedia":[{"embeddable":true,"href":"https:\/\/antiquariat-steinbach.com\/rarebooks\/wp-json\/wp\/v2\/media\/18159"}],"wp:attachment":[{"href":"https:\/\/antiquariat-steinbach.com\/rarebooks\/wp-json\/wp\/v2\/media?parent=17742"}],"wp:term":[{"taxonomy":"product_brand","embeddable":true,"href":"https:\/\/antiquariat-steinbach.com\/rarebooks\/wp-json\/wp\/v2\/product_brand?post=17742"},{"taxonomy":"product_cat","embeddable":true,"href":"https:\/\/antiquariat-steinbach.com\/rarebooks\/wp-json\/wp\/v2\/product_cat?post=17742"},{"taxonomy":"product_tag","embeddable":true,"href":"https:\/\/antiquariat-steinbach.com\/rarebooks\/wp-json\/wp\/v2\/product_tag?post=17742"}],"curies":[{"name":"wp","href":"https:\/\/api.w.org\/{rel}","templated":true}]}}