{"id":1753,"date":"2026-03-12T00:04:16","date_gmt":"2026-03-11T23:04:16","guid":{"rendered":"http:\/\/antiquariat-steinbach.com\/rarebooks\/produkt\/del-vocabolario-degli-accademici-della-crusca\/"},"modified":"2026-03-12T00:04:18","modified_gmt":"2026-03-11T23:04:18","slug":"compendio-del-vocabolario-degli-accademici-della-crusca-2","status":"publish","type":"product","link":"https:\/\/antiquariat-steinbach.com\/rarebooks\/produkt\/compendio-del-vocabolario-degli-accademici-della-crusca-2\/","title":{"rendered":"Compendio: &#8211;  del Vocabolario degli Accademici della Crusca."},"content":{"rendered":"<p>Florenz, Domenico Maria Manni 1739.<\/p>\n<p>5 B\u00e4nde. X, 686 Seiten, 1 Blatt; 656; 524; 655; 554 Seiten Mit 5 (wiederholten) gestochenen Titelvignetten, 39 gestochenen Vignetten und 42 gestochenen Initialen. Halblederb\u00e4nde der Zeit mit etwas R\u00fcckenvergoldung und R\u00fcckenschild.<\/p>\n<p>750,00 EUR<\/p>\n","protected":false},"excerpt":{"rendered":"<p>Vierte Auflage, herausgegeben in Florenz mit interessanen Erg\u00e4nzungen von Francesco Martini. &#8211; Die erste Ausgabe dieses  &#8218;Vovabolario degli Academici della Crusca&#8216;, initiert von Leonardo Salviati (1539-1589), wurde 1612 von Giovanni Alberti herausgegeben. Dieses &#8218;Vocabulorio&#8216; diente als Model f\u00fcr viele andere die folgen sollten. &#8211; Einb\u00e4nde etwas berieben, sonst gutes Exemplar.<\/p>\n","protected":false},"featured_media":0,"template":"","meta":[],"product_brand":[],"product_cat":[104,59,413,914],"product_tag":[],"class_list":{"0":"post-1753","1":"product","2":"type-product","3":"status-publish","5":"product_cat-italien","6":"product_cat-kulturgeschichte","7":"product_cat-woerterbuecher","8":"product_cat-zvab","10":"first","11":"instock","12":"purchasable","13":"product-type-simple"},"_links":{"self":[{"href":"https:\/\/antiquariat-steinbach.com\/rarebooks\/wp-json\/wp\/v2\/product\/1753","targetHints":{"allow":["GET"]}}],"collection":[{"href":"https:\/\/antiquariat-steinbach.com\/rarebooks\/wp-json\/wp\/v2\/product"}],"about":[{"href":"https:\/\/antiquariat-steinbach.com\/rarebooks\/wp-json\/wp\/v2\/types\/product"}],"version-history":[{"count":3,"href":"https:\/\/antiquariat-steinbach.com\/rarebooks\/wp-json\/wp\/v2\/product\/1753\/revisions"}],"predecessor-version":[{"id":19008,"href":"https:\/\/antiquariat-steinbach.com\/rarebooks\/wp-json\/wp\/v2\/product\/1753\/revisions\/19008"}],"wp:attachment":[{"href":"https:\/\/antiquariat-steinbach.com\/rarebooks\/wp-json\/wp\/v2\/media?parent=1753"}],"wp:term":[{"taxonomy":"product_brand","embeddable":true,"href":"https:\/\/antiquariat-steinbach.com\/rarebooks\/wp-json\/wp\/v2\/product_brand?post=1753"},{"taxonomy":"product_cat","embeddable":true,"href":"https:\/\/antiquariat-steinbach.com\/rarebooks\/wp-json\/wp\/v2\/product_cat?post=1753"},{"taxonomy":"product_tag","embeddable":true,"href":"https:\/\/antiquariat-steinbach.com\/rarebooks\/wp-json\/wp\/v2\/product_tag?post=1753"}],"curies":[{"name":"wp","href":"https:\/\/api.w.org\/{rel}","templated":true}]}}