{"id":17519,"date":"2026-03-12T00:22:28","date_gmt":"2026-03-11T23:22:28","guid":{"rendered":"https:\/\/antiquariat-steinbach.com\/rarebooks\/produkt\/schubert-schubartversuch-ueber-das-privatleben-der-maria-antonette-von-oestreich-koenigin-von-frankreich\/"},"modified":"2026-03-12T00:22:28","modified_gmt":"2026-03-11T23:22:28","slug":"schubert-schubart-versuch-ueber-das-privatleben-der-maria-antonette-von-oestreich-koenigin-von-frankreich","status":"publish","type":"product","link":"https:\/\/antiquariat-steinbach.com\/rarebooks\/produkt\/schubert-schubart-versuch-ueber-das-privatleben-der-maria-antonette-von-oestreich-koenigin-von-frankreich\/","title":{"rendered":"(Schubert (Schubart): &#8211;  Versuch \u00fcber das Privatleben der Maria-Antonette von Oestreich, K\u00f6nigin von Frankreich."},"content":{"rendered":"<p>Oldenburg bzw. Frankfurt und Leipzig, Valentin bzw. (Mannheim, L\u00f6ffler) 1789.<\/p>\n<p>2 Teile in 1 Band. 17 : 10,5 cm. 109; 54 Seiten Pergaminband der Zeit.<\/p>\n<p>450,00 EUR<\/p>\n","protected":false},"excerpt":{"rendered":"<p>Sehr selten. &#8211; Etwas fleckig, die Ansicht der Bastille (Frontispiz zu Vulpius) nur Bruchst\u00fcckhaft vorhanden; Buchblock gelockert. &#8211;  Holzmann\/B. IV, 9562.<\/p>\n","protected":false},"featured_media":18089,"template":"","meta":[],"product_brand":[],"product_cat":[97,298,59,255,914],"product_tag":[],"class_list":{"0":"post-17519","1":"product","2":"type-product","3":"status-publish","4":"has-post-thumbnail","6":"product_cat-geschichte","7":"product_cat-josephinica","8":"product_cat-kulturgeschichte","9":"product_cat-seltener-sammelband","10":"product_cat-zvab","12":"first","13":"instock","14":"purchasable","15":"product-type-simple"},"_links":{"self":[{"href":"https:\/\/antiquariat-steinbach.com\/rarebooks\/wp-json\/wp\/v2\/product\/17519","targetHints":{"allow":["GET"]}}],"collection":[{"href":"https:\/\/antiquariat-steinbach.com\/rarebooks\/wp-json\/wp\/v2\/product"}],"about":[{"href":"https:\/\/antiquariat-steinbach.com\/rarebooks\/wp-json\/wp\/v2\/types\/product"}],"version-history":[{"count":2,"href":"https:\/\/antiquariat-steinbach.com\/rarebooks\/wp-json\/wp\/v2\/product\/17519\/revisions"}],"predecessor-version":[{"id":21658,"href":"https:\/\/antiquariat-steinbach.com\/rarebooks\/wp-json\/wp\/v2\/product\/17519\/revisions\/21658"}],"wp:featuredmedia":[{"embeddable":true,"href":"https:\/\/antiquariat-steinbach.com\/rarebooks\/wp-json\/wp\/v2\/media\/18089"}],"wp:attachment":[{"href":"https:\/\/antiquariat-steinbach.com\/rarebooks\/wp-json\/wp\/v2\/media?parent=17519"}],"wp:term":[{"taxonomy":"product_brand","embeddable":true,"href":"https:\/\/antiquariat-steinbach.com\/rarebooks\/wp-json\/wp\/v2\/product_brand?post=17519"},{"taxonomy":"product_cat","embeddable":true,"href":"https:\/\/antiquariat-steinbach.com\/rarebooks\/wp-json\/wp\/v2\/product_cat?post=17519"},{"taxonomy":"product_tag","embeddable":true,"href":"https:\/\/antiquariat-steinbach.com\/rarebooks\/wp-json\/wp\/v2\/product_tag?post=17519"}],"curies":[{"name":"wp","href":"https:\/\/api.w.org\/{rel}","templated":true}]}}