{"id":17477,"date":"2026-03-12T00:20:49","date_gmt":"2026-03-11T23:20:49","guid":{"rendered":"https:\/\/antiquariat-steinbach.com\/rarebooks\/produkt\/sammlung-von-40-photographien-zur-architektur-inneneinrichtung-kunstgewerbe\/"},"modified":"2026-03-12T00:20:50","modified_gmt":"2026-03-11T23:20:50","slug":"sammlung-von-40-photographien-zur-architektur-inneneinrichtung-kunstgewerbe","status":"publish","type":"product","link":"https:\/\/antiquariat-steinbach.com\/rarebooks\/produkt\/sammlung-von-40-photographien-zur-architektur-inneneinrichtung-kunstgewerbe\/","title":{"rendered":"Sammlung von 40  Photographien zur Architektur, Inneneinrichtung, Kunstgewerbe."},"content":{"rendered":"<p>Wien ca. 1975.<\/p>\n<p>ca 24 : 18 cm.<\/p>\n<p>66,00 EUR<\/p>\n","protected":false},"excerpt":{"rendered":"<p>Zeigt das Wiener Rathaus kurz nach seiner Fertigstelung 1883, das Wagner-Pavillon am Donaukanal, Wiener Stadbahn-Haltestelle Hietzing, Villa Euler-Doblhoff in Berndorf, Bahnhof Berndorf mit Alleegasse, einige mit Stempel Ernst Kainerstorfer und Foto P\u00dcierre; ferner Aufnahmen von M\u00f6beln und Kunstgegenst\u00e4nden, Thonet-St\u00fchle, Galle Vasen, Schale mit skytischer Tierg\u00f6ttin, &#8218;K\u00f6nig Ludwig II, Christian Jank, Vorentwurf f\u00fcr Schlo\u00df Neuschwanstein u.v.m.<\/p>\n","protected":false},"featured_media":18069,"template":"","meta":[],"product_brand":[],"product_cat":[83,71,178,106,914],"product_tag":[],"class_list":{"0":"post-17477","1":"product","2":"type-product","3":"status-publish","4":"has-post-thumbnail","6":"product_cat-ansichten","7":"product_cat-austriaca","8":"product_cat-kunstgewerbe","9":"product_cat-photographie","10":"product_cat-zvab","12":"first","13":"instock","14":"purchasable","15":"product-type-simple"},"_links":{"self":[{"href":"https:\/\/antiquariat-steinbach.com\/rarebooks\/wp-json\/wp\/v2\/product\/17477","targetHints":{"allow":["GET"]}}],"collection":[{"href":"https:\/\/antiquariat-steinbach.com\/rarebooks\/wp-json\/wp\/v2\/product"}],"about":[{"href":"https:\/\/antiquariat-steinbach.com\/rarebooks\/wp-json\/wp\/v2\/types\/product"}],"version-history":[{"count":1,"href":"https:\/\/antiquariat-steinbach.com\/rarebooks\/wp-json\/wp\/v2\/product\/17477\/revisions"}],"predecessor-version":[{"id":17478,"href":"https:\/\/antiquariat-steinbach.com\/rarebooks\/wp-json\/wp\/v2\/product\/17477\/revisions\/17478"}],"wp:featuredmedia":[{"embeddable":true,"href":"https:\/\/antiquariat-steinbach.com\/rarebooks\/wp-json\/wp\/v2\/media\/18069"}],"wp:attachment":[{"href":"https:\/\/antiquariat-steinbach.com\/rarebooks\/wp-json\/wp\/v2\/media?parent=17477"}],"wp:term":[{"taxonomy":"product_brand","embeddable":true,"href":"https:\/\/antiquariat-steinbach.com\/rarebooks\/wp-json\/wp\/v2\/product_brand?post=17477"},{"taxonomy":"product_cat","embeddable":true,"href":"https:\/\/antiquariat-steinbach.com\/rarebooks\/wp-json\/wp\/v2\/product_cat?post=17477"},{"taxonomy":"product_tag","embeddable":true,"href":"https:\/\/antiquariat-steinbach.com\/rarebooks\/wp-json\/wp\/v2\/product_tag?post=17477"}],"curies":[{"name":"wp","href":"https:\/\/api.w.org\/{rel}","templated":true}]}}