{"id":17421,"date":"2026-03-12T00:18:50","date_gmt":"2026-03-11T23:18:50","guid":{"rendered":"https:\/\/antiquariat-steinbach.com\/rarebooks\/produkt\/pichon-leon-ededitions-dart-publiees-par-leon-pinchon-imprimeur-a-paris-catalogue\/"},"modified":"2026-03-12T00:18:50","modified_gmt":"2026-03-11T23:18:50","slug":"pichon-leon-ededitions-dart-publiees-par-leon-pinchon-imprimeur-a-paris-catalogue","status":"publish","type":"product","link":"https:\/\/antiquariat-steinbach.com\/rarebooks\/produkt\/pichon-leon-ededitions-dart-publiees-par-leon-pinchon-imprimeur-a-paris-catalogue\/","title":{"rendered":"Pichon, L\u00e9on. &#8211;  Ed\u00c9ditions d&#8217;art publi\u00e9es par L\u00e9on Pinchon. Imprimeur a Paris.. Catalogue."},"content":{"rendered":"<p>Maastricht, Traectum ad Mosams, 1925<\/p>\n<p>18 : 12 cm. 74 pages, 1 leaf, with many illustrations. Illustrated original wrappers.<\/p>\n<p>60,00 EUR<\/p>\n","protected":false},"excerpt":{"rendered":"<p>The catalogue lists luxury publications by Musset, Rabelais, Mary, Petrarque, Verlaine and others. with sample illustrations, edited by the famous Parisien editor Pinchon.<\/p>\n","protected":false},"featured_media":18031,"template":"","meta":[],"product_brand":[],"product_cat":[29,280,143,43,914],"product_tag":[],"class_list":{"0":"post-17421","1":"product","2":"type-product","3":"status-publish","4":"has-post-thumbnail","6":"product_cat-20-jahrhundert","7":"product_cat-bibliographie","8":"product_cat-francais","9":"product_cat-illustrierte-buecher","10":"product_cat-zvab","12":"first","13":"instock","14":"purchasable","15":"product-type-simple"},"_links":{"self":[{"href":"https:\/\/antiquariat-steinbach.com\/rarebooks\/wp-json\/wp\/v2\/product\/17421","targetHints":{"allow":["GET"]}}],"collection":[{"href":"https:\/\/antiquariat-steinbach.com\/rarebooks\/wp-json\/wp\/v2\/product"}],"about":[{"href":"https:\/\/antiquariat-steinbach.com\/rarebooks\/wp-json\/wp\/v2\/types\/product"}],"version-history":[{"count":2,"href":"https:\/\/antiquariat-steinbach.com\/rarebooks\/wp-json\/wp\/v2\/product\/17421\/revisions"}],"predecessor-version":[{"id":21203,"href":"https:\/\/antiquariat-steinbach.com\/rarebooks\/wp-json\/wp\/v2\/product\/17421\/revisions\/21203"}],"wp:featuredmedia":[{"embeddable":true,"href":"https:\/\/antiquariat-steinbach.com\/rarebooks\/wp-json\/wp\/v2\/media\/18031"}],"wp:attachment":[{"href":"https:\/\/antiquariat-steinbach.com\/rarebooks\/wp-json\/wp\/v2\/media?parent=17421"}],"wp:term":[{"taxonomy":"product_brand","embeddable":true,"href":"https:\/\/antiquariat-steinbach.com\/rarebooks\/wp-json\/wp\/v2\/product_brand?post=17421"},{"taxonomy":"product_cat","embeddable":true,"href":"https:\/\/antiquariat-steinbach.com\/rarebooks\/wp-json\/wp\/v2\/product_cat?post=17421"},{"taxonomy":"product_tag","embeddable":true,"href":"https:\/\/antiquariat-steinbach.com\/rarebooks\/wp-json\/wp\/v2\/product_tag?post=17421"}],"curies":[{"name":"wp","href":"https:\/\/api.w.org\/{rel}","templated":true}]}}