{"id":17394,"date":"2026-03-12T00:18:34","date_gmt":"2026-03-11T23:18:34","guid":{"rendered":"https:\/\/antiquariat-steinbach.com\/rarebooks\/produkt\/panizza-oskar-laokoon-oder-die-grenzen-der-malerei\/"},"modified":"2026-03-12T00:18:34","modified_gmt":"2026-03-11T23:18:34","slug":"panizza-oskar-laokoon-oder-die-grenzen-der-malerei","status":"publish","type":"product","link":"https:\/\/antiquariat-steinbach.com\/rarebooks\/produkt\/panizza-oskar-laokoon-oder-die-grenzen-der-malerei\/","title":{"rendered":"Panizza, Oskar. &#8211;  Laokoon oder die Grenzen der Malerei."},"content":{"rendered":"<p>M\u00fcnchen, Laokoon, 1966.<\/p>\n<p>35,5 : 21,5 cm.- 11 Blatt Faksimile und 16 Seiten Begleitheft. Original Karton-Mappe.<\/p>\n<p>30,00 EUR<\/p>\n","protected":false},"excerpt":{"rendered":"<p>Eines von 500 numerierten Exemplaren dsieser Tirade \u00fcber Kaiser Wilhelm, die f\u00fcr die &#8222;Z\u00fcrcher Disku\u00dfionen&#8220; bestimmt war, aber nie gedruckt wurde.<\/p>\n","protected":false},"featured_media":0,"template":"","meta":[],"product_brand":[],"product_cat":[74,176,97,32,914],"product_tag":[],"class_list":{"0":"post-17394","1":"product","2":"type-product","3":"status-publish","5":"product_cat-deutschland","6":"product_cat-first-edition","7":"product_cat-geschichte","8":"product_cat-literatur","9":"product_cat-zvab","11":"first","12":"instock","13":"purchasable","14":"product-type-simple"},"_links":{"self":[{"href":"https:\/\/antiquariat-steinbach.com\/rarebooks\/wp-json\/wp\/v2\/product\/17394","targetHints":{"allow":["GET"]}}],"collection":[{"href":"https:\/\/antiquariat-steinbach.com\/rarebooks\/wp-json\/wp\/v2\/product"}],"about":[{"href":"https:\/\/antiquariat-steinbach.com\/rarebooks\/wp-json\/wp\/v2\/types\/product"}],"version-history":[{"count":2,"href":"https:\/\/antiquariat-steinbach.com\/rarebooks\/wp-json\/wp\/v2\/product\/17394\/revisions"}],"predecessor-version":[{"id":21132,"href":"https:\/\/antiquariat-steinbach.com\/rarebooks\/wp-json\/wp\/v2\/product\/17394\/revisions\/21132"}],"wp:attachment":[{"href":"https:\/\/antiquariat-steinbach.com\/rarebooks\/wp-json\/wp\/v2\/media?parent=17394"}],"wp:term":[{"taxonomy":"product_brand","embeddable":true,"href":"https:\/\/antiquariat-steinbach.com\/rarebooks\/wp-json\/wp\/v2\/product_brand?post=17394"},{"taxonomy":"product_cat","embeddable":true,"href":"https:\/\/antiquariat-steinbach.com\/rarebooks\/wp-json\/wp\/v2\/product_cat?post=17394"},{"taxonomy":"product_tag","embeddable":true,"href":"https:\/\/antiquariat-steinbach.com\/rarebooks\/wp-json\/wp\/v2\/product_tag?post=17394"}],"curies":[{"name":"wp","href":"https:\/\/api.w.org\/{rel}","templated":true}]}}