{"id":17382,"date":"2026-03-12T00:18:23","date_gmt":"2026-03-11T23:18:23","guid":{"rendered":"https:\/\/antiquariat-steinbach.com\/rarebooks\/produkt\/nuernberg-schulz-fritz-traugott-nuernbergs-buergerhaeuser-und-ihre-ausstattung\/"},"modified":"2026-03-12T00:18:25","modified_gmt":"2026-03-11T23:18:25","slug":"nuernberg-schulz-fritz-traugott-nuernbergs-buergerhaeuser-und-ihre-ausstattung","status":"publish","type":"product","link":"https:\/\/antiquariat-steinbach.com\/rarebooks\/produkt\/nuernberg-schulz-fritz-traugott-nuernbergs-buergerhaeuser-und-ihre-ausstattung\/","title":{"rendered":"N\u00fcrnberg &#8211;   Schulz, Fritz Traugott. &#8211;  N\u00fcrnbergs B\u00fcrgerh\u00e4user und ihre Ausstattung."},"content":{"rendered":"<p>Leipzig und Wien, Gerlach und Wiedling,  1933.<\/p>\n<p>29 : 22 cm. Title, Seiten 459 &#8211; 885 mit 435 Abbildungen. Original Halbleinenband.<\/p>\n<p>120,00 EUR<\/p>\n","protected":false},"excerpt":{"rendered":"<p>Ohne den 1. Teil. &#8211; Buchbpock gering gelockert, Einband etwas angestaubt.<\/p>\n","protected":false},"featured_media":17384,"template":"","meta":[],"product_brand":[],"product_cat":[48,116,73,74,59,914],"product_tag":[],"class_list":{"0":"post-17382","1":"product","2":"type-product","3":"status-publish","4":"has-post-thumbnail","6":"product_cat-architektur","7":"product_cat-bavarica","8":"product_cat-bayern","9":"product_cat-deutschland","10":"product_cat-kulturgeschichte","11":"product_cat-zvab","13":"first","14":"instock","15":"purchasable","16":"product-type-simple"},"_links":{"self":[{"href":"https:\/\/antiquariat-steinbach.com\/rarebooks\/wp-json\/wp\/v2\/product\/17382","targetHints":{"allow":["GET"]}}],"collection":[{"href":"https:\/\/antiquariat-steinbach.com\/rarebooks\/wp-json\/wp\/v2\/product"}],"about":[{"href":"https:\/\/antiquariat-steinbach.com\/rarebooks\/wp-json\/wp\/v2\/types\/product"}],"version-history":[{"count":2,"href":"https:\/\/antiquariat-steinbach.com\/rarebooks\/wp-json\/wp\/v2\/product\/17382\/revisions"}],"predecessor-version":[{"id":21080,"href":"https:\/\/antiquariat-steinbach.com\/rarebooks\/wp-json\/wp\/v2\/product\/17382\/revisions\/21080"}],"wp:featuredmedia":[{"embeddable":true,"href":"https:\/\/antiquariat-steinbach.com\/rarebooks\/wp-json\/wp\/v2\/media\/17384"}],"wp:attachment":[{"href":"https:\/\/antiquariat-steinbach.com\/rarebooks\/wp-json\/wp\/v2\/media?parent=17382"}],"wp:term":[{"taxonomy":"product_brand","embeddable":true,"href":"https:\/\/antiquariat-steinbach.com\/rarebooks\/wp-json\/wp\/v2\/product_brand?post=17382"},{"taxonomy":"product_cat","embeddable":true,"href":"https:\/\/antiquariat-steinbach.com\/rarebooks\/wp-json\/wp\/v2\/product_cat?post=17382"},{"taxonomy":"product_tag","embeddable":true,"href":"https:\/\/antiquariat-steinbach.com\/rarebooks\/wp-json\/wp\/v2\/product_tag?post=17382"}],"curies":[{"name":"wp","href":"https:\/\/api.w.org\/{rel}","templated":true}]}}