{"id":17379,"date":"2026-03-12T00:18:21","date_gmt":"2026-03-11T23:18:21","guid":{"rendered":"https:\/\/antiquariat-steinbach.com\/rarebooks\/produkt\/nordmann-johannes-and-josef-tuvora-briefe-aus-wien-von-einem-eingeborenen\/"},"modified":"2026-03-12T00:18:23","modified_gmt":"2026-03-11T23:18:23","slug":"nordmann-johannes-and-josef-tuvora-briefe-aus-wien-von-einem-eingeborenen","status":"publish","type":"product","link":"https:\/\/antiquariat-steinbach.com\/rarebooks\/produkt\/nordmann-johannes-and-josef-tuvora-briefe-aus-wien-von-einem-eingeborenen\/","title":{"rendered":"Nordmann (?) Johannes and Josef Tuvora (?). &#8211;  Briefe aus Wien. Von einem Eingeborenen."},"content":{"rendered":"<p>Hamburg, Hoffmann und Campe, 1844.<\/p>\n<p>2 B\u00e4nde. 19 : 11 cm. 2 Blatt, 248; 2 Blatt, 271 Seiten, 2 Blatt. Pappb\u00e4nde der Zeit<\/p>\n<p>150,00 EUR<\/p>\n","protected":false},"excerpt":{"rendered":"<p>Erste Ausgabe, heute wieder hochaktuell, mit den folgenden Kapiteln: Corruption &#8211; Hauptursache derselben &#8211; Hohe Aristokratie &#8211; Die Noblesse Finaniere &#8211;  Die unteren St\u00e4nde &#8211; Die Mysterien von Wien etc. Vortitel und Titel mit kleinem Sammlerstempel, papierbedingt etwas gebr\u00e4unt, Einb\u00e4nde etwas berieben. &#8211; Holzmann\/B. VII, 1881 nennt als Verfasser Nordmann und Tuvora; Hayn-Got. VIII, 428 nennt Nordmann als Verfasser.author.<\/p>\n","protected":false},"featured_media":17381,"template":"","meta":[],"product_brand":[],"product_cat":[71,97,59,90,914],"product_tag":[],"class_list":{"0":"post-17379","1":"product","2":"type-product","3":"status-publish","4":"has-post-thumbnail","6":"product_cat-austriaca","7":"product_cat-geschichte","8":"product_cat-kulturgeschichte","9":"product_cat-viennensia","10":"product_cat-zvab","12":"first","13":"instock","14":"purchasable","15":"product-type-simple"},"_links":{"self":[{"href":"https:\/\/antiquariat-steinbach.com\/rarebooks\/wp-json\/wp\/v2\/product\/17379","targetHints":{"allow":["GET"]}}],"collection":[{"href":"https:\/\/antiquariat-steinbach.com\/rarebooks\/wp-json\/wp\/v2\/product"}],"about":[{"href":"https:\/\/antiquariat-steinbach.com\/rarebooks\/wp-json\/wp\/v2\/types\/product"}],"version-history":[{"count":2,"href":"https:\/\/antiquariat-steinbach.com\/rarebooks\/wp-json\/wp\/v2\/product\/17379\/revisions"}],"predecessor-version":[{"id":21069,"href":"https:\/\/antiquariat-steinbach.com\/rarebooks\/wp-json\/wp\/v2\/product\/17379\/revisions\/21069"}],"wp:featuredmedia":[{"embeddable":true,"href":"https:\/\/antiquariat-steinbach.com\/rarebooks\/wp-json\/wp\/v2\/media\/17381"}],"wp:attachment":[{"href":"https:\/\/antiquariat-steinbach.com\/rarebooks\/wp-json\/wp\/v2\/media?parent=17379"}],"wp:term":[{"taxonomy":"product_brand","embeddable":true,"href":"https:\/\/antiquariat-steinbach.com\/rarebooks\/wp-json\/wp\/v2\/product_brand?post=17379"},{"taxonomy":"product_cat","embeddable":true,"href":"https:\/\/antiquariat-steinbach.com\/rarebooks\/wp-json\/wp\/v2\/product_cat?post=17379"},{"taxonomy":"product_tag","embeddable":true,"href":"https:\/\/antiquariat-steinbach.com\/rarebooks\/wp-json\/wp\/v2\/product_tag?post=17379"}],"curies":[{"name":"wp","href":"https:\/\/api.w.org\/{rel}","templated":true}]}}