{"id":17366,"date":"2026-03-12T00:18:17","date_gmt":"2026-03-11T23:18:17","guid":{"rendered":"https:\/\/antiquariat-steinbach.com\/rarebooks\/produkt\/nignon-edouard-les-plaisirs-de-la-table-ou-sous-une-forme-nouvelle-lauteur-a-devolle-maints-delicieux-secrets-et-recettes-de-bonne-cuisine-transcrits-les-precieux-avis-de-gourmets-fameux-et-de-f\/"},"modified":"2026-03-12T00:18:18","modified_gmt":"2026-03-11T23:18:18","slug":"nignon-edouard-les-plaisirs-de-la-table-ou-sous-une-forme-nouvelle-lauteur-a-devolle-maints-delicieux-secrets-et-recettes-de-bonne-cuisine-transcrits-les-precieux-avis-de-gourmets-fameux-et","status":"publish","type":"product","link":"https:\/\/antiquariat-steinbach.com\/rarebooks\/produkt\/nignon-edouard-les-plaisirs-de-la-table-ou-sous-une-forme-nouvelle-lauteur-a-devolle-maints-delicieux-secrets-et-recettes-de-bonne-cuisine-transcrits-les-precieux-avis-de-gourmets-fameux-et\/","title":{"rendered":"Nignon, Edouard. &#8211;  Les plaisirs de la table. Ou, sous une forme nouvelle, l&#8217;auteur a d\u00e9voll\u00e9 maints d\u00e9licieux secrets et recettes de bonne cuisine, transcrits les pr\u00e9cieux avis de Gourmets fameux et de fins gastronomes, conseillers aimables et surs en l&#8217;art de bien manger."},"content":{"rendered":"<p>Paris, Chez l&#8217;auteuret chez J. Meynial, (1926)<\/p>\n<p>23,5 : 20 cm. XIv- 333 pages with many vignettes and illustrations by P.F. Grignon. Original wrappers.<\/p>\n<p>320,00 EUR<\/p>\n","protected":false},"excerpt":{"rendered":"<p>Mignon was a great chef working first for the Tsar of Russia and then for the Austrian Emporer, before opening his own celebrated restaurant Larue in the Rue Royale de Paris. &#8211; Original edition of this remarkable book of receipts. He made known the richnesses of the Russian kitchen, such as the bortsch and the koulibiacs. &#8211; Spine with small tears, binding a bit wrikled, inside good. &#8211; Oberle 277.<\/p>\n","protected":false},"featured_media":17368,"template":"","meta":[],"product_brand":[],"product_cat":[143,58,112,914],"product_tag":[],"class_list":{"0":"post-17366","1":"product","2":"type-product","3":"status-publish","4":"has-post-thumbnail","6":"product_cat-francais","7":"product_cat-gastronomie","8":"product_cat-kochbuecher","9":"product_cat-zvab","11":"first","12":"instock","13":"purchasable","14":"product-type-simple"},"_links":{"self":[{"href":"https:\/\/antiquariat-steinbach.com\/rarebooks\/wp-json\/wp\/v2\/product\/17366","targetHints":{"allow":["GET"]}}],"collection":[{"href":"https:\/\/antiquariat-steinbach.com\/rarebooks\/wp-json\/wp\/v2\/product"}],"about":[{"href":"https:\/\/antiquariat-steinbach.com\/rarebooks\/wp-json\/wp\/v2\/types\/product"}],"version-history":[{"count":2,"href":"https:\/\/antiquariat-steinbach.com\/rarebooks\/wp-json\/wp\/v2\/product\/17366\/revisions"}],"predecessor-version":[{"id":21046,"href":"https:\/\/antiquariat-steinbach.com\/rarebooks\/wp-json\/wp\/v2\/product\/17366\/revisions\/21046"}],"wp:featuredmedia":[{"embeddable":true,"href":"https:\/\/antiquariat-steinbach.com\/rarebooks\/wp-json\/wp\/v2\/media\/17368"}],"wp:attachment":[{"href":"https:\/\/antiquariat-steinbach.com\/rarebooks\/wp-json\/wp\/v2\/media?parent=17366"}],"wp:term":[{"taxonomy":"product_brand","embeddable":true,"href":"https:\/\/antiquariat-steinbach.com\/rarebooks\/wp-json\/wp\/v2\/product_brand?post=17366"},{"taxonomy":"product_cat","embeddable":true,"href":"https:\/\/antiquariat-steinbach.com\/rarebooks\/wp-json\/wp\/v2\/product_cat?post=17366"},{"taxonomy":"product_tag","embeddable":true,"href":"https:\/\/antiquariat-steinbach.com\/rarebooks\/wp-json\/wp\/v2\/product_tag?post=17366"}],"curies":[{"name":"wp","href":"https:\/\/api.w.org\/{rel}","templated":true}]}}