{"id":17318,"date":"2026-03-12T00:16:43","date_gmt":"2026-03-11T23:16:43","guid":{"rendered":"https:\/\/antiquariat-steinbach.com\/rarebooks\/produkt\/moda-vospel-coleccion-de-disenos-para-ropa-de-mujeres\/"},"modified":"2026-03-12T00:16:45","modified_gmt":"2026-03-11T23:16:45","slug":"moda-vospel-coleccion-de-disenos-para-ropa-de-mujeres","status":"publish","type":"product","link":"https:\/\/antiquariat-steinbach.com\/rarebooks\/produkt\/moda-vospel-coleccion-de-disenos-para-ropa-de-mujeres\/","title":{"rendered":"Moda &#8211;   Vospel. &#8211;  Colecci\u00f3n de dise\u00f1os para ropa de mujeres."},"content":{"rendered":"<p>Vienna, ca. 1950.<\/p>\n<p>31 : 23 cm. Muchos dise\u00f1os en 97 paginas, con muestras de textil montados.<\/p>\n<p>500,00 EUR<\/p>\n","protected":false},"excerpt":{"rendered":"<p>Dise\u00f1os para vestidos de mujeres, abridos, pantalones etc. 1 p\u00e1gina con dise\u00f1os para ropa de ni\u00f1os, 8 p\u00e1ginas con muestras de textil in color, montados. Algunos se\u00f1alados con &#8218;Dior falte&#8216;, algunos con &#8218;Dior Rock&#8216; (Dior falda), algunos se\u00f1alados modela verano, modelo Margit etc. Una p\u00e1gina con aplicaci\u00f3nes en diferentes colores.<\/p>\n","protected":false},"featured_media":17320,"template":"","meta":[],"product_brand":[],"product_cat":[93,55,121,90,914],"product_tag":[],"class_list":{"0":"post-17318","1":"product","2":"type-product","3":"status-publish","4":"has-post-thumbnail","6":"product_cat-design","7":"product_cat-fashion","8":"product_cat-mode","9":"product_cat-viennensia","10":"product_cat-zvab","12":"first","13":"instock","14":"purchasable","15":"product-type-simple"},"_links":{"self":[{"href":"https:\/\/antiquariat-steinbach.com\/rarebooks\/wp-json\/wp\/v2\/product\/17318","targetHints":{"allow":["GET"]}}],"collection":[{"href":"https:\/\/antiquariat-steinbach.com\/rarebooks\/wp-json\/wp\/v2\/product"}],"about":[{"href":"https:\/\/antiquariat-steinbach.com\/rarebooks\/wp-json\/wp\/v2\/types\/product"}],"version-history":[{"count":2,"href":"https:\/\/antiquariat-steinbach.com\/rarebooks\/wp-json\/wp\/v2\/product\/17318\/revisions"}],"predecessor-version":[{"id":20903,"href":"https:\/\/antiquariat-steinbach.com\/rarebooks\/wp-json\/wp\/v2\/product\/17318\/revisions\/20903"}],"wp:featuredmedia":[{"embeddable":true,"href":"https:\/\/antiquariat-steinbach.com\/rarebooks\/wp-json\/wp\/v2\/media\/17320"}],"wp:attachment":[{"href":"https:\/\/antiquariat-steinbach.com\/rarebooks\/wp-json\/wp\/v2\/media?parent=17318"}],"wp:term":[{"taxonomy":"product_brand","embeddable":true,"href":"https:\/\/antiquariat-steinbach.com\/rarebooks\/wp-json\/wp\/v2\/product_brand?post=17318"},{"taxonomy":"product_cat","embeddable":true,"href":"https:\/\/antiquariat-steinbach.com\/rarebooks\/wp-json\/wp\/v2\/product_cat?post=17318"},{"taxonomy":"product_tag","embeddable":true,"href":"https:\/\/antiquariat-steinbach.com\/rarebooks\/wp-json\/wp\/v2\/product_tag?post=17318"}],"curies":[{"name":"wp","href":"https:\/\/api.w.org\/{rel}","templated":true}]}}