{"id":17312,"date":"2026-03-12T00:16:43","date_gmt":"2026-03-11T23:16:43","guid":{"rendered":"https:\/\/antiquariat-steinbach.com\/rarebooks\/produkt\/moda-coleccion-de-disenos-de-vestidos-para-la-opera-y-el-teatro\/"},"modified":"2026-03-12T00:16:44","modified_gmt":"2026-03-11T23:16:44","slug":"moda-coleccion-de-disenos-de-vestidos-para-la-opera-y-el-teatro","status":"publish","type":"product","link":"https:\/\/antiquariat-steinbach.com\/rarebooks\/produkt\/moda-coleccion-de-disenos-de-vestidos-para-la-opera-y-el-teatro\/","title":{"rendered":"Moda-   Colecci\u00f3n de dise\u00f1os de vestidos para la opera y el teatro."},"content":{"rendered":"<p>Vienna ? ca.(1920)<\/p>\n<p>36 : 30 cm &#8211; 15 : 12 cm 21 acuarelas, en parte elevados en blanco, sobre cart\u00f3n gris.<\/p>\n<p>500,00 EUR<\/p>\n","protected":false},"excerpt":{"rendered":"<p>Preciosos y muy detalladas dise\u00f1os de trajes para el teatro y la opera, en differentes colores blanco, negro, rojo, verde, amarillo, lila. Los dise\u00f1os muestran sobre todo mujeres, tal vez para la opera de Bizet &#8218;Carmen&#8216;. Dos l\u00e1minas muestran actor y actriz bailando con mascaras.<\/p>\n","protected":false},"featured_media":17314,"template":"","meta":[],"product_brand":[],"product_cat":[93,55,121,144,145,914],"product_tag":[],"class_list":{"0":"post-17312","1":"product","2":"type-product","3":"status-publish","4":"has-post-thumbnail","6":"product_cat-design","7":"product_cat-fashion","8":"product_cat-mode","9":"product_cat-musik","10":"product_cat-theater","11":"product_cat-zvab","13":"first","14":"instock","15":"purchasable","16":"product-type-simple"},"_links":{"self":[{"href":"https:\/\/antiquariat-steinbach.com\/rarebooks\/wp-json\/wp\/v2\/product\/17312","targetHints":{"allow":["GET"]}}],"collection":[{"href":"https:\/\/antiquariat-steinbach.com\/rarebooks\/wp-json\/wp\/v2\/product"}],"about":[{"href":"https:\/\/antiquariat-steinbach.com\/rarebooks\/wp-json\/wp\/v2\/types\/product"}],"version-history":[{"count":2,"href":"https:\/\/antiquariat-steinbach.com\/rarebooks\/wp-json\/wp\/v2\/product\/17312\/revisions"}],"predecessor-version":[{"id":20901,"href":"https:\/\/antiquariat-steinbach.com\/rarebooks\/wp-json\/wp\/v2\/product\/17312\/revisions\/20901"}],"wp:featuredmedia":[{"embeddable":true,"href":"https:\/\/antiquariat-steinbach.com\/rarebooks\/wp-json\/wp\/v2\/media\/17314"}],"wp:attachment":[{"href":"https:\/\/antiquariat-steinbach.com\/rarebooks\/wp-json\/wp\/v2\/media?parent=17312"}],"wp:term":[{"taxonomy":"product_brand","embeddable":true,"href":"https:\/\/antiquariat-steinbach.com\/rarebooks\/wp-json\/wp\/v2\/product_brand?post=17312"},{"taxonomy":"product_cat","embeddable":true,"href":"https:\/\/antiquariat-steinbach.com\/rarebooks\/wp-json\/wp\/v2\/product_cat?post=17312"},{"taxonomy":"product_tag","embeddable":true,"href":"https:\/\/antiquariat-steinbach.com\/rarebooks\/wp-json\/wp\/v2\/product_tag?post=17312"}],"curies":[{"name":"wp","href":"https:\/\/api.w.org\/{rel}","templated":true}]}}