{"id":17283,"date":"2026-03-12T00:16:21","date_gmt":"2026-03-11T23:16:21","guid":{"rendered":"https:\/\/antiquariat-steinbach.com\/rarebooks\/produkt\/mauthner-erich-felix-editor-le-marais-the-marsh-der-sumpf-la-palude-studentenzeitschrift\/"},"modified":"2026-03-12T00:16:23","modified_gmt":"2026-03-11T23:16:23","slug":"mauthner-erich-felix-editor-le-marais-the-marsh-der-sumpf-la-palude-studentenzeitschrift","status":"publish","type":"product","link":"https:\/\/antiquariat-steinbach.com\/rarebooks\/produkt\/mauthner-erich-felix-editor-le-marais-the-marsh-der-sumpf-la-palude-studentenzeitschrift\/","title":{"rendered":"Mauthner, Erich Felix (editor). &#8211;  Le Marais. (The Marsh, Der Sumpf, La Palude). Studentenzeitschrift."},"content":{"rendered":"<p>Vienna, Mautner, 1965 &#8211; 1967.<\/p>\n<p>numbers 2 &#8211; 6 in 3 issues. 30 : 21,5 cm. With many illustrations.<\/p>\n<p>980,00 EUR<\/p>\n","protected":false},"excerpt":{"rendered":"<p>Extremely rare political-satirical students journal. The young Andr\u00e9 Heller, not even 30 years old, was founding together with  Felix Mautner, who later became journalist and event manager, the students journal   &#8218;Le Marais&#8216;, which focused on daily political matters  but also on trendy affairs. They were gathering in the legendary coffee house Hawelka, where they discussed the contains of the journal, like   &#8218;koennte Oesterreich eine kulturelle Grossmacht darstellen und was m\u00fcsste dazu geschehn &#8218;(could Austria be a culutral great power and what must happen to be it), &#8218;Kennwort Muttertag&#8216; (Code word mothers day), &#8218;Der Fall G.W. Chaimowicz&#8216; (the case G.W.Chaimowicz), but also themes like impotence and weariness etc. With literary contriutions by Wolf Biermann, Gerhard Bronner,  Heinz Kahlau, Sarah Kirsch, Reiner Kunze, Andr\u00e9 Heller, Felix Mauthner, Otto Habsburg, Schm\u00f6ger etc., graphic contributions by Carry Hauser, Ernst Fuchs, Andr\u00e9 Hellerand many others. Adds from the cabaret &#8218;Der W\u00fcrfel&#8216;, &#8218;West Side Story&#8216;, &#8218;Bisexuelle Lehrlinge gesucht&#8216; (bisexual apprentice are requested), Jazz-Calender, Beat Club in der H\u00e4ngematte and so on. &#8211; Printed on cheap paper, because there was no money for the production, therefor all issues are very rare.<\/p>\n","protected":false},"featured_media":17285,"template":"","meta":[],"product_brand":[],"product_cat":[190,458,90,328,52,914],"product_tag":[],"class_list":{"0":"post-17283","1":"product","2":"type-product","3":"status-publish","4":"has-post-thumbnail","6":"product_cat-politik","7":"product_cat-studentica","8":"product_cat-viennensia","9":"product_cat-wiener-aktionismus","10":"product_cat-zeitschriften","11":"product_cat-zvab","13":"first","14":"instock","15":"purchasable","16":"product-type-simple"},"_links":{"self":[{"href":"https:\/\/antiquariat-steinbach.com\/rarebooks\/wp-json\/wp\/v2\/product\/17283","targetHints":{"allow":["GET"]}}],"collection":[{"href":"https:\/\/antiquariat-steinbach.com\/rarebooks\/wp-json\/wp\/v2\/product"}],"about":[{"href":"https:\/\/antiquariat-steinbach.com\/rarebooks\/wp-json\/wp\/v2\/types\/product"}],"version-history":[{"count":2,"href":"https:\/\/antiquariat-steinbach.com\/rarebooks\/wp-json\/wp\/v2\/product\/17283\/revisions"}],"predecessor-version":[{"id":20775,"href":"https:\/\/antiquariat-steinbach.com\/rarebooks\/wp-json\/wp\/v2\/product\/17283\/revisions\/20775"}],"wp:featuredmedia":[{"embeddable":true,"href":"https:\/\/antiquariat-steinbach.com\/rarebooks\/wp-json\/wp\/v2\/media\/17285"}],"wp:attachment":[{"href":"https:\/\/antiquariat-steinbach.com\/rarebooks\/wp-json\/wp\/v2\/media?parent=17283"}],"wp:term":[{"taxonomy":"product_brand","embeddable":true,"href":"https:\/\/antiquariat-steinbach.com\/rarebooks\/wp-json\/wp\/v2\/product_brand?post=17283"},{"taxonomy":"product_cat","embeddable":true,"href":"https:\/\/antiquariat-steinbach.com\/rarebooks\/wp-json\/wp\/v2\/product_cat?post=17283"},{"taxonomy":"product_tag","embeddable":true,"href":"https:\/\/antiquariat-steinbach.com\/rarebooks\/wp-json\/wp\/v2\/product_tag?post=17283"}],"curies":[{"name":"wp","href":"https:\/\/api.w.org\/{rel}","templated":true}]}}