{"id":1725,"date":"2026-03-12T00:04:14","date_gmt":"2026-03-11T23:04:14","guid":{"rendered":"http:\/\/antiquariat-steinbach.com\/rarebooks\/produkt\/encyclopedie-ou-dictionnaire-universel-raisonne-des-connoissances-humaines-cloutier-depingles-naelmacher\/"},"modified":"2026-03-12T00:04:15","modified_gmt":"2026-03-11T23:04:15","slug":"cloutier-depngles-diderot-d-j-d-alembert-encyclopedie-ou-dictionnaire-universel-raisonne-des-connoissances-humaines-cloutier-depingles-naelmacher","status":"publish","type":"product","link":"https:\/\/antiquariat-steinbach.com\/rarebooks\/produkt\/cloutier-depngles-diderot-d-j-d-alembert-encyclopedie-ou-dictionnaire-universel-raisonne-des-connoissances-humaines-cloutier-depingles-naelmacher\/","title":{"rendered":"Cloutier d&#8217;\u00c9pngles &#8211;   Diderot, D, &#8211; J. d&#8216; Alembert: &#8211;  Encyclop\u00e9die, ou dictionnaire universel raisonn\u00e9 des connoissances humaines. Cloutier d&#8217;\u00c9pingles. (Naelmacher)."},"content":{"rendered":"<p>Yverdon, 1776.<\/p>\n<p>25,5 : 20,5 cm. 4 lpages,21 engraved plates with many illustrations. Board.<\/p>\n<p>90,00 EUR<\/p>\n","protected":false},"excerpt":{"rendered":"<p>Brunet II, 701. &#8211; Exemplare der 4. Ausgabe in 4\u00b0, fleckenfrei, mit Titelblatt und beschriebendem Text und 5 Kupfertafeln.<\/p>\n","protected":false},"featured_media":14317,"template":"","meta":[],"product_brand":[],"product_cat":[406,77,111,407,914],"product_tag":[],"class_list":{"0":"post-1725","1":"product","2":"type-product","3":"status-publish","4":"has-post-thumbnail","6":"product_cat-berufe","7":"product_cat-technik","8":"product_cat-varia","9":"product_cat-werkstaette","10":"product_cat-zvab","12":"first","13":"instock","14":"purchasable","15":"product-type-simple"},"_links":{"self":[{"href":"https:\/\/antiquariat-steinbach.com\/rarebooks\/wp-json\/wp\/v2\/product\/1725","targetHints":{"allow":["GET"]}}],"collection":[{"href":"https:\/\/antiquariat-steinbach.com\/rarebooks\/wp-json\/wp\/v2\/product"}],"about":[{"href":"https:\/\/antiquariat-steinbach.com\/rarebooks\/wp-json\/wp\/v2\/types\/product"}],"version-history":[{"count":3,"href":"https:\/\/antiquariat-steinbach.com\/rarebooks\/wp-json\/wp\/v2\/product\/1725\/revisions"}],"predecessor-version":[{"id":18992,"href":"https:\/\/antiquariat-steinbach.com\/rarebooks\/wp-json\/wp\/v2\/product\/1725\/revisions\/18992"}],"wp:featuredmedia":[{"embeddable":true,"href":"https:\/\/antiquariat-steinbach.com\/rarebooks\/wp-json\/wp\/v2\/media\/14317"}],"wp:attachment":[{"href":"https:\/\/antiquariat-steinbach.com\/rarebooks\/wp-json\/wp\/v2\/media?parent=1725"}],"wp:term":[{"taxonomy":"product_brand","embeddable":true,"href":"https:\/\/antiquariat-steinbach.com\/rarebooks\/wp-json\/wp\/v2\/product_brand?post=1725"},{"taxonomy":"product_cat","embeddable":true,"href":"https:\/\/antiquariat-steinbach.com\/rarebooks\/wp-json\/wp\/v2\/product_cat?post=1725"},{"taxonomy":"product_tag","embeddable":true,"href":"https:\/\/antiquariat-steinbach.com\/rarebooks\/wp-json\/wp\/v2\/product_tag?post=1725"}],"curies":[{"name":"wp","href":"https:\/\/api.w.org\/{rel}","templated":true}]}}