{"id":17176,"date":"2026-03-12T00:14:29","date_gmt":"2026-03-11T23:14:29","guid":{"rendered":"https:\/\/antiquariat-steinbach.com\/rarebooks\/produkt\/leisching-julius-moebelbeschlaege-aus-den-jahren-1770-bis-1840\/"},"modified":"2026-03-12T00:14:30","modified_gmt":"2026-03-11T23:14:30","slug":"leisching-julius-moebelbeschlaege-aus-den-jahren-1770-bis-1840","status":"publish","type":"product","link":"https:\/\/antiquariat-steinbach.com\/rarebooks\/produkt\/leisching-julius-moebelbeschlaege-aus-den-jahren-1770-bis-1840\/","title":{"rendered":"Leisching, Julius. &#8211;  M\u00f6belbeschl\u00e4ge aus den Jahren 1770 bis 1840."},"content":{"rendered":"<p>Wien, Schroll, 1907.<\/p>\n<p>43 : 31,5 cm. 2 Blatt, 26 Tafeln mit 168 Abbildungen Original Halbleinen-Mappe.<\/p>\n<p>175,00 EUR<\/p>\n","protected":false},"excerpt":{"rendered":"<p>Zeigt haupts\u00e4chlich die Best\u00e4nde des m\u00e4hrischen Gewerbemuseums, dessen Direktor Leischnig war. &#8211; Mappe an den R\u00e4ndern gering angestaubt.<\/p>\n","protected":false},"featured_media":17178,"template":"","meta":[],"product_brand":[],"product_cat":[303,259,178,232,914],"product_tag":[],"class_list":{"0":"post-17176","1":"product","2":"type-product","3":"status-publish","4":"has-post-thumbnail","6":"product_cat-boehmen","7":"product_cat-handwerk","8":"product_cat-kunstgewerbe","9":"product_cat-moebel","10":"product_cat-zvab","12":"first","13":"instock","14":"purchasable","15":"product-type-simple"},"_links":{"self":[{"href":"https:\/\/antiquariat-steinbach.com\/rarebooks\/wp-json\/wp\/v2\/product\/17176","targetHints":{"allow":["GET"]}}],"collection":[{"href":"https:\/\/antiquariat-steinbach.com\/rarebooks\/wp-json\/wp\/v2\/product"}],"about":[{"href":"https:\/\/antiquariat-steinbach.com\/rarebooks\/wp-json\/wp\/v2\/types\/product"}],"version-history":[{"count":2,"href":"https:\/\/antiquariat-steinbach.com\/rarebooks\/wp-json\/wp\/v2\/product\/17176\/revisions"}],"predecessor-version":[{"id":20548,"href":"https:\/\/antiquariat-steinbach.com\/rarebooks\/wp-json\/wp\/v2\/product\/17176\/revisions\/20548"}],"wp:featuredmedia":[{"embeddable":true,"href":"https:\/\/antiquariat-steinbach.com\/rarebooks\/wp-json\/wp\/v2\/media\/17178"}],"wp:attachment":[{"href":"https:\/\/antiquariat-steinbach.com\/rarebooks\/wp-json\/wp\/v2\/media?parent=17176"}],"wp:term":[{"taxonomy":"product_brand","embeddable":true,"href":"https:\/\/antiquariat-steinbach.com\/rarebooks\/wp-json\/wp\/v2\/product_brand?post=17176"},{"taxonomy":"product_cat","embeddable":true,"href":"https:\/\/antiquariat-steinbach.com\/rarebooks\/wp-json\/wp\/v2\/product_cat?post=17176"},{"taxonomy":"product_tag","embeddable":true,"href":"https:\/\/antiquariat-steinbach.com\/rarebooks\/wp-json\/wp\/v2\/product_tag?post=17176"}],"curies":[{"name":"wp","href":"https:\/\/api.w.org\/{rel}","templated":true}]}}