{"id":17132,"date":"2026-03-12T00:14:15","date_gmt":"2026-03-11T23:14:15","guid":{"rendered":"https:\/\/antiquariat-steinbach.com\/rarebooks\/produkt\/la-chau-geraud-de-le-blond-gaspard-michel-description-des-principales-pierres-gravees-du-cabinet-de-s-a-s-monseigneur-le-duc-dorleans-premier-price-du-sang\/"},"modified":"2026-03-12T00:14:15","modified_gmt":"2026-03-11T23:14:15","slug":"la-chau-geraud-de-le-blond-gaspard-michel-description-des-principales-pierres-gravees-du-cabinet-de-s-a-s-monseigneur-le-duc-dorleans-premier-price-du-sang","status":"publish","type":"product","link":"https:\/\/antiquariat-steinbach.com\/rarebooks\/produkt\/la-chau-geraud-de-le-blond-gaspard-michel-description-des-principales-pierres-gravees-du-cabinet-de-s-a-s-monseigneur-le-duc-dorleans-premier-price-du-sang\/","title":{"rendered":"La Chau (G\u00e9raud de) &#038; Le Blond (Gaspard Michel). &#8211;  Description des principales pierres grav\u00e9es du cabinet de S.A.S. Monseigneur le Duc D&#8217;Orl\u00e9ans, premier Price du Sang."},"content":{"rendered":"<p>Paris, chez l&#8217;Abb\u00e9 de la Chau et chez l&#8217;Abb\u00e9 Le Blond, 1730.<\/p>\n<p>Volume 1 (off 2). 33,5 : 21,5 cm. Frontispiece, Title with engraved vignette, 15 leaves, 303 pages, 88 engraved plates and 47 engraved vignettes. Contemporary calf.<\/p>\n<p>300,00 EUR<\/p>\n","protected":false},"excerpt":{"rendered":"<p>The members of the House of Orleans, have been, for the most part, important collectors. Gaston d&#8217;Orleans (1608 &#8211; 1660), the brother of Louis XIII, has collected a great number of cameos by the painter Pierre Paul Rubens. The collection is nowadays in the National Library of France. &#8211; A second volume was published in 1784. &#8211;  Book Block lossened, spine damaged, binding rubbed, inside mostly fine.<\/p>\n","protected":false},"featured_media":17134,"template":"","meta":[],"product_brand":[],"product_cat":[96,954,955,346,914],"product_tag":[],"class_list":{"0":"post-17132","1":"product","2":"type-product","3":"status-publish","4":"has-post-thumbnail","6":"product_cat-frankreich","7":"product_cat-gemmen","8":"product_cat-gemmologie","9":"product_cat-illustrated-books","10":"product_cat-zvab","12":"first","13":"instock","14":"purchasable","15":"product-type-simple"},"_links":{"self":[{"href":"https:\/\/antiquariat-steinbach.com\/rarebooks\/wp-json\/wp\/v2\/product\/17132","targetHints":{"allow":["GET"]}}],"collection":[{"href":"https:\/\/antiquariat-steinbach.com\/rarebooks\/wp-json\/wp\/v2\/product"}],"about":[{"href":"https:\/\/antiquariat-steinbach.com\/rarebooks\/wp-json\/wp\/v2\/types\/product"}],"version-history":[{"count":2,"href":"https:\/\/antiquariat-steinbach.com\/rarebooks\/wp-json\/wp\/v2\/product\/17132\/revisions"}],"predecessor-version":[{"id":20465,"href":"https:\/\/antiquariat-steinbach.com\/rarebooks\/wp-json\/wp\/v2\/product\/17132\/revisions\/20465"}],"wp:featuredmedia":[{"embeddable":true,"href":"https:\/\/antiquariat-steinbach.com\/rarebooks\/wp-json\/wp\/v2\/media\/17134"}],"wp:attachment":[{"href":"https:\/\/antiquariat-steinbach.com\/rarebooks\/wp-json\/wp\/v2\/media?parent=17132"}],"wp:term":[{"taxonomy":"product_brand","embeddable":true,"href":"https:\/\/antiquariat-steinbach.com\/rarebooks\/wp-json\/wp\/v2\/product_brand?post=17132"},{"taxonomy":"product_cat","embeddable":true,"href":"https:\/\/antiquariat-steinbach.com\/rarebooks\/wp-json\/wp\/v2\/product_cat?post=17132"},{"taxonomy":"product_tag","embeddable":true,"href":"https:\/\/antiquariat-steinbach.com\/rarebooks\/wp-json\/wp\/v2\/product_tag?post=17132"}],"curies":[{"name":"wp","href":"https:\/\/api.w.org\/{rel}","templated":true}]}}