{"id":17099,"date":"2026-03-12T00:14:44","date_gmt":"2026-03-11T23:14:44","guid":{"rendered":"https:\/\/antiquariat-steinbach.com\/rarebooks\/produkt\/l-horvath-horvath-oedoen-von-figaro-laesst-sich-scheiden-komoedie-in-drei-akten-mit-einer-einfuehrung-von-traugott-kirschke\/"},"modified":"2026-03-12T00:14:45","modified_gmt":"2026-03-11T23:14:45","slug":"literatur-horvath-oedoen-von-figaro-laesst-sich-scheiden-komoedie-in-drei-akten-mit-einer-einfuehrung-von-traugott-kirschke","status":"publish","type":"product","link":"https:\/\/antiquariat-steinbach.com\/rarebooks\/produkt\/literatur-horvath-oedoen-von-figaro-laesst-sich-scheiden-komoedie-in-drei-akten-mit-einer-einfuehrung-von-traugott-kirschke\/","title":{"rendered":"Literatur &#8211;   Horvath, \u00d6d\u00f6n von. &#8211;  Figaro l\u00e4\u00dft sich scheiden. Kom\u00f6die in drei Akten. Mit einer Einf\u00fchrung von Traugott Kirschke."},"content":{"rendered":"<p>Wien, Bergland-Verlag, 1959.<\/p>\n<p>19,5 : 12,5 cm. 90 pages, 1 leaf. Boards, title-lable mounted on front cover and spine.<\/p>\n<p>20,00 EUR<\/p>\n","protected":false},"excerpt":{"rendered":"<p>First edition. &#8211; W.-G. 10.<\/p>\n","protected":false},"featured_media":17101,"template":"","meta":[],"product_brand":[],"product_cat":[29,32,914],"product_tag":[],"class_list":{"0":"post-17099","1":"product","2":"type-product","3":"status-publish","4":"has-post-thumbnail","6":"product_cat-20-jahrhundert","7":"product_cat-literatur","8":"product_cat-zvab","10":"first","11":"instock","12":"purchasable","13":"product-type-simple"},"_links":{"self":[{"href":"https:\/\/antiquariat-steinbach.com\/rarebooks\/wp-json\/wp\/v2\/product\/17099","targetHints":{"allow":["GET"]}}],"collection":[{"href":"https:\/\/antiquariat-steinbach.com\/rarebooks\/wp-json\/wp\/v2\/product"}],"about":[{"href":"https:\/\/antiquariat-steinbach.com\/rarebooks\/wp-json\/wp\/v2\/types\/product"}],"version-history":[{"count":3,"href":"https:\/\/antiquariat-steinbach.com\/rarebooks\/wp-json\/wp\/v2\/product\/17099\/revisions"}],"predecessor-version":[{"id":24556,"href":"https:\/\/antiquariat-steinbach.com\/rarebooks\/wp-json\/wp\/v2\/product\/17099\/revisions\/24556"}],"wp:featuredmedia":[{"embeddable":true,"href":"https:\/\/antiquariat-steinbach.com\/rarebooks\/wp-json\/wp\/v2\/media\/17101"}],"wp:attachment":[{"href":"https:\/\/antiquariat-steinbach.com\/rarebooks\/wp-json\/wp\/v2\/media?parent=17099"}],"wp:term":[{"taxonomy":"product_brand","embeddable":true,"href":"https:\/\/antiquariat-steinbach.com\/rarebooks\/wp-json\/wp\/v2\/product_brand?post=17099"},{"taxonomy":"product_cat","embeddable":true,"href":"https:\/\/antiquariat-steinbach.com\/rarebooks\/wp-json\/wp\/v2\/product_cat?post=17099"},{"taxonomy":"product_tag","embeddable":true,"href":"https:\/\/antiquariat-steinbach.com\/rarebooks\/wp-json\/wp\/v2\/product_tag?post=17099"}],"curies":[{"name":"wp","href":"https:\/\/api.w.org\/{rel}","templated":true}]}}