{"id":17004,"date":"2026-03-12T00:12:20","date_gmt":"2026-03-11T23:12:20","guid":{"rendered":"https:\/\/antiquariat-steinbach.com\/rarebooks\/produkt\/k-4-aus-des-knaben-wunderhorn\/"},"modified":"2026-03-12T00:12:22","modified_gmt":"2026-03-11T23:12:22","slug":"k-4-aus-des-knaben-wunderhorn","status":"publish","type":"product","link":"https:\/\/antiquariat-steinbach.com\/rarebooks\/produkt\/k-4-aus-des-knaben-wunderhorn\/","title":{"rendered":"K &#8211; 4 &#8211;   Aus des Knaben Wunderhorn."},"content":{"rendered":"<p>Wien und Leipzig, Gerlach (1902).<\/p>\n<p>15,5 : 14 cm. 96 Seiten mit 84 meist farbigen Illustrationen von Berthold L\u00f6ffler. Illustrierter Original-Leinenband.<\/p>\n<p>40,00 EUR<\/p>\n","protected":false},"excerpt":{"rendered":"<p>Gerlachs Jugendb\u00fccherei Band 4. &#8211; Mit den herrlichen Illustrationen von Berthold L\u00f6ffler. &#8211; Teils fleckig bzw. gebr\u00e4unt, Einband teils fleckig und wellig.<\/p>\n","protected":false},"featured_media":17006,"template":"","meta":[],"product_brand":[],"product_cat":[60,137,90,914],"product_tag":[],"class_list":{"0":"post-17004","1":"product","2":"type-product","3":"status-publish","4":"has-post-thumbnail","6":"product_cat-kinderbuecher","7":"product_cat-maerchen","8":"product_cat-viennensia","9":"product_cat-zvab","11":"first","12":"instock","13":"purchasable","14":"product-type-simple"},"_links":{"self":[{"href":"https:\/\/antiquariat-steinbach.com\/rarebooks\/wp-json\/wp\/v2\/product\/17004","targetHints":{"allow":["GET"]}}],"collection":[{"href":"https:\/\/antiquariat-steinbach.com\/rarebooks\/wp-json\/wp\/v2\/product"}],"about":[{"href":"https:\/\/antiquariat-steinbach.com\/rarebooks\/wp-json\/wp\/v2\/types\/product"}],"version-history":[{"count":2,"href":"https:\/\/antiquariat-steinbach.com\/rarebooks\/wp-json\/wp\/v2\/product\/17004\/revisions"}],"predecessor-version":[{"id":20170,"href":"https:\/\/antiquariat-steinbach.com\/rarebooks\/wp-json\/wp\/v2\/product\/17004\/revisions\/20170"}],"wp:featuredmedia":[{"embeddable":true,"href":"https:\/\/antiquariat-steinbach.com\/rarebooks\/wp-json\/wp\/v2\/media\/17006"}],"wp:attachment":[{"href":"https:\/\/antiquariat-steinbach.com\/rarebooks\/wp-json\/wp\/v2\/media?parent=17004"}],"wp:term":[{"taxonomy":"product_brand","embeddable":true,"href":"https:\/\/antiquariat-steinbach.com\/rarebooks\/wp-json\/wp\/v2\/product_brand?post=17004"},{"taxonomy":"product_cat","embeddable":true,"href":"https:\/\/antiquariat-steinbach.com\/rarebooks\/wp-json\/wp\/v2\/product_cat?post=17004"},{"taxonomy":"product_tag","embeddable":true,"href":"https:\/\/antiquariat-steinbach.com\/rarebooks\/wp-json\/wp\/v2\/product_tag?post=17004"}],"curies":[{"name":"wp","href":"https:\/\/api.w.org\/{rel}","templated":true}]}}