{"id":16877,"date":"2026-03-12T00:10:29","date_gmt":"2026-03-11T23:10:29","guid":{"rendered":"https:\/\/antiquariat-steinbach.com\/rarebooks\/produkt\/holm-korfiz-schloss-uebermut-novelle\/"},"modified":"2026-03-12T00:10:30","modified_gmt":"2026-03-11T23:10:30","slug":"holm-korfiz-schloss-uebermut-novelle","status":"publish","type":"product","link":"https:\/\/antiquariat-steinbach.com\/rarebooks\/produkt\/holm-korfiz-schloss-uebermut-novelle\/","title":{"rendered":"Holm, Korfiz. &#8211;  Schlo\u00df \u00dcbermut. Novelle."},"content":{"rendered":"<p>M\u00fcnchen, Langen, 1928.<\/p>\n<p>16.-20. Tausend. 18 : 11 cm. 118 Seiten, 2 Blatt. Original Pappband.<\/p>\n<p>20,00 EUR<\/p>\n","protected":false},"excerpt":{"rendered":"<p>Kleine Bibliothek Langen, Band 10.<\/p>\n","protected":false},"featured_media":16879,"template":"","meta":[],"product_brand":[],"product_cat":[32,914],"product_tag":[],"class_list":{"0":"post-16877","1":"product","2":"type-product","3":"status-publish","4":"has-post-thumbnail","6":"product_cat-literatur","7":"product_cat-zvab","9":"first","10":"instock","11":"purchasable","12":"product-type-simple"},"_links":{"self":[{"href":"https:\/\/antiquariat-steinbach.com\/rarebooks\/wp-json\/wp\/v2\/product\/16877","targetHints":{"allow":["GET"]}}],"collection":[{"href":"https:\/\/antiquariat-steinbach.com\/rarebooks\/wp-json\/wp\/v2\/product"}],"about":[{"href":"https:\/\/antiquariat-steinbach.com\/rarebooks\/wp-json\/wp\/v2\/types\/product"}],"version-history":[{"count":2,"href":"https:\/\/antiquariat-steinbach.com\/rarebooks\/wp-json\/wp\/v2\/product\/16877\/revisions"}],"predecessor-version":[{"id":19924,"href":"https:\/\/antiquariat-steinbach.com\/rarebooks\/wp-json\/wp\/v2\/product\/16877\/revisions\/19924"}],"wp:featuredmedia":[{"embeddable":true,"href":"https:\/\/antiquariat-steinbach.com\/rarebooks\/wp-json\/wp\/v2\/media\/16879"}],"wp:attachment":[{"href":"https:\/\/antiquariat-steinbach.com\/rarebooks\/wp-json\/wp\/v2\/media?parent=16877"}],"wp:term":[{"taxonomy":"product_brand","embeddable":true,"href":"https:\/\/antiquariat-steinbach.com\/rarebooks\/wp-json\/wp\/v2\/product_brand?post=16877"},{"taxonomy":"product_cat","embeddable":true,"href":"https:\/\/antiquariat-steinbach.com\/rarebooks\/wp-json\/wp\/v2\/product_cat?post=16877"},{"taxonomy":"product_tag","embeddable":true,"href":"https:\/\/antiquariat-steinbach.com\/rarebooks\/wp-json\/wp\/v2\/product_tag?post=16877"}],"curies":[{"name":"wp","href":"https:\/\/api.w.org\/{rel}","templated":true}]}}