{"id":16694,"date":"2026-03-12T00:06:55","date_gmt":"2026-03-11T23:06:55","guid":{"rendered":"https:\/\/antiquariat-steinbach.com\/rarebooks\/produkt\/fronius-fronius-hans-parabeln-mit-einer-einfuehrung-von-alfred-marks\/"},"modified":"2026-03-12T00:06:56","modified_gmt":"2026-03-11T23:06:56","slug":"fronius-fronius-hans-parabeln-mit-einer-einfuehrung-von-alfred-marks","status":"publish","type":"product","link":"https:\/\/antiquariat-steinbach.com\/rarebooks\/produkt\/fronius-fronius-hans-parabeln-mit-einer-einfuehrung-von-alfred-marks\/","title":{"rendered":"Fronius &#8211;   Fronius, Hans. &#8211;  Parabeln. Mit einer Einf\u00fchrung von Alfred Marks."},"content":{"rendered":"<p>Wien, Edition Tusch, 1975.<\/p>\n<p>55,5 : 41,5 4 Blatt, 14 signierte, datierte und als K\u00fcnstlerexemplare bezeichnete Original Radierungen. Loose in Original Leinen-Mappe und Papp-Schuber<\/p>\n<p>1200,00 EUR<\/p>\n","protected":false},"excerpt":{"rendered":"<p>Eines von nur XX nummerierten K\u00fcnstlerexemplare, die nicht in den Handel kamen. Auf dem Titelblatt nummeriert XII\/XX der Ausgabe A. Jeder der 14 Radierungen voll signiert, datiert und als K\u00fcnstler-Exemplar bezeichnet. Auf schwerem B\u00fctten gedruckt. In dieser Form selten und tadellos erhalten. &#8211; &#8222;Freie Einf\u00e4lle werden (&#8230;) durch andere inhaltliche wie formale Zusammenh\u00e4nge und Gesichtspunkte auf eine geistig-k\u00fcnstlerische Art zur Einheit verbunden. Tonige Aquatinta-Bl\u00e4tter werden von anderen begleitet, die unter Verzicht auf malerische Effekte und K\u00f6rperlichkeit Sch\u00e4rfe und Pr\u00e4gnanz des auf das Wesentliche reduzierten graphischen Ausdrucks vermitteln&#8220; (Einf\u00fchrung zu diesem Radier-Zyklus). &#8211;  Rethi R 59 &#8211; 72.<\/p>\n","protected":false},"featured_media":16696,"template":"","meta":[],"product_brand":[],"product_cat":[29,950,491,43,914],"product_tag":[],"class_list":{"0":"post-16694","1":"product","2":"type-product","3":"status-publish","4":"has-post-thumbnail","6":"product_cat-20-jahrhundert","7":"product_cat-fronius","8":"product_cat-hans","9":"product_cat-illustrierte-buecher","10":"product_cat-zvab","12":"first","13":"instock","14":"purchasable","15":"product-type-simple"},"_links":{"self":[{"href":"https:\/\/antiquariat-steinbach.com\/rarebooks\/wp-json\/wp\/v2\/product\/16694","targetHints":{"allow":["GET"]}}],"collection":[{"href":"https:\/\/antiquariat-steinbach.com\/rarebooks\/wp-json\/wp\/v2\/product"}],"about":[{"href":"https:\/\/antiquariat-steinbach.com\/rarebooks\/wp-json\/wp\/v2\/types\/product"}],"version-history":[{"count":2,"href":"https:\/\/antiquariat-steinbach.com\/rarebooks\/wp-json\/wp\/v2\/product\/16694\/revisions"}],"predecessor-version":[{"id":19463,"href":"https:\/\/antiquariat-steinbach.com\/rarebooks\/wp-json\/wp\/v2\/product\/16694\/revisions\/19463"}],"wp:featuredmedia":[{"embeddable":true,"href":"https:\/\/antiquariat-steinbach.com\/rarebooks\/wp-json\/wp\/v2\/media\/16696"}],"wp:attachment":[{"href":"https:\/\/antiquariat-steinbach.com\/rarebooks\/wp-json\/wp\/v2\/media?parent=16694"}],"wp:term":[{"taxonomy":"product_brand","embeddable":true,"href":"https:\/\/antiquariat-steinbach.com\/rarebooks\/wp-json\/wp\/v2\/product_brand?post=16694"},{"taxonomy":"product_cat","embeddable":true,"href":"https:\/\/antiquariat-steinbach.com\/rarebooks\/wp-json\/wp\/v2\/product_cat?post=16694"},{"taxonomy":"product_tag","embeddable":true,"href":"https:\/\/antiquariat-steinbach.com\/rarebooks\/wp-json\/wp\/v2\/product_tag?post=16694"}],"curies":[{"name":"wp","href":"https:\/\/api.w.org\/{rel}","templated":true}]}}