{"id":16691,"date":"2026-03-12T00:06:55","date_gmt":"2026-03-11T23:06:55","guid":{"rendered":"https:\/\/antiquariat-steinbach.com\/rarebooks\/produkt\/fronius-fronius-hans-il-carnevale-e-andato-10-radierungen-auf-kupfer-einfuehrung-von-dieter-ronte\/"},"modified":"2026-03-12T00:06:55","modified_gmt":"2026-03-11T23:06:55","slug":"fronius-fronius-hans-il-carnevale-e-andato-10-radierungen-auf-kupfer-einfuehrung-von-dieter-ronte","status":"publish","type":"product","link":"https:\/\/antiquariat-steinbach.com\/rarebooks\/produkt\/fronius-fronius-hans-il-carnevale-e-andato-10-radierungen-auf-kupfer-einfuehrung-von-dieter-ronte\/","title":{"rendered":"Fronius &#8211;   Fronius, Hans. &#8211;  Il carnevale \u00e8 andato. 10 Radierungen auf Kupfer. Einf\u00fchrung von Dieter Ronte."},"content":{"rendered":"<p>Wien, Hilger, 1988.<\/p>\n<p>66,5 : 51 cm. 2 Blatt, 10  nummerierte, datierte und r\u00fcckseitig  mit Nachla\u00df- und Signaturstempel von Fronius, sowie von Christel Fronius signerte Original-Radierungen. Original Leinen-Mappe.<\/p>\n<p>720,00 EUR<\/p>\n","protected":false},"excerpt":{"rendered":"<p>Eines von 30 K\u00fcnstlerexemplaren. Alle Radierungen nummeriert, datiert und r\u00fcckseitig mit Nachla\u00df- und Signaturstempel von Fronius, sowie von Christel Fronius signiert. Die Radierungen in der Technik Vernis mou, Kaltnadel und Roulette, entstanden im Februar und M\u00e4rz 1988 in der Radierwerkstatt Zein\/Wien. &#8211; Die letzte graphische Arbeit des 1988 verstorbenen Wiener K\u00fcnstlers. &#8222;Der K\u00fcnstler hat kurz vor seinem Tode die jetzt ausgedruckte vorliegende Mappe als Weichgrund\u00e4tzung (vernis mou) noch gezeichnet. Sie ist ein Zeugis, wie es selten K\u00fcnstler hinterlassen, eine autobiographische Methapher als Testament&#8220;. &#8211; Tadellos.<\/p>\n","protected":false},"featured_media":16693,"template":"","meta":[],"product_brand":[],"product_cat":[29,96,950,97,491,43,914],"product_tag":[],"class_list":{"0":"post-16691","1":"product","2":"type-product","3":"status-publish","4":"has-post-thumbnail","6":"product_cat-20-jahrhundert","7":"product_cat-frankreich","8":"product_cat-fronius","9":"product_cat-geschichte","10":"product_cat-hans","11":"product_cat-illustrierte-buecher","12":"product_cat-zvab","14":"first","15":"instock","16":"purchasable","17":"product-type-simple"},"_links":{"self":[{"href":"https:\/\/antiquariat-steinbach.com\/rarebooks\/wp-json\/wp\/v2\/product\/16691","targetHints":{"allow":["GET"]}}],"collection":[{"href":"https:\/\/antiquariat-steinbach.com\/rarebooks\/wp-json\/wp\/v2\/product"}],"about":[{"href":"https:\/\/antiquariat-steinbach.com\/rarebooks\/wp-json\/wp\/v2\/types\/product"}],"version-history":[{"count":2,"href":"https:\/\/antiquariat-steinbach.com\/rarebooks\/wp-json\/wp\/v2\/product\/16691\/revisions"}],"predecessor-version":[{"id":19462,"href":"https:\/\/antiquariat-steinbach.com\/rarebooks\/wp-json\/wp\/v2\/product\/16691\/revisions\/19462"}],"wp:featuredmedia":[{"embeddable":true,"href":"https:\/\/antiquariat-steinbach.com\/rarebooks\/wp-json\/wp\/v2\/media\/16693"}],"wp:attachment":[{"href":"https:\/\/antiquariat-steinbach.com\/rarebooks\/wp-json\/wp\/v2\/media?parent=16691"}],"wp:term":[{"taxonomy":"product_brand","embeddable":true,"href":"https:\/\/antiquariat-steinbach.com\/rarebooks\/wp-json\/wp\/v2\/product_brand?post=16691"},{"taxonomy":"product_cat","embeddable":true,"href":"https:\/\/antiquariat-steinbach.com\/rarebooks\/wp-json\/wp\/v2\/product_cat?post=16691"},{"taxonomy":"product_tag","embeddable":true,"href":"https:\/\/antiquariat-steinbach.com\/rarebooks\/wp-json\/wp\/v2\/product_tag?post=16691"}],"curies":[{"name":"wp","href":"https:\/\/api.w.org\/{rel}","templated":true}]}}