{"id":16673,"date":"2026-03-12T00:06:47","date_gmt":"2026-03-11T23:06:47","guid":{"rendered":"https:\/\/antiquariat-steinbach.com\/rarebooks\/produkt\/franklin-alfred-la-vie-privee-dautrefois-arts-et-metiers-modes-moeurs-usages-des-parisiens-du-xiie-au-xviiie-siecle\/"},"modified":"2026-03-12T00:06:47","modified_gmt":"2026-03-11T23:06:47","slug":"franklin-alfred-la-vie-privee-dautrefois-arts-et-metiers-modes-moeurs-usages-des-parisiens-du-xiie-au-xviiie-siecle","status":"publish","type":"product","link":"https:\/\/antiquariat-steinbach.com\/rarebooks\/produkt\/franklin-alfred-la-vie-privee-dautrefois-arts-et-metiers-modes-moeurs-usages-des-parisiens-du-xiie-au-xviiie-siecle\/","title":{"rendered":"Franklin, Alfred. &#8211;  La vie priv\u00e9e d&#8217;autrefois. Arts et metiers modes, moeurs, usages des Parisiens du XIIe au XVIIIe si\u00e9cle."},"content":{"rendered":"<p>Paris, Plon, 1888 &#8211; 1893.<\/p>\n<p>3 volumes. 18,5 : 12 cm. 2 leaves, 265 pages; III, 280 pages, 2 leaves; XI, 319 pages, 2 leaves., with a few illustrations. Original wrappers.<\/p>\n<p>280,00 EUR<\/p>\n","protected":false},"excerpt":{"rendered":"<p>The complet set of three volumes. I. La cuisine &#8211; 2.Vari\u00e9t\u00e9s gastronomiques &#8211; 3. Le cafe, le th\u00e9 &#038; le chocolat. &#8211; Uncut copies. &#8211; Vol 3 first 24 pagesand fron cover loosened.<\/p>\n","protected":false},"featured_media":16675,"template":"","meta":[],"product_brand":[],"product_cat":[143,58,112,59,914],"product_tag":[],"class_list":{"0":"post-16673","1":"product","2":"type-product","3":"status-publish","4":"has-post-thumbnail","6":"product_cat-francais","7":"product_cat-gastronomie","8":"product_cat-kochbuecher","9":"product_cat-kulturgeschichte","10":"product_cat-zvab","12":"first","13":"instock","14":"purchasable","15":"product-type-simple"},"_links":{"self":[{"href":"https:\/\/antiquariat-steinbach.com\/rarebooks\/wp-json\/wp\/v2\/product\/16673","targetHints":{"allow":["GET"]}}],"collection":[{"href":"https:\/\/antiquariat-steinbach.com\/rarebooks\/wp-json\/wp\/v2\/product"}],"about":[{"href":"https:\/\/antiquariat-steinbach.com\/rarebooks\/wp-json\/wp\/v2\/types\/product"}],"version-history":[{"count":2,"href":"https:\/\/antiquariat-steinbach.com\/rarebooks\/wp-json\/wp\/v2\/product\/16673\/revisions"}],"predecessor-version":[{"id":19423,"href":"https:\/\/antiquariat-steinbach.com\/rarebooks\/wp-json\/wp\/v2\/product\/16673\/revisions\/19423"}],"wp:featuredmedia":[{"embeddable":true,"href":"https:\/\/antiquariat-steinbach.com\/rarebooks\/wp-json\/wp\/v2\/media\/16675"}],"wp:attachment":[{"href":"https:\/\/antiquariat-steinbach.com\/rarebooks\/wp-json\/wp\/v2\/media?parent=16673"}],"wp:term":[{"taxonomy":"product_brand","embeddable":true,"href":"https:\/\/antiquariat-steinbach.com\/rarebooks\/wp-json\/wp\/v2\/product_brand?post=16673"},{"taxonomy":"product_cat","embeddable":true,"href":"https:\/\/antiquariat-steinbach.com\/rarebooks\/wp-json\/wp\/v2\/product_cat?post=16673"},{"taxonomy":"product_tag","embeddable":true,"href":"https:\/\/antiquariat-steinbach.com\/rarebooks\/wp-json\/wp\/v2\/product_tag?post=16673"}],"curies":[{"name":"wp","href":"https:\/\/api.w.org\/{rel}","templated":true}]}}