{"id":1663,"date":"2026-03-12T00:04:08","date_gmt":"2026-03-11T23:04:08","guid":{"rendered":"http:\/\/antiquariat-steinbach.com\/rarebooks\/produkt\/herbstlich-helles-leuchten-ueberm-see-chinesische-gedichte-aus-der-tang-zeit\/"},"modified":"2026-03-12T00:04:09","modified_gmt":"2026-03-11T23:04:09","slug":"china-debon-guenther-uebertragen-von-herbstlich-helles-leuchten-ueberm-see-chinesische-gedichte-aus-der-tang-zeit","status":"publish","type":"product","link":"https:\/\/antiquariat-steinbach.com\/rarebooks\/produkt\/china-debon-guenther-uebertragen-von-herbstlich-helles-leuchten-ueberm-see-chinesische-gedichte-aus-der-tang-zeit\/","title":{"rendered":"China &#8211;   Debon, G\u00fcnther (\u00dcbertragen von). &#8211;  Herbstlich helles Leuchten \u00fcberm See. Chinesische Gedichte aus der Tang-Zeit."},"content":{"rendered":"<p>M\u00fcnchen, Piper, 1955.<\/p>\n<p>20 : 12 cm. 61 Seiten, 1 Blatt, 8 Tafeln. Farbig illustrierter Original Pappband.<\/p>\n<p>15,00 EUR<\/p>\n","protected":false},"excerpt":{"rendered":"<p>Piper B\u00fccherei Nr. 63.<\/p>\n","protected":false},"featured_media":0,"template":"","meta":[],"product_brand":[],"product_cat":[29,63,53,388,43,140,914],"product_tag":[],"class_list":{"0":"post-1663","1":"product","2":"type-product","3":"status-publish","5":"product_cat-20-jahrhundert","6":"product_cat-asien","7":"product_cat-china","8":"product_cat-gedichte-20","9":"product_cat-illustrierte-buecher","10":"product_cat-jhdt","11":"product_cat-zvab","13":"first","14":"instock","15":"purchasable","16":"product-type-simple"},"_links":{"self":[{"href":"https:\/\/antiquariat-steinbach.com\/rarebooks\/wp-json\/wp\/v2\/product\/1663","targetHints":{"allow":["GET"]}}],"collection":[{"href":"https:\/\/antiquariat-steinbach.com\/rarebooks\/wp-json\/wp\/v2\/product"}],"about":[{"href":"https:\/\/antiquariat-steinbach.com\/rarebooks\/wp-json\/wp\/v2\/types\/product"}],"version-history":[{"count":3,"href":"https:\/\/antiquariat-steinbach.com\/rarebooks\/wp-json\/wp\/v2\/product\/1663\/revisions"}],"predecessor-version":[{"id":18962,"href":"https:\/\/antiquariat-steinbach.com\/rarebooks\/wp-json\/wp\/v2\/product\/1663\/revisions\/18962"}],"wp:attachment":[{"href":"https:\/\/antiquariat-steinbach.com\/rarebooks\/wp-json\/wp\/v2\/media?parent=1663"}],"wp:term":[{"taxonomy":"product_brand","embeddable":true,"href":"https:\/\/antiquariat-steinbach.com\/rarebooks\/wp-json\/wp\/v2\/product_brand?post=1663"},{"taxonomy":"product_cat","embeddable":true,"href":"https:\/\/antiquariat-steinbach.com\/rarebooks\/wp-json\/wp\/v2\/product_cat?post=1663"},{"taxonomy":"product_tag","embeddable":true,"href":"https:\/\/antiquariat-steinbach.com\/rarebooks\/wp-json\/wp\/v2\/product_tag?post=1663"}],"curies":[{"name":"wp","href":"https:\/\/api.w.org\/{rel}","templated":true}]}}