{"id":16559,"date":"2026-03-12T00:04:37","date_gmt":"2026-03-11T23:04:37","guid":{"rendered":"https:\/\/antiquariat-steinbach.com\/rarebooks\/produkt\/deukula\/"},"modified":"2026-03-12T00:04:37","modified_gmt":"2026-03-11T23:04:37","slug":"deukula","status":"publish","type":"product","link":"https:\/\/antiquariat-steinbach.com\/rarebooks\/produkt\/deukula\/","title":{"rendered":"DEUKULA."},"content":{"rendered":"<p>M\u00fcnchen, Grallinger &#038; Co. 1936<\/p>\n<p>21 : 15 cm. 4 Blatt. Farbiger Original-Umschlag.<\/p>\n<p>20,00 EUR<\/p>\n","protected":false},"excerpt":{"rendered":"<p>Gabe zum Jahreswechsel 1936 f\u00fcr die Freunde des Hauses. Enth\u00e4lt Sinnspr\u00fccher Goethe, Schiller, Kant, Lessing, Bayron, Roosevelt aber auch von Hitler.<\/p>\n","protected":false},"featured_media":16561,"template":"","meta":[],"product_brand":[],"product_cat":[74,59,32,914],"product_tag":[],"class_list":{"0":"post-16559","1":"product","2":"type-product","3":"status-publish","4":"has-post-thumbnail","6":"product_cat-deutschland","7":"product_cat-kulturgeschichte","8":"product_cat-literatur","9":"product_cat-zvab","11":"first","12":"instock","13":"purchasable","14":"product-type-simple"},"_links":{"self":[{"href":"https:\/\/antiquariat-steinbach.com\/rarebooks\/wp-json\/wp\/v2\/product\/16559","targetHints":{"allow":["GET"]}}],"collection":[{"href":"https:\/\/antiquariat-steinbach.com\/rarebooks\/wp-json\/wp\/v2\/product"}],"about":[{"href":"https:\/\/antiquariat-steinbach.com\/rarebooks\/wp-json\/wp\/v2\/types\/product"}],"version-history":[{"count":1,"href":"https:\/\/antiquariat-steinbach.com\/rarebooks\/wp-json\/wp\/v2\/product\/16559\/revisions"}],"predecessor-version":[{"id":16560,"href":"https:\/\/antiquariat-steinbach.com\/rarebooks\/wp-json\/wp\/v2\/product\/16559\/revisions\/16560"}],"wp:featuredmedia":[{"embeddable":true,"href":"https:\/\/antiquariat-steinbach.com\/rarebooks\/wp-json\/wp\/v2\/media\/16561"}],"wp:attachment":[{"href":"https:\/\/antiquariat-steinbach.com\/rarebooks\/wp-json\/wp\/v2\/media?parent=16559"}],"wp:term":[{"taxonomy":"product_brand","embeddable":true,"href":"https:\/\/antiquariat-steinbach.com\/rarebooks\/wp-json\/wp\/v2\/product_brand?post=16559"},{"taxonomy":"product_cat","embeddable":true,"href":"https:\/\/antiquariat-steinbach.com\/rarebooks\/wp-json\/wp\/v2\/product_cat?post=16559"},{"taxonomy":"product_tag","embeddable":true,"href":"https:\/\/antiquariat-steinbach.com\/rarebooks\/wp-json\/wp\/v2\/product_tag?post=16559"}],"curies":[{"name":"wp","href":"https:\/\/api.w.org\/{rel}","templated":true}]}}