{"id":16539,"date":"2026-03-12T00:04:23","date_gmt":"2026-03-11T23:04:23","guid":{"rendered":"https:\/\/antiquariat-steinbach.com\/rarebooks\/produkt\/cuisine-electrique-conseils-pratiques-a-nos-menageres\/"},"modified":"2026-03-12T00:04:23","modified_gmt":"2026-03-11T23:04:23","slug":"cuisine-electrique-conseils-pratiques-a-nos-menageres","status":"publish","type":"product","link":"https:\/\/antiquariat-steinbach.com\/rarebooks\/produkt\/cuisine-electrique-conseils-pratiques-a-nos-menageres\/","title":{"rendered":"Cuisine \u00e9lectrique. Conseils pratiques \u00e0 nos m\u00e9nag\u00e8res."},"content":{"rendered":"<p>Zurich, Electrodifusion, ca. 1950<\/p>\n<p>20,5 : 14,5 cm. 49 pages with 14 illustrations. Illustrated original wrappers.<\/p>\n<p>45,00 EUR<\/p>\n","protected":false},"excerpt":{"rendered":"<p>Zurich, Electrodifusion, ca. 1950 20,5 : 14,5 cm. 49 pages with 14 illustrations. Illustrated original wrappers. 45,00 EUR<\/p>\n","protected":false},"featured_media":16541,"template":"","meta":[],"product_brand":[],"product_cat":[143,58,112,914],"product_tag":[],"class_list":{"0":"post-16539","1":"product","2":"type-product","3":"status-publish","4":"has-post-thumbnail","6":"product_cat-francais","7":"product_cat-gastronomie","8":"product_cat-kochbuecher","9":"product_cat-zvab","11":"first","12":"instock","13":"purchasable","14":"product-type-simple"},"_links":{"self":[{"href":"https:\/\/antiquariat-steinbach.com\/rarebooks\/wp-json\/wp\/v2\/product\/16539","targetHints":{"allow":["GET"]}}],"collection":[{"href":"https:\/\/antiquariat-steinbach.com\/rarebooks\/wp-json\/wp\/v2\/product"}],"about":[{"href":"https:\/\/antiquariat-steinbach.com\/rarebooks\/wp-json\/wp\/v2\/types\/product"}],"version-history":[{"count":1,"href":"https:\/\/antiquariat-steinbach.com\/rarebooks\/wp-json\/wp\/v2\/product\/16539\/revisions"}],"predecessor-version":[{"id":16540,"href":"https:\/\/antiquariat-steinbach.com\/rarebooks\/wp-json\/wp\/v2\/product\/16539\/revisions\/16540"}],"wp:featuredmedia":[{"embeddable":true,"href":"https:\/\/antiquariat-steinbach.com\/rarebooks\/wp-json\/wp\/v2\/media\/16541"}],"wp:attachment":[{"href":"https:\/\/antiquariat-steinbach.com\/rarebooks\/wp-json\/wp\/v2\/media?parent=16539"}],"wp:term":[{"taxonomy":"product_brand","embeddable":true,"href":"https:\/\/antiquariat-steinbach.com\/rarebooks\/wp-json\/wp\/v2\/product_brand?post=16539"},{"taxonomy":"product_cat","embeddable":true,"href":"https:\/\/antiquariat-steinbach.com\/rarebooks\/wp-json\/wp\/v2\/product_cat?post=16539"},{"taxonomy":"product_tag","embeddable":true,"href":"https:\/\/antiquariat-steinbach.com\/rarebooks\/wp-json\/wp\/v2\/product_tag?post=16539"}],"curies":[{"name":"wp","href":"https:\/\/api.w.org\/{rel}","templated":true}]}}