{"id":16526,"date":"2026-03-12T00:04:14","date_gmt":"2026-03-11T23:04:14","guid":{"rendered":"https:\/\/antiquariat-steinbach.com\/rarebooks\/produkt\/clement-gaston-le-poisson-les-crustaces-et-les-mollusques-en-cuisine-menagere\/"},"modified":"2026-03-12T00:04:15","modified_gmt":"2026-03-11T23:04:15","slug":"clement-gaston-le-poisson-les-crustaces-et-les-mollusques-en-cuisine-menagere","status":"publish","type":"product","link":"https:\/\/antiquariat-steinbach.com\/rarebooks\/produkt\/clement-gaston-le-poisson-les-crustaces-et-les-mollusques-en-cuisine-menagere\/","title":{"rendered":"Cl\u00e9ment, Gaston. &#8211;  Le poisson, les crustac\u00e9s et les mollusques en cuisine m\u00e9nag\u00e8re."},"content":{"rendered":"<p>Paris, L&#8217;Eglantine, 1933.<\/p>\n<p>19,5 : 12 cm. 86 pages. Original boards.<\/p>\n<p>120,00 EUR<\/p>\n","protected":false},"excerpt":{"rendered":"<p>First edition, rare. &#8211; Uncut.<\/p>\n","protected":false},"featured_media":16528,"template":"","meta":[],"product_brand":[],"product_cat":[143,58,112,914],"product_tag":[],"class_list":{"0":"post-16526","1":"product","2":"type-product","3":"status-publish","4":"has-post-thumbnail","6":"product_cat-francais","7":"product_cat-gastronomie","8":"product_cat-kochbuecher","9":"product_cat-zvab","11":"first","12":"instock","13":"purchasable","14":"product-type-simple"},"_links":{"self":[{"href":"https:\/\/antiquariat-steinbach.com\/rarebooks\/wp-json\/wp\/v2\/product\/16526","targetHints":{"allow":["GET"]}}],"collection":[{"href":"https:\/\/antiquariat-steinbach.com\/rarebooks\/wp-json\/wp\/v2\/product"}],"about":[{"href":"https:\/\/antiquariat-steinbach.com\/rarebooks\/wp-json\/wp\/v2\/types\/product"}],"version-history":[{"count":2,"href":"https:\/\/antiquariat-steinbach.com\/rarebooks\/wp-json\/wp\/v2\/product\/16526\/revisions"}],"predecessor-version":[{"id":18991,"href":"https:\/\/antiquariat-steinbach.com\/rarebooks\/wp-json\/wp\/v2\/product\/16526\/revisions\/18991"}],"wp:featuredmedia":[{"embeddable":true,"href":"https:\/\/antiquariat-steinbach.com\/rarebooks\/wp-json\/wp\/v2\/media\/16528"}],"wp:attachment":[{"href":"https:\/\/antiquariat-steinbach.com\/rarebooks\/wp-json\/wp\/v2\/media?parent=16526"}],"wp:term":[{"taxonomy":"product_brand","embeddable":true,"href":"https:\/\/antiquariat-steinbach.com\/rarebooks\/wp-json\/wp\/v2\/product_brand?post=16526"},{"taxonomy":"product_cat","embeddable":true,"href":"https:\/\/antiquariat-steinbach.com\/rarebooks\/wp-json\/wp\/v2\/product_cat?post=16526"},{"taxonomy":"product_tag","embeddable":true,"href":"https:\/\/antiquariat-steinbach.com\/rarebooks\/wp-json\/wp\/v2\/product_tag?post=16526"}],"curies":[{"name":"wp","href":"https:\/\/api.w.org\/{rel}","templated":true}]}}