{"id":1649,"date":"2026-03-12T00:04:06","date_gmt":"2026-03-11T23:04:06","guid":{"rendered":"http:\/\/antiquariat-steinbach.com\/rarebooks\/produkt\/der-junge-kuenstler-ein-bilderbuch-fuer-kleine-maler\/"},"modified":"2026-03-12T00:04:08","modified_gmt":"2026-03-11T23:04:08","slug":"childrens-probst-hans-der-junge-kuenstler-ein-bilderbuch-fuer-kleine-maler","status":"publish","type":"product","link":"https:\/\/antiquariat-steinbach.com\/rarebooks\/produkt\/childrens-probst-hans-der-junge-kuenstler-ein-bilderbuch-fuer-kleine-maler\/","title":{"rendered":"Childrens &#8211;   Probst, Hans. &#8211;  Der junge K\u00fcnstler. Ein Bilderbuch f\u00fcr kleine Maler."},"content":{"rendered":"<p>M\u00fcnchen, Braun &#038; Schneider, o.J. ca. 1920.<\/p>\n<p>3. Auflage. 23,5 : 18,5 cm. 48 Seiten, mit vielen teils farbigen Illustrationen. Farbig illsutrierter Original-Karton.<\/p>\n<p>20,00 EUR<\/p>\n","protected":false},"excerpt":{"rendered":"<p>Im Stil von Wilhelm Busch aufgemacht. &#8211; Rechts unten gering fingerfleckig.<\/p>\n","protected":false},"featured_media":0,"template":"","meta":[],"product_brand":[],"product_cat":[382,60,30,914],"product_tag":[],"class_list":{"0":"post-1649","1":"product","2":"type-product","3":"status-publish","5":"product_cat-childrens","6":"product_cat-kinderbuecher","7":"product_cat-malerei","8":"product_cat-zvab","10":"first","11":"instock","12":"purchasable","13":"product-type-simple"},"_links":{"self":[{"href":"https:\/\/antiquariat-steinbach.com\/rarebooks\/wp-json\/wp\/v2\/product\/1649","targetHints":{"allow":["GET"]}}],"collection":[{"href":"https:\/\/antiquariat-steinbach.com\/rarebooks\/wp-json\/wp\/v2\/product"}],"about":[{"href":"https:\/\/antiquariat-steinbach.com\/rarebooks\/wp-json\/wp\/v2\/types\/product"}],"version-history":[{"count":3,"href":"https:\/\/antiquariat-steinbach.com\/rarebooks\/wp-json\/wp\/v2\/product\/1649\/revisions"}],"predecessor-version":[{"id":18956,"href":"https:\/\/antiquariat-steinbach.com\/rarebooks\/wp-json\/wp\/v2\/product\/1649\/revisions\/18956"}],"wp:attachment":[{"href":"https:\/\/antiquariat-steinbach.com\/rarebooks\/wp-json\/wp\/v2\/media?parent=1649"}],"wp:term":[{"taxonomy":"product_brand","embeddable":true,"href":"https:\/\/antiquariat-steinbach.com\/rarebooks\/wp-json\/wp\/v2\/product_brand?post=1649"},{"taxonomy":"product_cat","embeddable":true,"href":"https:\/\/antiquariat-steinbach.com\/rarebooks\/wp-json\/wp\/v2\/product_cat?post=1649"},{"taxonomy":"product_tag","embeddable":true,"href":"https:\/\/antiquariat-steinbach.com\/rarebooks\/wp-json\/wp\/v2\/product_tag?post=1649"}],"curies":[{"name":"wp","href":"https:\/\/api.w.org\/{rel}","templated":true}]}}