{"id":16443,"date":"2026-03-12T00:02:35","date_gmt":"2026-03-11T23:02:35","guid":{"rendered":"https:\/\/antiquariat-steinbach.com\/rarebooks\/produkt\/brecht-berthold-turandot-oder-der-kongress-der-weisswaescher\/"},"modified":"2026-03-12T00:02:36","modified_gmt":"2026-03-11T23:02:36","slug":"brecht-berthold-turandot-oder-der-kongress-der-weisswaescher","status":"publish","type":"product","link":"https:\/\/antiquariat-steinbach.com\/rarebooks\/produkt\/brecht-berthold-turandot-oder-der-kongress-der-weisswaescher\/","title":{"rendered":"Brecht, Berthold. &#8211;  Turandot oder der Kongress der Weissw\u00e4scher."},"content":{"rendered":"<p>Salzburg,  1977.<\/p>\n<p>30 : 11 cm. und 24,5 : 18 cm. 14 Blatt und 4 Szenenphotos. Original-Karton.<\/p>\n<p>25,00 EUR<\/p>\n","protected":false},"excerpt":{"rendered":"<p>\u00d6sterreichische Erstauff\u00fchrung. Gastspiel des Wiener Ensemble-Tehaters bis den Salzburger Festspielen 1977. Mit einf\u00fchrenden Text von F.H. Wendl und 4 Szenenphotos.<\/p>\n","protected":false},"featured_media":16445,"template":"","meta":[],"product_brand":[],"product_cat":[32,106,145,914],"product_tag":[],"class_list":{"0":"post-16443","1":"product","2":"type-product","3":"status-publish","4":"has-post-thumbnail","6":"product_cat-literatur","7":"product_cat-photographie","8":"product_cat-theater","9":"product_cat-zvab","11":"first","12":"instock","13":"purchasable","14":"product-type-simple"},"_links":{"self":[{"href":"https:\/\/antiquariat-steinbach.com\/rarebooks\/wp-json\/wp\/v2\/product\/16443","targetHints":{"allow":["GET"]}}],"collection":[{"href":"https:\/\/antiquariat-steinbach.com\/rarebooks\/wp-json\/wp\/v2\/product"}],"about":[{"href":"https:\/\/antiquariat-steinbach.com\/rarebooks\/wp-json\/wp\/v2\/types\/product"}],"version-history":[{"count":2,"href":"https:\/\/antiquariat-steinbach.com\/rarebooks\/wp-json\/wp\/v2\/product\/16443\/revisions"}],"predecessor-version":[{"id":18813,"href":"https:\/\/antiquariat-steinbach.com\/rarebooks\/wp-json\/wp\/v2\/product\/16443\/revisions\/18813"}],"wp:featuredmedia":[{"embeddable":true,"href":"https:\/\/antiquariat-steinbach.com\/rarebooks\/wp-json\/wp\/v2\/media\/16445"}],"wp:attachment":[{"href":"https:\/\/antiquariat-steinbach.com\/rarebooks\/wp-json\/wp\/v2\/media?parent=16443"}],"wp:term":[{"taxonomy":"product_brand","embeddable":true,"href":"https:\/\/antiquariat-steinbach.com\/rarebooks\/wp-json\/wp\/v2\/product_brand?post=16443"},{"taxonomy":"product_cat","embeddable":true,"href":"https:\/\/antiquariat-steinbach.com\/rarebooks\/wp-json\/wp\/v2\/product_cat?post=16443"},{"taxonomy":"product_tag","embeddable":true,"href":"https:\/\/antiquariat-steinbach.com\/rarebooks\/wp-json\/wp\/v2\/product_tag?post=16443"}],"curies":[{"name":"wp","href":"https:\/\/api.w.org\/{rel}","templated":true}]}}