{"id":16394,"date":"2026-04-27T00:00:08","date_gmt":"2026-04-26T22:00:08","guid":{"rendered":"https:\/\/antiquariat-steinbach.com\/rarebooks\/produkt\/behmer-behmer-marcus-graefin-anita-und-der-raeuber-alfred-schmidt\/"},"modified":"2026-04-27T00:00:08","modified_gmt":"2026-04-26T22:00:08","slug":"behmer-behmer-marcus-graefin-anita-und-der-raeuber-alfred-schmidt","status":"publish","type":"product","link":"https:\/\/antiquariat-steinbach.com\/rarebooks\/produkt\/behmer-behmer-marcus-graefin-anita-und-der-raeuber-alfred-schmidt\/","title":{"rendered":"Behmer &#8211;   Behmer, Marcus. &#8211;  Gr\u00e4fin Anita und der R\u00e4uber Alfred Schmidt."},"content":{"rendered":"<p>1933<\/p>\n<p>22,5 : 15,5 cm. Farbige Reproduktion.<\/p>\n<p>75,00 EUR<\/p>\n","protected":false},"excerpt":{"rendered":"<p>Gesungen von mir im Rundfunk Masurenallee, nach der Melodie des Horst Wessel Liedes. Am Fl\u00fcgel MB. &#8211; Die mit Deckfarben vom K\u00fcnstler im November 1932 im Stil einer Moritatentafel gemalte Darstellung ist verschollen. Die vorliegende Reproduktion wurde nach einem alten Negativ hergestellt. Original-Gr\u00f6\u00dfe ist nicht bekannt. &#8211; Beiliegen drei Photographien von Arbeiten Behmers &#8218;genug ist nicht genug&#8216;, &#8218;Buckobatar&#8216;, &#8218;Parasita en Stomatostrephistus&#8216;\tBehmer, Illustr.B\u00fc.20 J, ZVAB\t1\t000\tdeu\t0000\t0\t1\t\t\t0\t0\t\t\t\tBehmer\t1<br \/>\n\tBehmer &#8211; \tHalbey, Hans Adolf and Richard von Sichowsky.\tMarcus Behmer in seinen Brieen als Buchgestalter, Illustrator und Schriftzeichner. Von der Typographie zum West-\u00f6stlichen Divan, den Radierungen zur Ilsebill, den Holzschnitten zum Petronius und der Hebr\u00e4ischen Schrift.\tHamburg, Christians, 1974.\t23 : 16 cm. Original illustrated boards.\t13331AB\tEUR\t35,00\t\t\t85 pages, 2 leaves, with many, partly coloured mounted illustrations by Marcus Behmer. Original illustrated boards. Interesting work on the art of Marcus Behmer, one of the most important book illustrator in the beginning of the 20th century.\tBEHMER &#8211; 20. JHDT., K\u00dcNSTLERMONOGRAPHIEN, ZVAB\t1\t000\tdeu\t0000\t0\t1\t\t\t0\t0\t\t\t\thalbey\t1<br \/>\n\t\tBeier, Adrian:\tDissertatio juridica de expensis executionum criminalium, vulgo Von H\u00e4ncker-Gelde.\tG\u00e4rmersleben und Jena, Werther, Spigel und Ritter 1715 &#8211; 1742.\t3 Teile in 1 Band. 20 : 16,5 cm. 20 Blatt; 20; 32 Seiten Halbleinenband.\t9842AB\tEUR\t750,00\t\t\tSeltener Sammelband mit drei juristischen Abhandlungen. &#8211; Etwas gebr\u00e4unt. &#8211; J\u00f6cher I, 920 und II 1531 und 2624.\tRecht, Varia, ZVAB, Seltener Sammelband\t1\t000\tdeu\t0000\t0\t1\t\t\t0\t1\t\t\t\t\t1\t\t&#8211; HERING, JOHAN SAMUEL. Observatio theoretico practico de poena culei&#8230;Von der Straffe des Sacks wider die Kinder-M\u00f6rder. &#8211; LYNCKER, L.B.de. Tractatio ivridica de amytatione&#8230;Vom Abhauen des Kopfs, H\u00e4nde, F\u00fcsse, und Abschneiden der Ohren, Nase u.s.<br \/>\n\t\tBeier, Adrian:\tDissertatio juridica de expensis executionum criminalium, vulgo Von H\u00e4ncker-Gelde. &#8211; HERING, JOHAN SAMUEL. Observatio theoretico practico de poena culei.Von der Straffe des Sacks wider die Kinder-M\u00f6rder. &#8211; LYNCKER, L.B.de. Tractatio ivridica de amytatione.Vom Abhauen des Kopfs, H\u00e4nde, F\u00fcsse, und Abschneiden der Ohren, Nase u.s.\tG\u00e4rmersleben and Jena, Werther, Spigel and Ritter 1715- 1742.\t3 parts in 1 volume  20 : 16,5 cm. Half cloth binding.\t13611AB\tEUR\t750,00\t\t\t20 leves; 20; 32 pages Half cloth binding. Rare volume with three juridical treatise covering the cruel customes of the early 18th century: from the hangman-money &#8211; from the punishment of the sack for murderers of children &#8211; from the cut off of heads, hands, legs, ears, nose etc. . &#8211; some browning. &#8211; J\u00f6cher I, 920 und II 1531 und 2624.\tRECHT, SELTENER SAMMELBAND, VARIA, ZVAB\t1\t000\tdeu\t0000\t0\t1\t\t\t0\t0\t\t\t\t\t1<br \/>\n\t\tBeissner, Friedrich:\tGeschichte der deutschen Elegie.\tBerlin, De Gruyter 1941.\t24,5 : 17 cm. XIII, 246 Seiten, 1 Blatt Typographisch bedruckter Original-Umschlag.\t11312AB\tEUR\t25,00\t\t\tGrundriss der germanischen Philologie, Band 14. &#8211;  teils unaufgeschnitten\tLiteratur, Literaturwissenschaft, Michael, ZVAB\t1\t000\tdeu\t0000\t0\t1\t\t\t0\t1\t\t\t\tBeissner\t1<br \/>\n\tBeizen &#8211;\tArti:\tHartholzbeizen in Pulver f\u00fcr Kirschbaum-, Birnbaum-, Birken-, Buchen-, Erlen-, R\u00fcster- u.\tBarmen, Arti o.J.\t34 : 22 cm. 3-teiliger Karton mit 42 montierten Holzmustern. Original-Halbleinenband.\t194AB\tEUR\t40,00\t\t\tMusterkarte mit gebeizten Holzmustern.\tBeizen, Varia, ZVAB\t1\t000\tdeu\t0000\t0\t1\t\t\t0\t1\t\t\t\tArti\t1\t\tAhornholz.<br \/>\n\tBeizen &#8211;\tZimmermann, W:\tArti, echt Nussholz-Beizen trocken in Pulver f\u00fcr nussbraune und palisanderbraune Beizt\u00f6ne, sowie Mahagoni-Imitationen auf Nussholz.\tBarmen, Arti o.J.\t27,5 : 17 cm. 3-teiliger Karton mit 12 montierten Holzmustern. Original-Halbleinenband.\t195AB\tEUR\t50,00\t\t\tMustermappe mit gebeizten Holzmustern.\tBeizen, Varia, ZVAB\t1\t000\tdeu\t0000\t0\t1\t\t\t0\t1\t\t\t\tZimmermann\t1<br \/>\n\tBeizen &#8211;\tZimmermann, W:\tArti, R\u00e4ucher-Beizen in Pulverform zum Selbstaufl\u00f6sen.\tBarmen, Arti o.J.\t34,5 : 21 cm. 3-teiliger Karton mit 42 montierten Holzmustern. Original-Halbleinenband.\t196AB\tEUR\t60,00\t\t\tMustermappe mit gebeizten Holzmustern.\tBeizen, Varia, ZVAB\t1\t000\tdeu\t0000\t0\t1\t\t\t0\t1\t\t\t\tZimmermann\t1<br \/>\n\t\tBela Szabo, Gy:\tLiber Miserorum.\tClavdiopoli=Klausenburg in Siebenb\u00fcrgen, 1935.\t24,5 : 16,5 cm. Mit 50 Xylographien von Bela Szabo. Farbig illustrierter Original-Karton.\t11893AB\tEUR\t450,00\t\t\tMit gedrucktem Exlibris gegen\u00fcber dem Titelblatts, darunter vom K\u00fcnstler numeriert eines von 240 Exemplaren und eigenh\u00e4ndig monogrammiert. F\u00fcnfzig gro\u00dfe Holzschnitte, die sch\u00f6nsten B\u00fccher in Siebenb\u00fcrgen. Eindrucksvolle Folge. Das Buch wurde von der ungarischen Gesellschaft der Bibliophilen im Jahr 1935 zum sch\u00f6nsten Buch in ungarischer Sprache gew\u00e4hlt. &#8211; Einband gering angestaubt und mit wenigen Fleckchen.\t20.Jahrhundert, Illustrierte B\u00fccher, ZVAB\t1\t000\tdeu\t5000\t0\t1\t\t\t0\t1\t\t\t\tBela \t1<br \/>\n\tBeleuchtungsk\u00f6rper &#8211; \t\tSammlung von 263 Entw\u00fcrfen f\u00fcr Stehlampen, Luster, Laternen, Kerzenst\u00e4nder, Tische u.\u00e4.\tGraz (?) 1941.\tca. 40 : 30 cm. Die Entw\u00fcrfe auf Transparent-Papier, grauem Karton, montiert auf festem Karton.\t18975AB\tEUR\t750,00\t\t\tDie interessanten Entw\u00fcrfe teils in Tinte, teisl in Bleistift, alle versehen mit einer Nummer, teilweise mit Preisen und genauen Ma\u00dfangaben. &#8211; Teisl etwas angestaubt, das Transparent-Papier an den R\u00e4ndern gering knittrig.\tBeleuchtungsk\u00f6rper, Elektrizit\u00e4t, Handwerk, Kulturgeschichte, Messen, Metall, ZVAB\t1\t000\tdeu\t0000\t0\t1\t\t\t0\t0\t\t\t\tSammlung\t1\t\tEntw\u00fcrfe f\u00fcr die Herbstmesse 1941.<br \/>\n\t\tBells, Benjamin:\tAbhandlung von den Geschw\u00fcren und deren Behandlung nebst einigen Bemerkungen \u00fcber die wei\u00dfen Geschw\u00fclste der Gelenke und die chirurgische Behandlung der Entz\u00fcndungen und ihre Folgen.\tLeipzig, Weidmann 1792.\tNeue verb. u. verm. Auflage. 20 : 12 cm. 5 Blatt, 316 Seiten Mit 1 gestochenen Tafel. Lederband der Zeit mit reicher R\u00fcckenvergoldung, 2 R\u00fcckenschildern.\t10619AB\tEUR\t200,00\t\t\tErste deutsche Ausgabe. Seltene dermatologische Abhandlung. &#8211; Stellenweise gering gebr\u00e4unt; Gelenke teils berieben. &#8211; Vgl. Waller 847; Engelmann, Med.-Chr. I, 48.\tMedizin, ZVAB\t1\t000\tdeu\t0000\t0\t1\t\t\t0\t0\t\t\t\tBells\t1\t\tAus dem Englischen.<br \/>\n\t\t(Benedix, Roderich Jul.,pseud.:) Ernst Nasweis:\tDes Herrn Magisters Merks seltsame Ansichten \u00fcber Literarische Zust\u00e4nde.\tLeipzig, Wigand 1865.\t19 : 12,5 cm. VIII, 180 Seiten Pappband.\t3843AB\tEUR\t50,00\t\t\tErste Ausgabe. &#8211; Zum Verfasser, dem bekannten Lustspieldichter, siehe ADB II, 325 f. &#8211; Titel und letztes Blatt gebr\u00e4unt, R\u00fccken \u00fcberklebt.\tDeutschland, Literatur, Michael, ZVAB\t1\t000\tdeu\t0000\t0\t1\t\t\t0\t1\t\t\t\ternst\t1\t\tHerausgegeben von Ernst Nasweis.<br \/>\n\t\tBenesch, Evelyn (editor).\tFaszination Japan. Monet &#8211; Van Gogh &#8211; Klimt.\tHeidelberg, Berlin, Kehrer, 2018.\t30,5 : 24,5 cm. 263 pages with many coloured plates and illustrations. Coloured illustrated original boards.\t19305AB\tEUR\t250,00\t\t\tThe catalogue of the celebrated exhibition at the Art Forum in Vienna. Shows the mutual influence from Europe to Japan and Japan to Europe. With one article &#8218;Japonism in Vienna&#8216; showing the influence Japanese art had on &#8218;Vienna around 1900&#8216;.\tJapan, Japan.Farbholzs, Japonica, Kunstgeschichte, WienerSecession, ZVAB\t1\t000\tdeu\t0000\t0\t1\t\t\t0\t0\t\t\t\tBenesch\t1\t\tWith contributions by Evelyn Benesch, Flemming Friborg, Sandra Gianfreda, Johannes &#8218;Wieninger.<br \/>\n\t\tBenz, Richard.\tEin h\u00fcbsche histori von der kuniglichen stadt troy, wie sie zerstoeret ward.\tBerlin, Rabenpresse, 1938.\t28,5 : 20 cm. 2 leaves, 214 pages with 43 handcoloured woodcuts. Original boards.\t17380AB\tEUR\t120,00\t\t\tOne of 900 numbered copies. The woodcuts after the originals from the 15th century, printed from the original blooks and coloured by hand by Ulla K\u00f6ssel. &#8211; Spine renewed.\tAlte Drucke, Faksimile, Holzschnittb\u00fccher,ill., ZVAB\t1\t000\tdeu\t0000\t0\t1\t\t\t0\t0\t\t\t\tBenz\t1<br \/>\n\t\tBenz, Richard.\tEin h\u00fcbsche histori von der kuniglichen stadt troy, wie sie zerstoeret ward.\tBerlin, Rabenpresse, 1938.\t28,5 : 20 cm. 2 Blatt, 214 Seiten mit 43 handkolorierten Holzschnitten von Ulla Kossel. Original Pappband.\t17156AB\tEUR\t120,00\t\t\tEines von 900 nummerierten Exemplaren.  Die Holzschnitte nach den Originalen des 15. Jahrhunderts un Holz geschnitten und von den Holzst\u00f6cken gedruckt und handkoloriert. &#8211; R\u00fccken erneuert.\tAlte Drucke, Faksimile, Holzschnittb\u00fccher,ill., ZVAB\t1\t000\tdeu\t0000\t0\t1\t\t\t0\t0\t\t\t\t\t1<br \/>\n\t\tBenz-Casson, Lotte.\tWien 1945.\tWien, Kaltschmid,  1945.\t30 : 22 cm. 128 pages with 168 photographic illustrations. Original half-cloth.\t16547AB\tEUR\t20,00\t\t\t\tKulturgeschichte, Militaria, Photographie, Viennensia, ZVAB\t1\t000\tdeu\t0000\t0\t1\t\t\t0\t0\t\t\t\t\t1\t\tEin Sammelwerk aus dem zerst\u00f6rten Stadtbild Wiens in 168 Original-Aufnahmen.<br \/>\n\t\tBerge, F:\tConchylienbuch oder allgemeine und besondere Naturgeschichte der Muscheln und Schnecken nebst der Anweisung sie zu sammeln, zuzubereiten und aufzubewahren.\tStuttgart, Krais &#038; Hoffmann 1855.\tNew edition. 26 : 21 cm. 261 pages With 46 (44 handcoloured) lithographed plates. Recent half cloth.\t8135AB\tEUR\t1200,00\t\t\tA wellknown, beautifully illustrated, standard work depicting 726 handcoloured conchological illustrations. In the preface of this work the author says that the plates are even more beautiful than in his two other monographs on the beetles and butterflies. &#8211; Foxing to the text, as mostly, but plates clean and in a shining contemporary colouring. &#8211; Nissen ZBI 320.\tNatural History, Zoologie, ZVAB\t1\t000\tdeu\t0000\t0\t1\t\t\t0\t0\t\t\t\t\t1<br \/>\n\t\tBergengruen, Werner.\tDer spanische Rosenstock.\tT\u00fcbingen, Wunderlich, 1941.\t19,5 : 12 cm. 62 Seiten. Illustrierter Original Pappband.\t19234AB\tEUR\t30,00\t\t\tMit eigenh\u00e4ndiger Widmung des Verfassers, sidniert und datiert 26.10.51.\t20.Jahrhundert, Deutschland, Literatur, Widmungsexemplar, ZVAB\t1\t000\tdeu\t0000\t0\t1\t\t\t0\t0\t\t\t\tBergengruen\t1<br \/>\n\t\tBerghaus, Heinrich:\tPhysikalischer Atlas.\tGotha, Perthes 1878 &#8211; 1892.\t4 volumes. 39,5 : 26 cm. 2 leaves, 7; 5; 12; 20 pages with 43 mostly coulored or partly coulored, engraved maps, plans and tables, with 404 illustrations. Original-cloth blind- and gold-stamped.\t9900AB\tEUR\t680,00\t\t\tRichly illustrated physical atlas with the parts geology, hydrology, metroology y earth magnetism. It was under the influence of Alexander von Humboldt, that this scientific atlas was published.\tAtlanten, Geographie, ZVAB\t1\t000\tdeu\t0000\t0\t1\t\t\t0\t0\t\t\t\tBerghaus\t1\t\tParts 1 &#8211; 4.<br \/>\n\t\tBerghaus, Heinrich:\tPhysikalischer Atlas.\tGotha, Perthes 1878 &#8211; 1892.\t4 B\u00e4nde. 39,5 : 26 cm. 2 Blatt, 7; 5; 12; 20 Seiten mit 43 meist kolorierten oder teilkolorierten, meist gestochenen Karten, Pl\u00e4nen und Tabellen mit 404 Abbildungen. Original-Leinenb\u00e4nde mit Blind- und Goldpr\u00e4gung.\t9859AB\tEUR\t680,00\t\t\tBahnbrechender, universell angelegter, wissenschaftlicher Atlas unter der f\u00f6rdrnden Anregung von Alexander von Humboldt verfasst. &#8211; Mit den Teilen Atlas der Geologie, der Hydrographie, der Meteorolgie und des Erdmagnetismus. &#8211; Insgesamt erschienen 8 Teile.\tAtlanten, Geographie, ZVAB\t1\t000\tdeu\t0000\t0\t1\t\t\t0\t0\t\t\t\t\t1\t\tAbteilung 1 &#8211; 4 (von 8).<br \/>\n\tBergner &#8211; \tRoessler, Arthur.\tElisabeth Bergner.\tBerlin, Williams, 1927.\t6.-10. Auflage. 22,5 : 15 cm. 90 Seiten, 13 Tafeln mit vielen Abbildungen. Illustrierter Original Leinenband.\t18684AB\tEUR\t20,00\t\t\tBiographie \u00fcber die ber\u00fchmte Schauspielerin, reich illustriert.\tBiographien, Film, Theater, ZVAB\t1\t000\tdeu\t0000\t0\t1\t\t\t0\t0\t\t\t\tRoessler\t1<br \/>\n\t\t\tBericht \u00fcber die Gemeinde-Verwaltung der Stadt Berlin 1901-1905.\tBerlin, Heymann 1907.\t1. Teil (von 3). 27,5 : 20 cm. VII, 272 Seiten mit Abbildungen, gefalteten Pl\u00e4nen und graphischen Darstellungen. Original-Leinenband mit R\u00fcckenfileten und Deckelvergoldung.\t6884AB\tEUR\t30,00\t\t\tRechtes oberes Gelenk ca. 2 cm eingerissen, sonst gutes Exemplar.\tBerlin, Geographie, ZVAB\t1\t000\tdeu\t0000\t0\t1\t\t\t0\t1\t\t\t\t\t1<br \/>\n\tBerisch &#8211;\tM\u00f6rike, Eduard:\tM\u00f6rike-Gedichte.\tWien, Konegen o.J. (ca. 1910).\t11,5 : 10,5 cm. 15 Blatt fester Karton mit dreiseitigem Goldschnitt mit 4 farbigen Original-Lithographien und Buchschmuck von Ida Berisch. Original-Seidenmappe mit Titel in Gold.\t6271AB\tEUR\t26,00\t\t\tText und Tafeln lithographiert, h\u00fcbsch illustriert. &#8211; Einband gering berieben.\t20.Jahrhundert, Illustrierte B\u00fccher, Literatur, ZVAB\t1\t000\tdeu\t0000\t0\t1\t\t\t0\t1\t\t\t\t\t1\t\tGeschrieben und auf Stein gezeichnet von Ida Berisch.<br \/>\n\t\t\tBerkeley Barb.\tSan Francisco, 1969.\tVolume 9 no. 16. 41 : 30 cm. 20 pages with many illustrations.\t16586AB\tEUR\t120,00\t\t\tThe Berkely Barb was  weekly underground newspaper, published in Berkely, California, during the years 1965 to 1980. It was one of the first and most influencial of the counterculture newspapers, covering the Civil Rights Movements,as well as social changes advocated by youth culture. Around 1967 the Barb was the first underground newspaper to have an extensive classified section carrying explicit personal sex advetisements. As always folded in the middle.r\t20.Jahrhundert, Americana, Kulturgeschichte, Zeitungen von, ZVAB\t1\t000\tdeu\t0000\t0\t1\t\t\t0\t0\t\t\t\tberkeley barb\t1<br \/>\n\tBerlin.\t\t25 Original-Aufnahmen f\u00fcr das Amateur-Album.\tBerlin. Wollstein. ca. 1920.\t7,5 : 9,5 cm. 25 Original-Aufnahmen. Original-Papier-Umschlag.\t138BB\tEUR\t25,00\t\t\tZeigt die wichtigsten Pl\u00e4tze, Strassen und Geb\u00e4ude Berlins.\tBERLIN, Deutschland, Photographie, ZVAB\t1\t000\tdeu\t0000\t0\t1\t\t\t0\t0\t\t\t\tBerlin\t0\t\tSerie III.<br \/>\n\tBerlin-\t\t25 Original-Aufnahmen f\u00fcr das Amateur-Album.\tBerlin, Wollstein ca. 1920.\t7,5 : 9,5 cm. 25 Original-Aufnahmen Original Papier-Umschlag\t137BB\tEUR\t25,00\t\t\tZeigt die wichtigsten Pl\u00e4tze, Strassen und Geb\u00e4ude Berlins.\tBERLIN, Deutschland, Photographie, ZVAB\t1\t000\tdeu\t0000\t0\t1\t\t\t0\t0\t\t\t\tBerlin\t0\t\tSerie 2.<br \/>\n\tBerlin-\t\tBerlin. 12 Original-Aufnahmen f\u00fcr das Amateur-Album.\tBerlin, Wollstein, ca. 1920.\t7,5 : 9,5 cm. 12 Original Aufnahmen  Original Papier-Umschlag.\t136BB\tEUR\t12,00\t\t\tZeigt die wichtigsten Pl\u00e4tze, Strassen und Geb\u00e4ude Berlins.\tBerlin, Deutschland, Photographie, ZVAB\t1\t000\tdeu\t0000\t0\t1\t\t\t0\t0\t\t\t\tBerlin\t0\t\tSerie I.<br \/>\n\t\tBerlin:\t\tBerlin, Stiehm 1878.\t11,5 : 7,5 cm. Leporello mit 12 montierten Photographien von Berlin. Illustrierter Original-Leinenband.\t7319AB\tEUR\t90,00\t\t\tMit Photographien des k\u00f6niglichen Schlosses, Schlossbr\u00fccke, Opernhaus, Reichsbank, Brandenburger Tor, Gandarmenmarkt u.a.\tBerlin, Deutschland, Geographie, ZVAB\t1\t000\tdeu\t0000\t0\t1\t\t\t0\t1\t\t\t\t\t1<br \/>\n\tBerlin &#8211; \t\tBerlin Kreuzberg.  Europa Palast &#8211; Augustiner Keller &#8211; Cafe Schottenhammel &#8211; Allianz Versicherung\tBerlin ca. 1937\t26 : 19,5 cm. Farbiger Klischeedruck auf Karton aufgezogen.\t18478AB\tEUR\t25,00\t\t\tAtmosph\u00e4rische Wiedergabe aus Berlin-Kreuzberg der 1930iger Jahre bei Nacht.\tAnsichten, Berlin, Deutschland, Plakate, ZVAB\t1\t000\tdeu\t0000\t0\t1\t\t\t0\t0\t\t\t\tBerlin Kreuzberg\t1<br \/>\n\tBerlin &#8211; \t\tFriedrichstrasse. Das Magazin der neuen Mitte.\tBerlin,  Friedrichstrasse Magazine, 2002\t33 : 24,5 With many partly coloured illustrations. Illustrated original boards.\t18550AB\tEUR\t15,00\t\t\t\tBerlin, Deutschland, Kulturgeschichte, Zeitschriften, ZVAB\t1\t000\tdeu\t0000\t0\t1\t\t\t0\t0\t\t\t\tBerlin Friedrichstrasse\t1<br \/>\n\tBerlin &#8211; \t\tInfo Box. Der Katalog.\tBerlin, Nishen, 1996.\t22,5 : 22,5 cm. 287 Seiten mit vielen farbigen Tafeln und Abbildungen . Original-Karton.\t17473AB\tEUR\t20,00\t\t\tBeschreibtr die Bauprojekte in B erlin der Deutschen Bahn, Daimler-Benz, Sonny Center, Deutsche Telekom etc.\t20.Jahrhundert, Architektur, Berlin, Deutschland, Technik, ZVAB\t1\t000\tdeu\t5000\t0\t1\t\t\t0\t0\t\t\t\t\t1<br \/>\n\tBerlin &#8211;\t\tPharus-Plan Berlin mit Vororten. Fahrtfinder-Ausgabe. Grosse Ausgabe.\tBerlin, Pharus, o.J. ca. 1910.\t20,5 : 12 cm. 48 Seiten und mehrfach gefalteter, farbiger Plan. Original-Umschlag.\t14228AB\tEUR\t30,00\t\t\tMit dem &#8218;F\u00fchrer durch Berlin mit Hinweis auf den Pharus-Plan Berlin. &#8211; Umschlag etwas fleckig, Plan tadellos.\tBerlin, Landkarten, ZVAB\t1\t000\tdeu\t0000\t0\t1\t\t\t0\t0\t\t\t\t\t1<br \/>\n\t\t\tBerlin im Bild.\tO.O, o.J. (ca. 1900).\t19,5 : 26,5 cm. Mit 32 Tafeln. Illustrierter Original-Umschlag.\t774AB\tEUR\t23,00\t\t\t\tGeographie, Varia, ZVAB\t1\t000\tdeu\t0000\t0\t1\t\t\t0\t0\t\t\t\tBerlin im Bild\t1<br \/>\n\t\t\tBerliner Illustrirte Zeitung.\tBerlin, Ullstein, 1932.\t4 Hefte 37,5 : 27 cm. Jeweils mit vielen Abbildungen. Original Umschl\u00e4ge.\t18491AB\tEUR\t40,00\t\t\tTitelblatt von Nummer 35 etwas angestaubt, an den R\u00e4ndern teils mit kleinsten Einrissen.\tBerlin, Deutschland, Zeitungen von, ZVAB\t1\t000\tdeu\t0000\t0\t1\t\t\t0\t0\t\t\t\tBerliner Zeitung\t1\t\t41. Jahrgang Nr. 35, 37 &#8211; 39.<br \/>\n\t\t\tBerliner Kalender f\u00fcr 1850.\tBerlin, Decker, 1850,\t17 : 12 cm. Gestochenes Portr\u00e4t, 11 Blatt, 19; 240; 74 Seiten, 6 Stahlstich-Ansichten. Reich illustrierter Original-Pappband der Zeit, dreiseitiger Goldschnitt.\t17844AB\tEUR\t120,00\t\t\tDie Tafeln zeigen Ansichten von Berlin, Breslau, K\u00f6nigsberg und Potsdam (3x), ein Portr\u00e4t von Friedrich Wilhelm Prinz von Preussen. Ferner enth\u00e4lt der Band ein Kalendarium, &#8218;Genealogie der regierenden hohen H\u00e4user in Europa&#8216; etc. &#8211; Die Tafeln etwas fleckig, der empfindliche Einband am R\u00fccken etwas besch\u00e4digt.\tAlmanache, Berlin, Deutschland, Kulturgeschichte, ZVAB\t1\t000\tdeu\t0000\t0\t1\t\t\t0\t0\t\t\t\tBerliner Kalender\t1\t\t24. Jahrgang.<br \/>\n\tBerliner Secession &#8211; \t\tKatalog der dritten Ausstellung der Berliner Secession.\tBerlin, Bruno und Paul Cassirer, 1901.\t16 : 12 cm. 66 pages with some illustrations. Original half cloth.\t18294AB\tEUR\t60,00\t\t\tFirst edition.- With illustrations by Max Liebermann, Max Slevogt, Ludwig von Hofmann, Lovis Corith, Franz Skarbina, Walter Leistikow a.a. &#8211; Book block a bit loosened, title-page browned.\tBerlin, K\u00fcnstlermonographien, Secession, ZVAB\t1\t000\tdeu\t0000\t0\t1\t\t\t0\t0\t\t\t\tKatalog der dritten\t1<br \/>\n\tBerliner Secession &#8211; \t\tKatalog der elften Ausstellung der Berliner Secession 1906.\tBerlin, Verlag:Ausstellungshaus am Kurf\u00fcrstendamm, 1906.\t16,5 : 15 cm. 51 Seiten mit vielen Illustrationen, 38 s\/w Abbildungen auf Tafeln, 8 Seiten Anzeigen. Original-Halbleinenband.\t14921AB\tEUR\t250,00\t\t\tOriginal-Ausgabe. &#8211; Enth\u00e4lt: Vorwort, Verzeichnis der 344 ausgestellten Werke, Mitgliederverzeichnis der Berliner Secession. Abgebildet und beschrieben sind Werke aller bedeutenden K\u00fcnstler der Zeit iwe Max Libermann, Franz von Stuck, C. Somoff, Walter Leistikow, Hans Thoma, Lovis Corinth, A. Maillol, Paul Gauguin, H. Purrmann, Wasili Kandisky u.v.a. &#8211; Einband gering angestaubt, sonst gutes Exemplar.\tBerlin, K\u00fcnstlermonographien, Secession, ZVAB\t1\t000\tdeu\t0000\t0\t1\t\t\t0\t0\t\t\t\t\t1<br \/>\n\t\tBernatzik, Hugo Adolf:\tGeheimnissvolle Inseln Tropen-Afrikas.\tBerlin, DBG (1933).\t19,5 : 13 cm. 223 Seiten 67 Tafeln, 1 gefaltete Karte. Farbig illustrierter Original-Halbwildlederband.\t775AB\tEUR\t30,00\t\t\tSehr sch\u00f6nes Exemplar.\tAfrika, Geographie, Varia, ZVAB\t1\t000\tdeu\t0000\t0\t1\t\t\t0\t0\t\t\t\tBernatzik\t1\t\tFrauenstaat und Mutterrecht der Bidyogo. Ein Forschungsbericht.<br \/>\n\t\t\tBernerisches Koch-B\u00fcchlein&#8230;(Faksimile der Ausgabe Bern 1749).\tBern, Benteli 1970.\t17,5 : 10 cm. 8 Blatt, 141 Seiten Original-Pappband.\t1766AB\tEUR\t15,00\t\t\tReiner Faksimile-Druck ohne jeglichen Kommentar&#8220; (Horn-A. 227). Die Original-Ausgabe ist fast unauffindbar.<\/p>\n","protected":false},"featured_media":16396,"template":"","meta":[],"product_brand":[],"product_cat":[58,112,914],"product_tag":[],"class_list":{"0":"post-16394","1":"product","2":"type-product","3":"status-publish","4":"has-post-thumbnail","6":"product_cat-gastronomie","7":"product_cat-kochbuecher","8":"product_cat-zvab","10":"first","11":"instock","12":"purchasable","13":"product-type-simple"},"_links":{"self":[{"href":"https:\/\/antiquariat-steinbach.com\/rarebooks\/wp-json\/wp\/v2\/product\/16394","targetHints":{"allow":["GET"]}}],"collection":[{"href":"https:\/\/antiquariat-steinbach.com\/rarebooks\/wp-json\/wp\/v2\/product"}],"about":[{"href":"https:\/\/antiquariat-steinbach.com\/rarebooks\/wp-json\/wp\/v2\/types\/product"}],"version-history":[{"count":7,"href":"https:\/\/antiquariat-steinbach.com\/rarebooks\/wp-json\/wp\/v2\/product\/16394\/revisions"}],"predecessor-version":[{"id":28902,"href":"https:\/\/antiquariat-steinbach.com\/rarebooks\/wp-json\/wp\/v2\/product\/16394\/revisions\/28902"}],"wp:featuredmedia":[{"embeddable":true,"href":"https:\/\/antiquariat-steinbach.com\/rarebooks\/wp-json\/wp\/v2\/media\/16396"}],"wp:attachment":[{"href":"https:\/\/antiquariat-steinbach.com\/rarebooks\/wp-json\/wp\/v2\/media?parent=16394"}],"wp:term":[{"taxonomy":"product_brand","embeddable":true,"href":"https:\/\/antiquariat-steinbach.com\/rarebooks\/wp-json\/wp\/v2\/product_brand?post=16394"},{"taxonomy":"product_cat","embeddable":true,"href":"https:\/\/antiquariat-steinbach.com\/rarebooks\/wp-json\/wp\/v2\/product_cat?post=16394"},{"taxonomy":"product_tag","embeddable":true,"href":"https:\/\/antiquariat-steinbach.com\/rarebooks\/wp-json\/wp\/v2\/product_tag?post=16394"}],"curies":[{"name":"wp","href":"https:\/\/api.w.org\/{rel}","templated":true}]}}