{"id":16358,"date":"2026-03-12T00:22:24","date_gmt":"2026-03-11T23:22:24","guid":{"rendered":"https:\/\/antiquariat-steinbach.com\/rarebooks\/produkt\/austriaca-schriften-schriften-des-historischen-vereins-fuer-inneroesterreich-erstes-heft-alles-erschienene\/"},"modified":"2026-03-12T00:22:25","modified_gmt":"2026-03-11T23:22:25","slug":"schriften-des-historischen-vereins-fuer-inneroesterreich-erstes-heft-alles-erschienene","status":"publish","type":"product","link":"https:\/\/antiquariat-steinbach.com\/rarebooks\/produkt\/schriften-des-historischen-vereins-fuer-inneroesterreich-erstes-heft-alles-erschienene\/","title":{"rendered":"Schriften des historischen Vereins f\u00fcr Inner\u00f6sterreich. Erstes Heft (alles erschienene)."},"content":{"rendered":"<p>Graz, Tanzer, 1848.<\/p>\n<p>22,5 : 15 cm. IV, 217 pages, with 1 folded lithographed map, 1 lithographed title-page and 32 lithographed plates. Typographical printed comtemporary boards.<\/p>\n<p>150,00 EUR<\/p>\n","protected":false},"excerpt":{"rendered":"<p>With contributions on Styria: Knabl, Richard. Wo stand das &#8222;Flavium Solvense&#8220; des C. Plinius? And Carinthia: Ankershofen. Gottlieb Freiherr von. Ueber den historischen Anla\u00df zur Sage von den Verheerungsz\u00fcgen der Margaretha Maultasche in K\u00e4rnten &#8211; Der Schule Wirken und Leben in K\u00e4rtens Mittelalter &#8211; Die F\u00fcrsten von Dietrichstein. &#8211; The platges show artifacts found in the two Austrian provices. &#8211; Rare. Typographicly printed contemporary boards.<\/p>\n","protected":false},"featured_media":16360,"template":"","meta":[],"product_brand":[],"product_cat":[71,97,914],"product_tag":[],"class_list":{"0":"post-16358","1":"product","2":"type-product","3":"status-publish","4":"has-post-thumbnail","6":"product_cat-austriaca","7":"product_cat-geschichte","8":"product_cat-zvab","10":"first","11":"instock","12":"purchasable","13":"product-type-simple"},"_links":{"self":[{"href":"https:\/\/antiquariat-steinbach.com\/rarebooks\/wp-json\/wp\/v2\/product\/16358","targetHints":{"allow":["GET"]}}],"collection":[{"href":"https:\/\/antiquariat-steinbach.com\/rarebooks\/wp-json\/wp\/v2\/product"}],"about":[{"href":"https:\/\/antiquariat-steinbach.com\/rarebooks\/wp-json\/wp\/v2\/types\/product"}],"version-history":[{"count":3,"href":"https:\/\/antiquariat-steinbach.com\/rarebooks\/wp-json\/wp\/v2\/product\/16358\/revisions"}],"predecessor-version":[{"id":27910,"href":"https:\/\/antiquariat-steinbach.com\/rarebooks\/wp-json\/wp\/v2\/product\/16358\/revisions\/27910"}],"wp:featuredmedia":[{"embeddable":true,"href":"https:\/\/antiquariat-steinbach.com\/rarebooks\/wp-json\/wp\/v2\/media\/16360"}],"wp:attachment":[{"href":"https:\/\/antiquariat-steinbach.com\/rarebooks\/wp-json\/wp\/v2\/media?parent=16358"}],"wp:term":[{"taxonomy":"product_brand","embeddable":true,"href":"https:\/\/antiquariat-steinbach.com\/rarebooks\/wp-json\/wp\/v2\/product_brand?post=16358"},{"taxonomy":"product_cat","embeddable":true,"href":"https:\/\/antiquariat-steinbach.com\/rarebooks\/wp-json\/wp\/v2\/product_cat?post=16358"},{"taxonomy":"product_tag","embeddable":true,"href":"https:\/\/antiquariat-steinbach.com\/rarebooks\/wp-json\/wp\/v2\/product_tag?post=16358"}],"curies":[{"name":"wp","href":"https:\/\/api.w.org\/{rel}","templated":true}]}}