{"id":16340,"date":"2026-03-12T00:24:33","date_gmt":"2026-03-11T23:24:33","guid":{"rendered":"https:\/\/antiquariat-steinbach.com\/rarebooks\/produkt\/au-wien-trojan-felix-das-theater-an-der-wien\/"},"modified":"2026-03-12T00:24:33","modified_gmt":"2026-03-11T23:24:33","slug":"theater-trojan-felix-das-theater-an-der-wien","status":"publish","type":"product","link":"https:\/\/antiquariat-steinbach.com\/rarebooks\/produkt\/theater-trojan-felix-das-theater-an-der-wien\/","title":{"rendered":"Theater &#8211;   Trojan, Felix. &#8211;  Das Theater an der Wien."},"content":{"rendered":"<p>Wien und Leipzig, Wilna-Verlag, 1923.<\/p>\n<p>18,5 : 12 cm. 76 Seiten, 2 Blatt, 3 Tafeln. Original Umschlag.<\/p>\n<p>15,00 EUR<\/p>\n","protected":false},"excerpt":{"rendered":"<p>Theater und Kultur herausgegeben unter Mitwirkung von Hermann Bahr und Hugo Hofmannsthal von Max Pirker, Band 6. &#8211; Verlagsangabe auf dem Titelblatt \u00fcberklebt: \u00dcbernommen und fortgef\u00fchrt von Amalthea-Verlag.<\/p>\n","protected":false},"featured_media":16342,"template":"","meta":[],"product_brand":[],"product_cat":[145,90,914],"product_tag":[],"class_list":{"0":"post-16340","1":"product","2":"type-product","3":"status-publish","4":"has-post-thumbnail","6":"product_cat-theater","7":"product_cat-viennensia","8":"product_cat-zvab","10":"first","11":"instock","12":"purchasable","13":"product-type-simple"},"_links":{"self":[{"href":"https:\/\/antiquariat-steinbach.com\/rarebooks\/wp-json\/wp\/v2\/product\/16340","targetHints":{"allow":["GET"]}}],"collection":[{"href":"https:\/\/antiquariat-steinbach.com\/rarebooks\/wp-json\/wp\/v2\/product"}],"about":[{"href":"https:\/\/antiquariat-steinbach.com\/rarebooks\/wp-json\/wp\/v2\/types\/product"}],"version-history":[{"count":4,"href":"https:\/\/antiquariat-steinbach.com\/rarebooks\/wp-json\/wp\/v2\/product\/16340\/revisions"}],"predecessor-version":[{"id":26436,"href":"https:\/\/antiquariat-steinbach.com\/rarebooks\/wp-json\/wp\/v2\/product\/16340\/revisions\/26436"}],"wp:featuredmedia":[{"embeddable":true,"href":"https:\/\/antiquariat-steinbach.com\/rarebooks\/wp-json\/wp\/v2\/media\/16342"}],"wp:attachment":[{"href":"https:\/\/antiquariat-steinbach.com\/rarebooks\/wp-json\/wp\/v2\/media?parent=16340"}],"wp:term":[{"taxonomy":"product_brand","embeddable":true,"href":"https:\/\/antiquariat-steinbach.com\/rarebooks\/wp-json\/wp\/v2\/product_brand?post=16340"},{"taxonomy":"product_cat","embeddable":true,"href":"https:\/\/antiquariat-steinbach.com\/rarebooks\/wp-json\/wp\/v2\/product_cat?post=16340"},{"taxonomy":"product_tag","embeddable":true,"href":"https:\/\/antiquariat-steinbach.com\/rarebooks\/wp-json\/wp\/v2\/product_tag?post=16340"}],"curies":[{"name":"wp","href":"https:\/\/api.w.org\/{rel}","templated":true}]}}