{"id":16284,"date":"2026-03-12T00:00:40","date_gmt":"2026-03-11T23:00:40","guid":{"rendered":"https:\/\/antiquariat-steinbach.com\/rarebooks\/produkt\/art-daujourdhui\/"},"modified":"2026-03-12T00:00:40","modified_gmt":"2026-03-11T23:00:40","slug":"art-daujourdhui","status":"publish","type":"product","link":"https:\/\/antiquariat-steinbach.com\/rarebooks\/produkt\/art-daujourdhui\/","title":{"rendered":"Art  d&#8217;aujourd&#8217;hui."},"content":{"rendered":"<p>Paris, 1951<\/p>\n<p>31 : 24 cm. 32 pages with many illustrations. Coloured illusstrated original boards.<\/p>\n<p>120,00 EUR<\/p>\n","protected":false},"excerpt":{"rendered":"<p>Contains: Les n\u00e9o-primitifs, les grands ain\u00e9s par Pierre Gu\u00e9guen &#8211; Hartung par Charles Estienne and L\u00e9on Degand &#8211; Expositions d&#8217;art Japonaisepar Itsuji Yoshikawa etc. &#8211; Revue mensuelle d&#8217;art contemporain, s\u00e9rie 2 numero 4.<\/p>\n","protected":false},"featured_media":16286,"template":"","meta":[],"product_brand":[],"product_cat":[29,96,105,52,914],"product_tag":[],"class_list":{"0":"post-16284","1":"product","2":"type-product","3":"status-publish","4":"has-post-thumbnail","6":"product_cat-20-jahrhundert","7":"product_cat-frankreich","8":"product_cat-kunst","9":"product_cat-zeitschriften","10":"product_cat-zvab","12":"first","13":"instock","14":"purchasable","15":"product-type-simple"},"_links":{"self":[{"href":"https:\/\/antiquariat-steinbach.com\/rarebooks\/wp-json\/wp\/v2\/product\/16284","targetHints":{"allow":["GET"]}}],"collection":[{"href":"https:\/\/antiquariat-steinbach.com\/rarebooks\/wp-json\/wp\/v2\/product"}],"about":[{"href":"https:\/\/antiquariat-steinbach.com\/rarebooks\/wp-json\/wp\/v2\/types\/product"}],"version-history":[{"count":1,"href":"https:\/\/antiquariat-steinbach.com\/rarebooks\/wp-json\/wp\/v2\/product\/16284\/revisions"}],"predecessor-version":[{"id":16285,"href":"https:\/\/antiquariat-steinbach.com\/rarebooks\/wp-json\/wp\/v2\/product\/16284\/revisions\/16285"}],"wp:featuredmedia":[{"embeddable":true,"href":"https:\/\/antiquariat-steinbach.com\/rarebooks\/wp-json\/wp\/v2\/media\/16286"}],"wp:attachment":[{"href":"https:\/\/antiquariat-steinbach.com\/rarebooks\/wp-json\/wp\/v2\/media?parent=16284"}],"wp:term":[{"taxonomy":"product_brand","embeddable":true,"href":"https:\/\/antiquariat-steinbach.com\/rarebooks\/wp-json\/wp\/v2\/product_brand?post=16284"},{"taxonomy":"product_cat","embeddable":true,"href":"https:\/\/antiquariat-steinbach.com\/rarebooks\/wp-json\/wp\/v2\/product_cat?post=16284"},{"taxonomy":"product_tag","embeddable":true,"href":"https:\/\/antiquariat-steinbach.com\/rarebooks\/wp-json\/wp\/v2\/product_tag?post=16284"}],"curies":[{"name":"wp","href":"https:\/\/api.w.org\/{rel}","templated":true}]}}