{"id":16239,"date":"2026-03-12T00:00:28","date_gmt":"2026-03-11T23:00:28","guid":{"rendered":"https:\/\/antiquariat-steinbach.com\/rarebooks\/produkt\/anonym-zwei-maenner-mit-pferd-in-einer-lieblichen-landschaft-im-hintergrund-ein-staedtchen-und-ein-see\/"},"modified":"2026-03-12T00:00:30","modified_gmt":"2026-03-11T23:00:30","slug":"anonym-zwei-maenner-mit-pferd-in-einer-lieblichen-landschaft-im-hintergrund-ein-staedtchen-und-ein-see","status":"publish","type":"product","link":"https:\/\/antiquariat-steinbach.com\/rarebooks\/produkt\/anonym-zwei-maenner-mit-pferd-in-einer-lieblichen-landschaft-im-hintergrund-ein-staedtchen-und-ein-see\/","title":{"rendered":"Anonym &#8211; &#8211;  Zwei M\u00e4nner mit Pferd in einer lieblichen Landschaft, im Hintergrund ein St\u00e4dtchen und ein See."},"content":{"rendered":"<p>\u00d6sterreich &#8211; Schweiz ? um 1820.<\/p>\n<p>15,8 : 21,8 cm. Guache \u00fcber Lithographie. Unter Glas in vergoldetem Rahmen.<\/p>\n<p>750,00 EUR<\/p>\n","protected":false},"excerpt":{"rendered":"<p>\u00c4u\u00dferst reizvolle, qualitativ hochstehende Darstellung in pr\u00e4ziser Ausf\u00fchrung. In tadelloser Erhaltung.<\/p>\n","protected":false},"featured_media":16241,"template":"","meta":[],"product_brand":[],"product_cat":[360,30,188,76,914],"product_tag":[],"class_list":{"0":"post-16239","1":"product","2":"type-product","3":"status-publish","4":"has-post-thumbnail","6":"product_cat-19-jhdt","7":"product_cat-malerei","8":"product_cat-osterreich","9":"product_cat-schweiz","10":"product_cat-zvab","12":"first","13":"instock","14":"purchasable","15":"product-type-simple"},"_links":{"self":[{"href":"https:\/\/antiquariat-steinbach.com\/rarebooks\/wp-json\/wp\/v2\/product\/16239","targetHints":{"allow":["GET"]}}],"collection":[{"href":"https:\/\/antiquariat-steinbach.com\/rarebooks\/wp-json\/wp\/v2\/product"}],"about":[{"href":"https:\/\/antiquariat-steinbach.com\/rarebooks\/wp-json\/wp\/v2\/types\/product"}],"version-history":[{"count":2,"href":"https:\/\/antiquariat-steinbach.com\/rarebooks\/wp-json\/wp\/v2\/product\/16239\/revisions"}],"predecessor-version":[{"id":18422,"href":"https:\/\/antiquariat-steinbach.com\/rarebooks\/wp-json\/wp\/v2\/product\/16239\/revisions\/18422"}],"wp:featuredmedia":[{"embeddable":true,"href":"https:\/\/antiquariat-steinbach.com\/rarebooks\/wp-json\/wp\/v2\/media\/16241"}],"wp:attachment":[{"href":"https:\/\/antiquariat-steinbach.com\/rarebooks\/wp-json\/wp\/v2\/media?parent=16239"}],"wp:term":[{"taxonomy":"product_brand","embeddable":true,"href":"https:\/\/antiquariat-steinbach.com\/rarebooks\/wp-json\/wp\/v2\/product_brand?post=16239"},{"taxonomy":"product_cat","embeddable":true,"href":"https:\/\/antiquariat-steinbach.com\/rarebooks\/wp-json\/wp\/v2\/product_cat?post=16239"},{"taxonomy":"product_tag","embeddable":true,"href":"https:\/\/antiquariat-steinbach.com\/rarebooks\/wp-json\/wp\/v2\/product_tag?post=16239"}],"curies":[{"name":"wp","href":"https:\/\/api.w.org\/{rel}","templated":true}]}}