{"id":16220,"date":"2026-03-12T00:00:22","date_gmt":"2026-03-11T23:00:22","guid":{"rendered":"https:\/\/antiquariat-steinbach.com\/rarebooks\/produkt\/ambros-josef-lesekasten\/"},"modified":"2026-03-12T00:00:23","modified_gmt":"2026-03-11T23:00:23","slug":"ambros-josef-lesekasten","status":"publish","type":"product","link":"https:\/\/antiquariat-steinbach.com\/rarebooks\/produkt\/ambros-josef-lesekasten\/","title":{"rendered":"Ambros, Josef. &#8211;  Lesekasten."},"content":{"rendered":"<p>Wien, Pichler, ca. 1910.<\/p>\n<p>21 : 28 cm. Setzbrett aus Holz und hunderte Buchstaben. Farbig illustrierte Original Schachtel.<\/p>\n<p>120,00 EUR<\/p>\n","protected":false},"excerpt":{"rendered":"<p>Der Seztkasten von Josef Ambros wurde als Lehrmittel eingesetzt, um Schulanf\u00e4ngerInnen das Lesenlernen zu erleichtern. Gro\u00df- und Kleinbuchstaben ebenso wie Vokale und Kosonanten sind mit verschiedenen Farben auf der Rpckseite der Pl\u00e4ttchen gekennzeichnet. &#8211; Ohne das Begleitheft und die Vorlagebl\u00e4tter.Kasten gering berieben.<\/p>\n","protected":false},"featured_media":16222,"template":"","meta":[],"product_brand":[],"product_cat":[382,60,182,381,914],"product_tag":[],"class_list":{"0":"post-16220","1":"product","2":"type-product","3":"status-publish","4":"has-post-thumbnail","6":"product_cat-childrens","7":"product_cat-kinderbuecher","8":"product_cat-paedagogik","9":"product_cat-spiele","10":"product_cat-zvab","12":"first","13":"instock","14":"purchasable","15":"product-type-simple"},"_links":{"self":[{"href":"https:\/\/antiquariat-steinbach.com\/rarebooks\/wp-json\/wp\/v2\/product\/16220","targetHints":{"allow":["GET"]}}],"collection":[{"href":"https:\/\/antiquariat-steinbach.com\/rarebooks\/wp-json\/wp\/v2\/product"}],"about":[{"href":"https:\/\/antiquariat-steinbach.com\/rarebooks\/wp-json\/wp\/v2\/types\/product"}],"version-history":[{"count":2,"href":"https:\/\/antiquariat-steinbach.com\/rarebooks\/wp-json\/wp\/v2\/product\/16220\/revisions"}],"predecessor-version":[{"id":18396,"href":"https:\/\/antiquariat-steinbach.com\/rarebooks\/wp-json\/wp\/v2\/product\/16220\/revisions\/18396"}],"wp:featuredmedia":[{"embeddable":true,"href":"https:\/\/antiquariat-steinbach.com\/rarebooks\/wp-json\/wp\/v2\/media\/16222"}],"wp:attachment":[{"href":"https:\/\/antiquariat-steinbach.com\/rarebooks\/wp-json\/wp\/v2\/media?parent=16220"}],"wp:term":[{"taxonomy":"product_brand","embeddable":true,"href":"https:\/\/antiquariat-steinbach.com\/rarebooks\/wp-json\/wp\/v2\/product_brand?post=16220"},{"taxonomy":"product_cat","embeddable":true,"href":"https:\/\/antiquariat-steinbach.com\/rarebooks\/wp-json\/wp\/v2\/product_cat?post=16220"},{"taxonomy":"product_tag","embeddable":true,"href":"https:\/\/antiquariat-steinbach.com\/rarebooks\/wp-json\/wp\/v2\/product_tag?post=16220"}],"curies":[{"name":"wp","href":"https:\/\/api.w.org\/{rel}","templated":true}]}}