{"id":16172,"date":"2026-03-12T00:00:04","date_gmt":"2026-03-11T23:00:04","guid":{"rendered":"https:\/\/antiquariat-steinbach.com\/rarebooks\/produkt\/a-mair-von-mairsfeld-johann-baptist-beschreibung-was-auf-ableiben-weyland-ihrer-keyserl-majestaet-josph-i-biss-nach-vorgegangener-erb-huldigung-welche-dem-allerdurchleuchtigst-grossmaechtigst-un\/"},"modified":"2026-03-12T00:00:07","modified_gmt":"2026-03-11T23:00:07","slug":"a-mair-von-mairsfeld-johann-baptist-beschreibung-was-auf-ableiben-weyland-ihrer-keyserl-majestaet-josph-i-biss-nach-vorgegangener-erb-huldigung-welche-dem-allerdurchleuchtigst-grossmaechti","status":"publish","type":"product","link":"https:\/\/antiquariat-steinbach.com\/rarebooks\/produkt\/a-mair-von-mairsfeld-johann-baptist-beschreibung-was-auf-ableiben-weyland-ihrer-keyserl-majestaet-josph-i-biss-nach-vorgegangener-erb-huldigung-welche-dem-allerdurchleuchtigst-grossmaechti\/","title":{"rendered":"A &#8211;   Mair von Mairsfeld, Johann Baptist. &#8211;  Beschreibung Was auf Ableiben Weyland Ihrer Keyserl. Majest\u00e4t Josph I, bi\u00df nach vorgegangener Erb-Huldigung, Welche dem Allerdurchleuchtigst-Gro\u00dfm\u00e4chtigst- Und Un\u00fcberwindlichsten R\u00f6mischen Keyser Carolo Dem Sechsten..abgelegt.."},"content":{"rendered":"<p>Wien, K\u00fcrner, 1712.<\/p>\n<p>34,5 : 29 cm. Mit gestochenem Frontispiz, gedrucktem Titel, 4 Blatt, 76 Seiten, 10 (6 doppelblattgro\u00dfe, 1 mehrfach gefaltete) gestochene Tafeln. Pappband der Zeit.<\/p>\n<p>1500,00 EUR<\/p>\n","protected":false},"excerpt":{"rendered":"<p>Huldigungsadresse der nieder\u00f6sterreichischen Landst\u00e4nde f\u00fcr Kaiser Karl VI. aus Anla\u00df von dessen Kr\u00f6nung. Illusstriert mit herrlichen Kupfern von J.A.Pfellel und C. Engelbrecht. Die Kupfer zeigen in einer gro\u00dfformatigen Ansicht den prachtvollen Zug des Hofes \u00fcber den Graben, sowie Darstellungen des Hochamts, Huldigungsakt und verschiedener Festbankette. &#8211; Im oberen rechten Eck ein druchgehender schwacher brauner Fleck, sonst nur gering fleckig, vor allem die Tafeln,  Einband st\u00e4rker berieben, vor allem an den Kanten.<\/p>\n","protected":false},"featured_media":16174,"template":"","meta":[],"product_brand":[],"product_cat":[71,718,719,97,90,914],"product_tag":[],"class_list":{"0":"post-16172","1":"product","2":"type-product","3":"status-publish","4":"has-post-thumbnail","6":"product_cat-austriaca","7":"product_cat-festbuecher","8":"product_cat-festlichkeiten","9":"product_cat-geschichte","10":"product_cat-viennensia","11":"product_cat-zvab","13":"first","14":"instock","15":"purchasable","16":"product-type-simple"},"_links":{"self":[{"href":"https:\/\/antiquariat-steinbach.com\/rarebooks\/wp-json\/wp\/v2\/product\/16172","targetHints":{"allow":["GET"]}}],"collection":[{"href":"https:\/\/antiquariat-steinbach.com\/rarebooks\/wp-json\/wp\/v2\/product"}],"about":[{"href":"https:\/\/antiquariat-steinbach.com\/rarebooks\/wp-json\/wp\/v2\/types\/product"}],"version-history":[{"count":2,"href":"https:\/\/antiquariat-steinbach.com\/rarebooks\/wp-json\/wp\/v2\/product\/16172\/revisions"}],"predecessor-version":[{"id":18331,"href":"https:\/\/antiquariat-steinbach.com\/rarebooks\/wp-json\/wp\/v2\/product\/16172\/revisions\/18331"}],"wp:featuredmedia":[{"embeddable":true,"href":"https:\/\/antiquariat-steinbach.com\/rarebooks\/wp-json\/wp\/v2\/media\/16174"}],"wp:attachment":[{"href":"https:\/\/antiquariat-steinbach.com\/rarebooks\/wp-json\/wp\/v2\/media?parent=16172"}],"wp:term":[{"taxonomy":"product_brand","embeddable":true,"href":"https:\/\/antiquariat-steinbach.com\/rarebooks\/wp-json\/wp\/v2\/product_brand?post=16172"},{"taxonomy":"product_cat","embeddable":true,"href":"https:\/\/antiquariat-steinbach.com\/rarebooks\/wp-json\/wp\/v2\/product_cat?post=16172"},{"taxonomy":"product_tag","embeddable":true,"href":"https:\/\/antiquariat-steinbach.com\/rarebooks\/wp-json\/wp\/v2\/product_tag?post=16172"}],"curies":[{"name":"wp","href":"https:\/\/api.w.org\/{rel}","templated":true}]}}