{"id":16169,"date":"2026-03-12T00:00:04","date_gmt":"2026-03-11T23:00:04","guid":{"rendered":"https:\/\/antiquariat-steinbach.com\/rarebooks\/produkt\/90-jahre-in-treue-fest-festschrift-zum-90-geburtsatage-und-25jaehrigen-regierungsjubilaeum-des-prinzregent-luitpold-von-bayern\/"},"modified":"2026-03-12T00:00:06","modified_gmt":"2026-03-11T23:00:06","slug":"90-jahre-in-treue-fest-festschrift-zum-90-geburtsatage-und-25jaehrigen-regierungsjubilaeum-des-prinzregent-luitpold-von-bayern","status":"publish","type":"product","link":"https:\/\/antiquariat-steinbach.com\/rarebooks\/produkt\/90-jahre-in-treue-fest-festschrift-zum-90-geburtsatage-und-25jaehrigen-regierungsjubilaeum-des-prinzregent-luitpold-von-bayern\/","title":{"rendered":"90 Jahre &#8222;In Treue fest&#8220;. Festschrift zum 90. Geburtsatage und 25j\u00e4hrigen Regierungsjubil\u00e4um des Prinzregent Luitpold von Bayern."},"content":{"rendered":"<p>M\u00fcnchen,  Parcus, 1911.<\/p>\n<p>31 : 26 cm. Portrait, 4 Blatt, 210 Seiten mit vielen Abbildungen und Faksimiles. Original Leinenband.<\/p>\n<p>20,00 EUR<\/p>\n","protected":false},"excerpt":{"rendered":"<p>Im Vorderdeckel Exlibris Dr. J.H. Kammermeier, Ratisbonensis. &#8211; Beiliegt: 2 Seiten Unser Bayern Heimatbeilage der bayrischen Staatszeitung vom Dezember 1962 zum 50zigsten Todestag von Prinzregent Luitpold.<\/p>\n","protected":false},"featured_media":16171,"template":"","meta":[],"product_brand":[],"product_cat":[116,74,59,190,914],"product_tag":[],"class_list":{"0":"post-16169","1":"product","2":"type-product","3":"status-publish","4":"has-post-thumbnail","6":"product_cat-bavarica","7":"product_cat-deutschland","8":"product_cat-kulturgeschichte","9":"product_cat-politik","10":"product_cat-zvab","12":"first","13":"instock","14":"purchasable","15":"product-type-simple"},"_links":{"self":[{"href":"https:\/\/antiquariat-steinbach.com\/rarebooks\/wp-json\/wp\/v2\/product\/16169","targetHints":{"allow":["GET"]}}],"collection":[{"href":"https:\/\/antiquariat-steinbach.com\/rarebooks\/wp-json\/wp\/v2\/product"}],"about":[{"href":"https:\/\/antiquariat-steinbach.com\/rarebooks\/wp-json\/wp\/v2\/types\/product"}],"version-history":[{"count":1,"href":"https:\/\/antiquariat-steinbach.com\/rarebooks\/wp-json\/wp\/v2\/product\/16169\/revisions"}],"predecessor-version":[{"id":16170,"href":"https:\/\/antiquariat-steinbach.com\/rarebooks\/wp-json\/wp\/v2\/product\/16169\/revisions\/16170"}],"wp:featuredmedia":[{"embeddable":true,"href":"https:\/\/antiquariat-steinbach.com\/rarebooks\/wp-json\/wp\/v2\/media\/16171"}],"wp:attachment":[{"href":"https:\/\/antiquariat-steinbach.com\/rarebooks\/wp-json\/wp\/v2\/media?parent=16169"}],"wp:term":[{"taxonomy":"product_brand","embeddable":true,"href":"https:\/\/antiquariat-steinbach.com\/rarebooks\/wp-json\/wp\/v2\/product_brand?post=16169"},{"taxonomy":"product_cat","embeddable":true,"href":"https:\/\/antiquariat-steinbach.com\/rarebooks\/wp-json\/wp\/v2\/product_cat?post=16169"},{"taxonomy":"product_tag","embeddable":true,"href":"https:\/\/antiquariat-steinbach.com\/rarebooks\/wp-json\/wp\/v2\/product_tag?post=16169"}],"curies":[{"name":"wp","href":"https:\/\/api.w.org\/{rel}","templated":true}]}}