{"id":16164,"date":"2026-03-12T00:00:04","date_gmt":"2026-03-11T23:00:04","guid":{"rendered":"https:\/\/antiquariat-steinbach.com\/rarebooks\/produkt\/1001-nacht-aus-der-von-felix-paul-greve-besorgten-vollstaendigen-ausgbe-ausgewaehlt-und-in-vier-baenden-herausgegeben-von-paul-ernst-2\/"},"modified":"2026-03-12T00:00:05","modified_gmt":"2026-03-11T23:00:05","slug":"1001-nacht-aus-der-von-felix-paul-greve-besorgten-vollstaendigen-ausgbe-ausgewaehlt-und-in-vier-baenden-herausgegeben-von-paul-ernst","status":"publish","type":"product","link":"https:\/\/antiquariat-steinbach.com\/rarebooks\/produkt\/1001-nacht-aus-der-von-felix-paul-greve-besorgten-vollstaendigen-ausgbe-ausgewaehlt-und-in-vier-baenden-herausgegeben-von-paul-ernst\/","title":{"rendered":"1001 Nacht. Aus der von Felix Paul Greve besorgten vollst\u00e4ndigen Ausgbe ausgew\u00e4hlt und in vier B\u00e4nden herausgegeben von Paul Ernst."},"content":{"rendered":"<p>Leipzig, Insel 1911.<\/p>\n<p>4 B\u00e4nde.  20 : 13 cm. Mit illustriertem Doppeltitel, Initialen und Einband von Marcus Behmer. Original Halbleinenb\u00e4nde mit reicher R\u00fcckenvergoldung.<\/p>\n<p>60,00 EUR<\/p>\n","protected":false},"excerpt":{"rendered":"<p>Leipzig, Insel 1911. 4 B\u00e4nde. 20 : 13 cm. Mit illustriertem Doppeltitel, Initialen und Einband von Marcus Behmer. Original Halbleinenb\u00e4nde&hellip;<\/p>\n","protected":false},"featured_media":0,"template":"","meta":[],"product_brand":[],"product_cat":[344,32,33,586,914],"product_tag":[],"class_list":{"0":"post-16164","1":"product","2":"type-product","3":"status-publish","5":"product_cat-behmer","6":"product_cat-literatur","7":"product_cat-literatur-illustrierte-buecher","8":"product_cat-orient","9":"product_cat-zvab","11":"first","12":"instock","13":"purchasable","14":"product-type-simple"},"_links":{"self":[{"href":"https:\/\/antiquariat-steinbach.com\/rarebooks\/wp-json\/wp\/v2\/product\/16164","targetHints":{"allow":["GET"]}}],"collection":[{"href":"https:\/\/antiquariat-steinbach.com\/rarebooks\/wp-json\/wp\/v2\/product"}],"about":[{"href":"https:\/\/antiquariat-steinbach.com\/rarebooks\/wp-json\/wp\/v2\/types\/product"}],"version-history":[{"count":1,"href":"https:\/\/antiquariat-steinbach.com\/rarebooks\/wp-json\/wp\/v2\/product\/16164\/revisions"}],"predecessor-version":[{"id":16165,"href":"https:\/\/antiquariat-steinbach.com\/rarebooks\/wp-json\/wp\/v2\/product\/16164\/revisions\/16165"}],"wp:attachment":[{"href":"https:\/\/antiquariat-steinbach.com\/rarebooks\/wp-json\/wp\/v2\/media?parent=16164"}],"wp:term":[{"taxonomy":"product_brand","embeddable":true,"href":"https:\/\/antiquariat-steinbach.com\/rarebooks\/wp-json\/wp\/v2\/product_brand?post=16164"},{"taxonomy":"product_cat","embeddable":true,"href":"https:\/\/antiquariat-steinbach.com\/rarebooks\/wp-json\/wp\/v2\/product_cat?post=16164"},{"taxonomy":"product_tag","embeddable":true,"href":"https:\/\/antiquariat-steinbach.com\/rarebooks\/wp-json\/wp\/v2\/product_tag?post=16164"}],"curies":[{"name":"wp","href":"https:\/\/api.w.org\/{rel}","templated":true}]}}