{"id":16070,"date":"2026-03-12T00:26:41","date_gmt":"2026-03-11T23:26:41","guid":{"rendered":"https:\/\/antiquariat-steinbach.com\/rarebooks\/produkt\/wien-vasquez-carl-graf-plaene-der-k-k-haupt-und-residenzstadt-wien\/"},"modified":"2026-03-12T00:26:43","modified_gmt":"2026-03-11T23:26:43","slug":"wien-vasquez-carl-graf-plaene-der-k-k-haupt-und-residenzstadt-wien","status":"publish","type":"product","link":"https:\/\/antiquariat-steinbach.com\/rarebooks\/produkt\/wien-vasquez-carl-graf-plaene-der-k-k-haupt-und-residenzstadt-wien\/","title":{"rendered":"Wien &#8211;   Vasquez, Carl Graf. &#8211;  Pl\u00e4ne der k.k. Haupt- und Residenzstadt Wien."},"content":{"rendered":"<p>Wien, Archiv-Verlag,  2003.<\/p>\n<p>60,5 : 42,5 cm. 16 Seiten, 12 aufklappbare farbige Pl\u00e4ne. Original Kunstleder mit Schraubenbindung.<\/p>\n<p>150,00 EUR<\/p>\n","protected":false},"excerpt":{"rendered":"<p>Zeigt die ber\u00fchmten Stadtpl\u00e4ne von Wien in farbigen Reproduktionen mit den Randansichten der wichtigsten Geb\u00e4ude der dargestellten Bezirke. Jeder Plan mit einer Seite erkl\u00e4rende Beschreibung. &#8211; In kleiner nummerierter Auflage erschienen. &#8211; Tadellos.<\/p>\n","protected":false},"featured_media":23484,"template":"","meta":[],"product_brand":[],"product_cat":[261,224,90,914],"product_tag":[],"class_list":{"0":"post-16070","1":"product","2":"type-product","3":"status-publish","4":"has-post-thumbnail","6":"product_cat-faksimile","7":"product_cat-karten","8":"product_cat-viennensia","9":"product_cat-zvab","11":"first","12":"instock","13":"purchasable","14":"product-type-simple"},"_links":{"self":[{"href":"https:\/\/antiquariat-steinbach.com\/rarebooks\/wp-json\/wp\/v2\/product\/16070","targetHints":{"allow":["GET"]}}],"collection":[{"href":"https:\/\/antiquariat-steinbach.com\/rarebooks\/wp-json\/wp\/v2\/product"}],"about":[{"href":"https:\/\/antiquariat-steinbach.com\/rarebooks\/wp-json\/wp\/v2\/types\/product"}],"version-history":[{"count":2,"href":"https:\/\/antiquariat-steinbach.com\/rarebooks\/wp-json\/wp\/v2\/product\/16070\/revisions"}],"predecessor-version":[{"id":22342,"href":"https:\/\/antiquariat-steinbach.com\/rarebooks\/wp-json\/wp\/v2\/product\/16070\/revisions\/22342"}],"wp:featuredmedia":[{"embeddable":true,"href":"https:\/\/antiquariat-steinbach.com\/rarebooks\/wp-json\/wp\/v2\/media\/23484"}],"wp:attachment":[{"href":"https:\/\/antiquariat-steinbach.com\/rarebooks\/wp-json\/wp\/v2\/media?parent=16070"}],"wp:term":[{"taxonomy":"product_brand","embeddable":true,"href":"https:\/\/antiquariat-steinbach.com\/rarebooks\/wp-json\/wp\/v2\/product_brand?post=16070"},{"taxonomy":"product_cat","embeddable":true,"href":"https:\/\/antiquariat-steinbach.com\/rarebooks\/wp-json\/wp\/v2\/product_cat?post=16070"},{"taxonomy":"product_tag","embeddable":true,"href":"https:\/\/antiquariat-steinbach.com\/rarebooks\/wp-json\/wp\/v2\/product_tag?post=16070"}],"curies":[{"name":"wp","href":"https:\/\/api.w.org\/{rel}","templated":true}]}}