{"id":16068,"date":"2026-03-12T00:26:41","date_gmt":"2026-03-11T23:26:41","guid":{"rendered":"https:\/\/antiquariat-steinbach.com\/rarebooks\/produkt\/widmungsexemplar-rajendra-cecil-zerbrochene-traeume-gedichte\/"},"modified":"2026-03-12T00:26:41","modified_gmt":"2026-03-11T23:26:41","slug":"widmungsexemplar-rajendra-cecil-zerbrochene-traeume-gedichte","status":"publish","type":"product","link":"https:\/\/antiquariat-steinbach.com\/rarebooks\/produkt\/widmungsexemplar-rajendra-cecil-zerbrochene-traeume-gedichte\/","title":{"rendered":"Widmungsexemplar &#8211;   Rajendra, Cecil. &#8211;  Zerbrochene Tr\u00e4ume. Gedichte."},"content":{"rendered":"<p>Unkel, Horlemann, 1992.<\/p>\n<p>21 : 13 cm. 93 Seiten mit vielen Tafeln. Original Pappband mit Original Schutzumschlag.<\/p>\n<p>80,00 EUR<\/p>\n","protected":false},"excerpt":{"rendered":"<p>Erste deutsche Ausgabe. &#8211; Auf dem fliegenden Vorsatz mehrzeilige, eigenh\u00e4ndige Widmung des Verfasser mit Unterschrift, datiert (19)93. &#8211; Cecil Rajendra (geboren 1941) ist ein malaysischer Menschenrechtsanwalt, Kolumnist und Dichter. Erschreibt in englischer Sprache und gilt als einer der bedeutensten zeitgen\u00f6ssischen Lyriker Asiens. Seine Werke erschienen in 50 L\u00f6ndern und zahlreichen \u00dcb ersetzungen. Sein \u00dcb ername ist &#8222;The Lawyer-Poet&#8220;.<\/p>\n","protected":false},"featured_media":23480,"template":"","meta":[],"product_brand":[],"product_cat":[63,176,32,443,434,914],"product_tag":[],"class_list":{"0":"post-16068","1":"product","2":"type-product","3":"status-publish","4":"has-post-thumbnail","6":"product_cat-asien","7":"product_cat-first-edition","8":"product_cat-literatur","9":"product_cat-lyrik","10":"product_cat-widmungsexemplare","11":"product_cat-zvab","13":"first","14":"instock","15":"purchasable","16":"product-type-simple"},"_links":{"self":[{"href":"https:\/\/antiquariat-steinbach.com\/rarebooks\/wp-json\/wp\/v2\/product\/16068","targetHints":{"allow":["GET"]}}],"collection":[{"href":"https:\/\/antiquariat-steinbach.com\/rarebooks\/wp-json\/wp\/v2\/product"}],"about":[{"href":"https:\/\/antiquariat-steinbach.com\/rarebooks\/wp-json\/wp\/v2\/types\/product"}],"version-history":[{"count":2,"href":"https:\/\/antiquariat-steinbach.com\/rarebooks\/wp-json\/wp\/v2\/product\/16068\/revisions"}],"predecessor-version":[{"id":22328,"href":"https:\/\/antiquariat-steinbach.com\/rarebooks\/wp-json\/wp\/v2\/product\/16068\/revisions\/22328"}],"wp:featuredmedia":[{"embeddable":true,"href":"https:\/\/antiquariat-steinbach.com\/rarebooks\/wp-json\/wp\/v2\/media\/23480"}],"wp:attachment":[{"href":"https:\/\/antiquariat-steinbach.com\/rarebooks\/wp-json\/wp\/v2\/media?parent=16068"}],"wp:term":[{"taxonomy":"product_brand","embeddable":true,"href":"https:\/\/antiquariat-steinbach.com\/rarebooks\/wp-json\/wp\/v2\/product_brand?post=16068"},{"taxonomy":"product_cat","embeddable":true,"href":"https:\/\/antiquariat-steinbach.com\/rarebooks\/wp-json\/wp\/v2\/product_cat?post=16068"},{"taxonomy":"product_tag","embeddable":true,"href":"https:\/\/antiquariat-steinbach.com\/rarebooks\/wp-json\/wp\/v2\/product_tag?post=16068"}],"curies":[{"name":"wp","href":"https:\/\/api.w.org\/{rel}","templated":true}]}}