{"id":16066,"date":"2026-03-12T00:26:39","date_gmt":"2026-03-11T23:26:39","guid":{"rendered":"https:\/\/antiquariat-steinbach.com\/rarebooks\/produkt\/widmungsexemplar-oberhuber-oswald-oberhuber-paradiesgarten\/"},"modified":"2026-03-12T00:26:41","modified_gmt":"2026-03-11T23:26:41","slug":"widmungsexemplar-oberhuber-oswald-oberhuber-paradiesgarten","status":"publish","type":"product","link":"https:\/\/antiquariat-steinbach.com\/rarebooks\/produkt\/widmungsexemplar-oberhuber-oswald-oberhuber-paradiesgarten\/","title":{"rendered":"Widmungsexemplar &#8211;   Oberhuber, Oswald. &#8211;  Oberhuber. Paradiesgarten."},"content":{"rendered":"<p>Wien, Galerie n\u00e4chst St. Stephan, 1983.<\/p>\n<p>30 : 22 cm. 3 Blatt, 16 farbige Tafeln. Farbig illustrierter Original Karton.<\/p>\n<p>70,00 EUR<\/p>\n","protected":false},"excerpt":{"rendered":"<p>Auf dem fliegenden Vorsatz mehrzeilige Widmung, datier 29.12.86 &#8222;So ist es wie Du glaubst&#8220; Signatur unleserlich. &#8211; Mit einleitendem Text von Josef Fink. &#8211; OPswald Oberhuber (1931 Meran, S\u00fcdtirol) \u00f6sterreichischer Maler, Bildhauer und Grafiker. 1972 Vertreter \u00d6sterreichs auf der Biennale von Venedig. 1964\/65 k\u00fcnstlerischer Beraer der Galerien\u00e4chst St. Stephan, die er 1973 von Otto Maurer \u00fcbernahm und bis 1978 leitete.<\/p>\n","protected":false},"featured_media":23479,"template":"","meta":[],"product_brand":[],"product_cat":[71,309,317,30,914],"product_tag":[],"class_list":{"0":"post-16066","1":"product","2":"type-product","3":"status-publish","4":"has-post-thumbnail","6":"product_cat-austriaca","7":"product_cat-kataloge-kunst","8":"product_cat-kuenstlergraphik","9":"product_cat-malerei","10":"product_cat-zvab","12":"first","13":"instock","14":"purchasable","15":"product-type-simple"},"_links":{"self":[{"href":"https:\/\/antiquariat-steinbach.com\/rarebooks\/wp-json\/wp\/v2\/product\/16066","targetHints":{"allow":["GET"]}}],"collection":[{"href":"https:\/\/antiquariat-steinbach.com\/rarebooks\/wp-json\/wp\/v2\/product"}],"about":[{"href":"https:\/\/antiquariat-steinbach.com\/rarebooks\/wp-json\/wp\/v2\/types\/product"}],"version-history":[{"count":2,"href":"https:\/\/antiquariat-steinbach.com\/rarebooks\/wp-json\/wp\/v2\/product\/16066\/revisions"}],"predecessor-version":[{"id":22327,"href":"https:\/\/antiquariat-steinbach.com\/rarebooks\/wp-json\/wp\/v2\/product\/16066\/revisions\/22327"}],"wp:featuredmedia":[{"embeddable":true,"href":"https:\/\/antiquariat-steinbach.com\/rarebooks\/wp-json\/wp\/v2\/media\/23479"}],"wp:attachment":[{"href":"https:\/\/antiquariat-steinbach.com\/rarebooks\/wp-json\/wp\/v2\/media?parent=16066"}],"wp:term":[{"taxonomy":"product_brand","embeddable":true,"href":"https:\/\/antiquariat-steinbach.com\/rarebooks\/wp-json\/wp\/v2\/product_brand?post=16066"},{"taxonomy":"product_cat","embeddable":true,"href":"https:\/\/antiquariat-steinbach.com\/rarebooks\/wp-json\/wp\/v2\/product_cat?post=16066"},{"taxonomy":"product_tag","embeddable":true,"href":"https:\/\/antiquariat-steinbach.com\/rarebooks\/wp-json\/wp\/v2\/product_tag?post=16066"}],"curies":[{"name":"wp","href":"https:\/\/api.w.org\/{rel}","templated":true}]}}