{"id":16041,"date":"2026-03-12T00:26:04","date_gmt":"2026-03-11T23:26:04","guid":{"rendered":"https:\/\/antiquariat-steinbach.com\/rarebooks\/produkt\/verlaine-paul-sagesse-manuscrit-remis-en-1880-a-la-societe-de-librairie-catholique-pour-limpression-de-la-premiere-edition\/"},"modified":"2026-03-12T00:26:04","modified_gmt":"2026-03-11T23:26:04","slug":"verlaine-paul-sagesse-manuscrit-remis-en-1880-a-la-societe-de-librairie-catholique-pour-limpression-de-la-premiere-edition","status":"publish","type":"product","link":"https:\/\/antiquariat-steinbach.com\/rarebooks\/produkt\/verlaine-paul-sagesse-manuscrit-remis-en-1880-a-la-societe-de-librairie-catholique-pour-limpression-de-la-premiere-edition\/","title":{"rendered":"Verlaine, Paul. &#8211;  Sagesse. Manuscrit remis, en 1880; \u00e0 la Soci\u00e9t\u00e9 de Librairie catholique, pour l&#8217;impression de la premi\u00e8re \u00e9dition."},"content":{"rendered":"<p>Paris, Messein, 1913.<\/p>\n<p>23,5 : 18 cm. Portrait de Verlaine pour Eug\u00e9ne Carri\u00e8re, 28 pages, 105 leaves.  Contemporary half calf (original wrappers bund in)<\/p>\n<p>120,00 EUR<\/p>\n","protected":false},"excerpt":{"rendered":"<p>Complete facsimile of the manuscript with all the various anotations.<\/p>\n","protected":false},"featured_media":0,"template":"","meta":[],"product_brand":[],"product_cat":[261,143,32,290,914],"product_tag":[],"class_list":{"0":"post-16041","1":"product","2":"type-product","3":"status-publish","5":"product_cat-faksimile","6":"product_cat-francais","7":"product_cat-literatur","8":"product_cat-theolgie","9":"product_cat-zvab","11":"first","12":"instock","13":"purchasable","14":"product-type-simple"},"_links":{"self":[{"href":"https:\/\/antiquariat-steinbach.com\/rarebooks\/wp-json\/wp\/v2\/product\/16041","targetHints":{"allow":["GET"]}}],"collection":[{"href":"https:\/\/antiquariat-steinbach.com\/rarebooks\/wp-json\/wp\/v2\/product"}],"about":[{"href":"https:\/\/antiquariat-steinbach.com\/rarebooks\/wp-json\/wp\/v2\/types\/product"}],"version-history":[{"count":2,"href":"https:\/\/antiquariat-steinbach.com\/rarebooks\/wp-json\/wp\/v2\/product\/16041\/revisions"}],"predecessor-version":[{"id":22131,"href":"https:\/\/antiquariat-steinbach.com\/rarebooks\/wp-json\/wp\/v2\/product\/16041\/revisions\/22131"}],"wp:attachment":[{"href":"https:\/\/antiquariat-steinbach.com\/rarebooks\/wp-json\/wp\/v2\/media?parent=16041"}],"wp:term":[{"taxonomy":"product_brand","embeddable":true,"href":"https:\/\/antiquariat-steinbach.com\/rarebooks\/wp-json\/wp\/v2\/product_brand?post=16041"},{"taxonomy":"product_cat","embeddable":true,"href":"https:\/\/antiquariat-steinbach.com\/rarebooks\/wp-json\/wp\/v2\/product_cat?post=16041"},{"taxonomy":"product_tag","embeddable":true,"href":"https:\/\/antiquariat-steinbach.com\/rarebooks\/wp-json\/wp\/v2\/product_tag?post=16041"}],"curies":[{"name":"wp","href":"https:\/\/api.w.org\/{rel}","templated":true}]}}