{"id":16039,"date":"2026-03-12T00:26:02","date_gmt":"2026-03-11T23:26:02","guid":{"rendered":"https:\/\/antiquariat-steinbach.com\/rarebooks\/produkt\/verkaufsordnung-fuer-den-verkehr-des-deutschen-buchhandels-mit-dem-publikum\/"},"modified":"2026-03-12T00:26:04","modified_gmt":"2026-03-11T23:26:04","slug":"verkaufsordnung-fuer-den-verkehr-des-deutschen-buchhandels-mit-dem-publikum","status":"publish","type":"product","link":"https:\/\/antiquariat-steinbach.com\/rarebooks\/produkt\/verkaufsordnung-fuer-den-verkehr-des-deutschen-buchhandels-mit-dem-publikum\/","title":{"rendered":"Verkaufsordnung f\u00fcr den Verkehr des Deutschen Buchhandels mit dem Publikum."},"content":{"rendered":"<p>Leipzig, B\u00f6rsenverein, 1919.<\/p>\n<p>22 : 14,5 cm. 40 Seiten m Original Broschur.<\/p>\n<p>15,00 EUR<\/p>\n","protected":false},"excerpt":{"rendered":"<p>Beiliegt: Die Verkaufsordnung f\u00fcr Auslandslieferungen. (Sonderdruck aus dem B\u00f6rsenblatt Nr. 165 27. Jul\u00f6i 1920. &#8211; Umschlag mit Namenszug.<\/p>\n","protected":false},"featured_media":18230,"template":"","meta":[],"product_brand":[],"product_cat":[702,74,914],"product_tag":[],"class_list":{"0":"post-16039","1":"product","2":"type-product","3":"status-publish","4":"has-post-thumbnail","6":"product_cat-buchhandel","7":"product_cat-deutschland","8":"product_cat-zvab","10":"first","11":"instock","12":"purchasable","13":"product-type-simple"},"_links":{"self":[{"href":"https:\/\/antiquariat-steinbach.com\/rarebooks\/wp-json\/wp\/v2\/product\/16039","targetHints":{"allow":["GET"]}}],"collection":[{"href":"https:\/\/antiquariat-steinbach.com\/rarebooks\/wp-json\/wp\/v2\/product"}],"about":[{"href":"https:\/\/antiquariat-steinbach.com\/rarebooks\/wp-json\/wp\/v2\/types\/product"}],"version-history":[{"count":1,"href":"https:\/\/antiquariat-steinbach.com\/rarebooks\/wp-json\/wp\/v2\/product\/16039\/revisions"}],"predecessor-version":[{"id":16040,"href":"https:\/\/antiquariat-steinbach.com\/rarebooks\/wp-json\/wp\/v2\/product\/16039\/revisions\/16040"}],"wp:featuredmedia":[{"embeddable":true,"href":"https:\/\/antiquariat-steinbach.com\/rarebooks\/wp-json\/wp\/v2\/media\/18230"}],"wp:attachment":[{"href":"https:\/\/antiquariat-steinbach.com\/rarebooks\/wp-json\/wp\/v2\/media?parent=16039"}],"wp:term":[{"taxonomy":"product_brand","embeddable":true,"href":"https:\/\/antiquariat-steinbach.com\/rarebooks\/wp-json\/wp\/v2\/product_brand?post=16039"},{"taxonomy":"product_cat","embeddable":true,"href":"https:\/\/antiquariat-steinbach.com\/rarebooks\/wp-json\/wp\/v2\/product_cat?post=16039"},{"taxonomy":"product_tag","embeddable":true,"href":"https:\/\/antiquariat-steinbach.com\/rarebooks\/wp-json\/wp\/v2\/product_tag?post=16039"}],"curies":[{"name":"wp","href":"https:\/\/api.w.org\/{rel}","templated":true}]}}