{"id":16021,"date":"2026-03-12T00:24:39","date_gmt":"2026-03-11T23:24:39","guid":{"rendered":"https:\/\/antiquariat-steinbach.com\/rarebooks\/produkt\/thoeny-wuerthle-galerie-thoeny-bilder-aquarelle-zeichnungen-ausstellung-13-mai-bis-15-juni-1971-galerie-wuerthle-wien-1-weihburggasse-9\/"},"modified":"2026-03-12T00:24:40","modified_gmt":"2026-03-11T23:24:40","slug":"thoeny-wuerthle-galerie-thoeny-bilder-aquarelle-zeichnungen-ausstellung-13-mai-bis-15-juni-1971-galerie-wuerthle-wien-1-weihburggasse-9","status":"publish","type":"product","link":"https:\/\/antiquariat-steinbach.com\/rarebooks\/produkt\/thoeny-wuerthle-galerie-thoeny-bilder-aquarelle-zeichnungen-ausstellung-13-mai-bis-15-juni-1971-galerie-wuerthle-wien-1-weihburggasse-9\/","title":{"rendered":"Th\u00f6ny &#8211;   W\u00fcrthle, Galerie. &#8211;  Th\u00f6ny. Bilder, Aquarelle, Zeichnungen. Ausstellung 13. Mai bis 15. Juni 1971. Galerie W\u00fcrthle, Wien 1, Weihburggasse  9."},"content":{"rendered":"<p>Wien, W\u00fcrthle, 1971.<\/p>\n<p>96 : 53 cm. Farbiges Plakat.<\/p>\n<p>160,00 EUR<\/p>\n","protected":false},"excerpt":{"rendered":"<p>Gro\u00dfformatiges Plakat einer der letzten gro\u00dfen Ausstellungen der renommierte Wiener Galerie W\u00fcrthle. Das Plakat zeigt Impressionen aus New York im oberen und unteren Teils des Plakates, in der Mitte die Beschriftung.<\/p>\n","protected":false},"featured_media":18149,"template":"","meta":[],"product_brand":[],"product_cat":[29,30,88,90,154,914],"product_tag":[],"class_list":{"0":"post-16021","1":"product","2":"type-product","3":"status-publish","4":"has-post-thumbnail","6":"product_cat-20-jahrhundert","7":"product_cat-malerei","8":"product_cat-plakate","9":"product_cat-viennensia","10":"product_cat-zeichnungen","11":"product_cat-zvab","13":"first","14":"instock","15":"purchasable","16":"product-type-simple"},"_links":{"self":[{"href":"https:\/\/antiquariat-steinbach.com\/rarebooks\/wp-json\/wp\/v2\/product\/16021","targetHints":{"allow":["GET"]}}],"collection":[{"href":"https:\/\/antiquariat-steinbach.com\/rarebooks\/wp-json\/wp\/v2\/product"}],"about":[{"href":"https:\/\/antiquariat-steinbach.com\/rarebooks\/wp-json\/wp\/v2\/types\/product"}],"version-history":[{"count":2,"href":"https:\/\/antiquariat-steinbach.com\/rarebooks\/wp-json\/wp\/v2\/product\/16021\/revisions"}],"predecessor-version":[{"id":22000,"href":"https:\/\/antiquariat-steinbach.com\/rarebooks\/wp-json\/wp\/v2\/product\/16021\/revisions\/22000"}],"wp:featuredmedia":[{"embeddable":true,"href":"https:\/\/antiquariat-steinbach.com\/rarebooks\/wp-json\/wp\/v2\/media\/18149"}],"wp:attachment":[{"href":"https:\/\/antiquariat-steinbach.com\/rarebooks\/wp-json\/wp\/v2\/media?parent=16021"}],"wp:term":[{"taxonomy":"product_brand","embeddable":true,"href":"https:\/\/antiquariat-steinbach.com\/rarebooks\/wp-json\/wp\/v2\/product_brand?post=16021"},{"taxonomy":"product_cat","embeddable":true,"href":"https:\/\/antiquariat-steinbach.com\/rarebooks\/wp-json\/wp\/v2\/product_cat?post=16021"},{"taxonomy":"product_tag","embeddable":true,"href":"https:\/\/antiquariat-steinbach.com\/rarebooks\/wp-json\/wp\/v2\/product_tag?post=16021"}],"curies":[{"name":"wp","href":"https:\/\/api.w.org\/{rel}","templated":true}]}}