{"id":15991,"date":"2026-03-12T00:22:41","date_gmt":"2026-03-11T23:22:41","guid":{"rendered":"https:\/\/antiquariat-steinbach.com\/rarebooks\/produkt\/seebacher-galerie-ausstellungsplakat-kuenstler-um-die-galerie-naechst-st-stephan-1969\/"},"modified":"2026-03-12T00:22:42","modified_gmt":"2026-03-11T23:22:42","slug":"seebacher-galerie-ausstellungsplakat-kuenstler-um-die-galerie-naechst-st-stephan-1969","status":"publish","type":"product","link":"https:\/\/antiquariat-steinbach.com\/rarebooks\/produkt\/seebacher-galerie-ausstellungsplakat-kuenstler-um-die-galerie-naechst-st-stephan-1969\/","title":{"rendered":"Seebacher, Galerie. &#8211;  Ausstellungsplakat &#8218;K\u00fcnstler um die Galerie n\u00e4chst St. Stephan&#8216; 1969."},"content":{"rendered":"<p>N\u00fcziders, Galerie Seebacher, 1969.<\/p>\n<p>58,2 : 45 cm. Farbiges Plakat.<\/p>\n<p>80,00 EUR<\/p>\n","protected":false},"excerpt":{"rendered":"<p>Fotomontage; Objekte, Kunstwerke, Ausschnitte aus einem Innenraum, rote Schrift im oberen Rand mit Tiel, Adresse und Logo der Galerie Seebacher. Ausstellung vom 18.10 bis 22.12.1969.<\/p>\n","protected":false},"featured_media":17577,"template":"","meta":[],"product_brand":[],"product_cat":[29,71,317,88,914],"product_tag":[],"class_list":{"0":"post-15991","1":"product","2":"type-product","3":"status-publish","4":"has-post-thumbnail","6":"product_cat-20-jahrhundert","7":"product_cat-austriaca","8":"product_cat-kuenstlergraphik","9":"product_cat-plakate","10":"product_cat-zvab","12":"first","13":"instock","14":"purchasable","15":"product-type-simple"},"_links":{"self":[{"href":"https:\/\/antiquariat-steinbach.com\/rarebooks\/wp-json\/wp\/v2\/product\/15991","targetHints":{"allow":["GET"]}}],"collection":[{"href":"https:\/\/antiquariat-steinbach.com\/rarebooks\/wp-json\/wp\/v2\/product"}],"about":[{"href":"https:\/\/antiquariat-steinbach.com\/rarebooks\/wp-json\/wp\/v2\/types\/product"}],"version-history":[{"count":2,"href":"https:\/\/antiquariat-steinbach.com\/rarebooks\/wp-json\/wp\/v2\/product\/15991\/revisions"}],"predecessor-version":[{"id":21732,"href":"https:\/\/antiquariat-steinbach.com\/rarebooks\/wp-json\/wp\/v2\/product\/15991\/revisions\/21732"}],"wp:featuredmedia":[{"embeddable":true,"href":"https:\/\/antiquariat-steinbach.com\/rarebooks\/wp-json\/wp\/v2\/media\/17577"}],"wp:attachment":[{"href":"https:\/\/antiquariat-steinbach.com\/rarebooks\/wp-json\/wp\/v2\/media?parent=15991"}],"wp:term":[{"taxonomy":"product_brand","embeddable":true,"href":"https:\/\/antiquariat-steinbach.com\/rarebooks\/wp-json\/wp\/v2\/product_brand?post=15991"},{"taxonomy":"product_cat","embeddable":true,"href":"https:\/\/antiquariat-steinbach.com\/rarebooks\/wp-json\/wp\/v2\/product_cat?post=15991"},{"taxonomy":"product_tag","embeddable":true,"href":"https:\/\/antiquariat-steinbach.com\/rarebooks\/wp-json\/wp\/v2\/product_tag?post=15991"}],"curies":[{"name":"wp","href":"https:\/\/api.w.org\/{rel}","templated":true}]}}