{"id":15819,"date":"2026-03-12T00:20:15","date_gmt":"2026-03-11T23:20:15","guid":{"rendered":"https:\/\/antiquariat-steinbach.com\/rarebooks\/produkt\/redensarten-keller-paula-16-redensarten\/"},"modified":"2026-03-12T00:20:17","modified_gmt":"2026-03-11T23:20:17","slug":"redensarten-keller-paula-16-redensarten","status":"publish","type":"product","link":"https:\/\/antiquariat-steinbach.com\/rarebooks\/produkt\/redensarten-keller-paula-16-redensarten\/","title":{"rendered":"Redensarten &#8211;   Keller, Paula. &#8211;  16 Redensarten."},"content":{"rendered":"<p>Wien. o.J. ca. 1955.<\/p>\n<p>16 : 22 cm. 16 teils farbige Original Federzeichnungen mit montiertem Text.<\/p>\n<p>320,00 EUR<\/p>\n","protected":false},"excerpt":{"rendered":"<p>\u00c4u\u00dferst am\u00fcsante Darstellungen zu verschiedenen Redensarten wie &#8218;Auf die lange Bank schieben&#8216;, &#8218;Sie ist auf den Hund gekommen&#8216;, &#8218;Jemanden etwas in die Scuhe schieben&#8216; usw. &#8211; Paula Keller (1912-1983) studierte an der Graphischen unter Puchinger, Cossmann und Larisch, an der Wiener Akademie der bildenden K\u00fcnste unter Dobrowsky, 1936-1945 arbeitete sie f\u00fcr den Ullstein-Verlag in Berlin, 1948 ging sie f\u00fcr 4 Jahre in die Schweiz nach Luzern zu einem Modehaus und ab 1954 war sie wieder in Wien, wo sie f\u00fcr verschiedene Zeitschriften arbeitet, f\u00fcr Film und Fernsehen, aber auch f\u00fcr ihre eigenen Kunden. Sie war eine Allroundlerin. &#8211; Beiliegt: jeweils eine montierte Photographie der Zeichnungen.<\/p>\n","protected":false},"featured_media":23765,"template":"","meta":[],"product_brand":[],"product_cat":[29,123,236,154,914],"product_tag":[],"class_list":{"0":"post-15819","1":"product","2":"type-product","3":"status-publish","4":"has-post-thumbnail","6":"product_cat-20-jahrhundert","7":"product_cat-karikatur","8":"product_cat-sprachen","9":"product_cat-zeichnungen","10":"product_cat-zvab","12":"first","13":"instock","14":"purchasable","15":"product-type-simple"},"_links":{"self":[{"href":"https:\/\/antiquariat-steinbach.com\/rarebooks\/wp-json\/wp\/v2\/product\/15819","targetHints":{"allow":["GET"]}}],"collection":[{"href":"https:\/\/antiquariat-steinbach.com\/rarebooks\/wp-json\/wp\/v2\/product"}],"about":[{"href":"https:\/\/antiquariat-steinbach.com\/rarebooks\/wp-json\/wp\/v2\/types\/product"}],"version-history":[{"count":2,"href":"https:\/\/antiquariat-steinbach.com\/rarebooks\/wp-json\/wp\/v2\/product\/15819\/revisions"}],"predecessor-version":[{"id":21308,"href":"https:\/\/antiquariat-steinbach.com\/rarebooks\/wp-json\/wp\/v2\/product\/15819\/revisions\/21308"}],"wp:featuredmedia":[{"embeddable":true,"href":"https:\/\/antiquariat-steinbach.com\/rarebooks\/wp-json\/wp\/v2\/media\/23765"}],"wp:attachment":[{"href":"https:\/\/antiquariat-steinbach.com\/rarebooks\/wp-json\/wp\/v2\/media?parent=15819"}],"wp:term":[{"taxonomy":"product_brand","embeddable":true,"href":"https:\/\/antiquariat-steinbach.com\/rarebooks\/wp-json\/wp\/v2\/product_brand?post=15819"},{"taxonomy":"product_cat","embeddable":true,"href":"https:\/\/antiquariat-steinbach.com\/rarebooks\/wp-json\/wp\/v2\/product_cat?post=15819"},{"taxonomy":"product_tag","embeddable":true,"href":"https:\/\/antiquariat-steinbach.com\/rarebooks\/wp-json\/wp\/v2\/product_tag?post=15819"}],"curies":[{"name":"wp","href":"https:\/\/api.w.org\/{rel}","templated":true}]}}