{"id":15813,"date":"2026-03-12T00:20:21","date_gmt":"2026-03-11T23:20:21","guid":{"rendered":"https:\/\/antiquariat-steinbach.com\/rarebooks\/produkt\/raynal-g-t-f-philosophische-beschreibung-des-handels-und-der-besitzungen-der-europaeer-in-asien-und-afrika-eingerichtet-von-p\/"},"modified":"2026-03-12T00:20:22","modified_gmt":"2026-03-11T23:20:22","slug":"reisen-afrika-raynal-g-t-f-philosophische-beschreibung-des-handels-und-der-besitzungen-der-europaeer-in-asien-und-afrika-eingerichtet-von-p","status":"publish","type":"product","link":"https:\/\/antiquariat-steinbach.com\/rarebooks\/produkt\/reisen-afrika-raynal-g-t-f-philosophische-beschreibung-des-handels-und-der-besitzungen-der-europaeer-in-asien-und-afrika-eingerichtet-von-p\/","title":{"rendered":"Reisen &#8211; Afrika &#8211;   Raynal, (G.T.F.): &#8211;  Philosophische Beschreibung des Handels, und der Besitzungen der Europ\u00e4er in Asien und Afrika&#8230;eingerichtet von P."},"content":{"rendered":"<p>Stra\u00dfburg, Verlag der akademischen Buchhandlung 1788.<\/p>\n<p>2. unver\u00e4nderte Ausgabe. Band 2 (von 2). 17 : 10,5 cm. Titel, 347 Seiten, 7 Blatt Register Pappband der Zeit mit R\u00fcckenschild.<\/p>\n<p>90,00 EUR<\/p>\n","protected":false},"excerpt":{"rendered":"<p>Der hier vorliegende zweite Band beschreibt Afrika, samt den Kanarischen Inseln und Madeira. Interessante, teils ausf\u00fchrliche Schilderungen von Land und Leuten, Sitten und Gebr\u00e4uchen. Am Schlu\u00df des Bandes wird auf mehreren Seiten der Frieden zwischen Frankreich und England vom 20. Januar 1783 beschrieben. &#8211; Vereinzelt etwas stockfleckig; Einband berieben, R\u00fccken mit kleinen Fehlstellen.<\/p>\n","protected":false},"featured_media":27499,"template":"","meta":[],"product_brand":[],"product_cat":[65,187,91,914],"product_tag":[],"class_list":{"0":"post-15813","1":"product","2":"type-product","3":"status-publish","4":"has-post-thumbnail","6":"product_cat-geographie","7":"product_cat-philosophie","8":"product_cat-wirtschaft","9":"product_cat-zvab","11":"first","12":"instock","13":"purchasable","14":"product-type-simple"},"_links":{"self":[{"href":"https:\/\/antiquariat-steinbach.com\/rarebooks\/wp-json\/wp\/v2\/product\/15813","targetHints":{"allow":["GET"]}}],"collection":[{"href":"https:\/\/antiquariat-steinbach.com\/rarebooks\/wp-json\/wp\/v2\/product"}],"about":[{"href":"https:\/\/antiquariat-steinbach.com\/rarebooks\/wp-json\/wp\/v2\/types\/product"}],"version-history":[{"count":3,"href":"https:\/\/antiquariat-steinbach.com\/rarebooks\/wp-json\/wp\/v2\/product\/15813\/revisions"}],"predecessor-version":[{"id":28790,"href":"https:\/\/antiquariat-steinbach.com\/rarebooks\/wp-json\/wp\/v2\/product\/15813\/revisions\/28790"}],"wp:featuredmedia":[{"embeddable":true,"href":"https:\/\/antiquariat-steinbach.com\/rarebooks\/wp-json\/wp\/v2\/media\/27499"}],"wp:attachment":[{"href":"https:\/\/antiquariat-steinbach.com\/rarebooks\/wp-json\/wp\/v2\/media?parent=15813"}],"wp:term":[{"taxonomy":"product_brand","embeddable":true,"href":"https:\/\/antiquariat-steinbach.com\/rarebooks\/wp-json\/wp\/v2\/product_brand?post=15813"},{"taxonomy":"product_cat","embeddable":true,"href":"https:\/\/antiquariat-steinbach.com\/rarebooks\/wp-json\/wp\/v2\/product_cat?post=15813"},{"taxonomy":"product_tag","embeddable":true,"href":"https:\/\/antiquariat-steinbach.com\/rarebooks\/wp-json\/wp\/v2\/product_tag?post=15813"}],"curies":[{"name":"wp","href":"https:\/\/api.w.org\/{rel}","templated":true}]}}